{"id":1001,"date":"2020-09-28T12:50:04","date_gmt":"2020-09-28T10:50:04","guid":{"rendered":"https:\/\/www.optistar.es\/?page_id=1001"},"modified":"2021-02-16T19:36:44","modified_gmt":"2021-02-16T18:36:44","slug":"opciones-de-pago","status":"publish","type":"page","link":"https:\/\/www.optistar.es\/en\/opciones-de-pago\/","title":{"rendered":"Opciones de pago"},"content":{"rendered":"<b><h1>FORMAS DE PAGO<\/h1><\/b>\nOptistar es el canal online de la mayor red de \u00f3pticas, y para poder crearlo ha sido necesario unificar todos los cat\u00e1logos disponibles en las \u00f3pticas creando uno \u00fanico, con un plan promocional y canal log\u00edstico propios, por lo que existir\u00e1n inevitablemente discrepancias de precios entre la \u00f3ptica y Optistar. Cada canal tiene su propio sistema de almacenaje y distribuci\u00f3n. Esto significa, por lo tanto, que ni el personal de las \u00f3pticas ni el del e-commerce, podr\u00e1n igualar las posibles condiciones m\u00e1s ventajosas del otro canal. No obstante, siempre intentaremos ofrecer la mejor opci\u00f3n de producto y servicios asociados a trav\u00e9s de ambos canales.\n<br>\nTodos los precios publicados en el Sitio Web, salvo indicaci\u00f3n expresa en contra, llevan incluido el IVA correspondiente.\n<br>\nEl Usuario debe pagar sus compras mediante tarjeta de cr\u00e9dito o d\u00e9bito VISA, VISA Electron y Mastercard.\n<br>\nDatos del prestador de servicios de pago:\n<br>\nLos pagos mediante tarjetas VISA, VISA Electron y MasterCard ser\u00e1n procesados por Redsys y La Caixa.\n<br>\nAutorizaci\u00f3n y orden de las operaciones de pago:\n<br>\nEl usuario presta su consentimiento y autorizaci\u00f3n para que La Caixa ejecute las operaciones de pago derivadas de la relaci\u00f3n contractual entre Optistar y el Usuario. Dicha autorizaci\u00f3n se concede en el momento en que el Usuario acepta las condiciones de contrataci\u00f3n de Optistar.\n<br>\nTras la ejecuci\u00f3n de la operaci\u00f3n de pago, el Usuario recibir\u00e1 una \u201cCarta de Pago\u201d en la que figurar\u00e1n los siguientes datos:\n<br>\n&#8211; Importe. Las operaciones de pago ser\u00e1n ejecutadas en euros (\u20ac) y siempre ser\u00e1 \u00e9sta la moneda en la que se exprese el importe de la operaci\u00f3n.\n<br>\n&#8211; Beneficiario de la operaci\u00f3n (Optistar)\n<br>\n&#8211; Fecha de la operaci\u00f3n\n<br>\n&#8211; N\u00famero de referencia para la identificaci\u00f3n de la operaci\u00f3n.\n<br>\nEl momento de la recepci\u00f3n de la orden de pago ser\u00e1 aquel en que la misma es recibida por La Caixa del ordenante, con independencia de que haya sido transmitida directamente por el Usuario ordenante o indirectamente a trav\u00e9s del beneficiario (Optistar).\n<br>\nLa operaci\u00f3n se inicia en el momento en que se env\u00edan los datos de la tarjeta a trav\u00e9s del formulario habilitado en la web de Optistar.\n<br>\nGastos de ejecuci\u00f3n de las operaciones de pago:\n<br>\nLos cargos y abonos generados por las distintas operaciones de pago, as\u00ed como los intereses, comisiones y gastos que puedan derivarse del servicio.\n<br>\nEl Usuario del servicio de pago no abonar\u00e1 ning\u00fan gasto ni soportar\u00e1 ninguna comisi\u00f3n generada por las distintas operaciones de pago ejecutadas.\n<br>\nOptistar retroceder\u00e1 sin coste ni perjuicio alguno para el usuario las operaciones que sean objeto de reclamaci\u00f3n por parte del titular de la tarjeta o de la entidad emisora de la misma cuando se den los siguientes casos:\n<br>\n\u2022 El titular de la tarjeta haya rescindido la compra dentro del plazo de SIETE (7) D\u00cdAS h\u00e1biles posteriores a la recepci\u00f3n del producto o en cualquier otro supuesto de los contemplados en el art\u00edculo 4 del Real Decreto 1906\/1999, de 17 de diciembre por el que se regula la contrataci\u00f3n electr\u00f3nica o telef\u00f3nica con condiciones generales en desarrollo del art\u00edculo 5.3 de la Ley 7\/1998, de 13 de Abril, de condiciones generales de contrataci\u00f3n.\n<br>\n\u2022 El titular de la tarjeta manifieste no haber recibido el producto o servicio de acuerdo con los t\u00e9rminos y condiciones de la compra.\n<br>\n\u2022 El titular de la tarjeta declare no haber realizado la operaci\u00f3n o no haber autorizado el pago con su tarjeta.\n<br>\n\u2022 El titular de la tarjeta manifieste no haber sido informado de forma clara y expl\u00edcita de que la transacci\u00f3n comportaba una serie de pagos recurrentes o peri\u00f3dicos posteriores al momento de la compra, o que hab\u00eda cursado orden de cancelaci\u00f3n de este tipo de pagos.\n<br>\n<button class=\"timify-button\" data-account-id=\"5f58bcb99d3fd111af93bfcd\">MAKE AN APPOINTMENT<\/button>","protected":false},"excerpt":{"rendered":"<p>FORMAS DE PAGO Optistar es el canal online de la mayor red de \u00f3pticas, y para poder crearlo ha sido necesario unificar todos los cat\u00e1logos disponibles en las \u00f3pticas creando uno \u00fanico, con un plan promocional y canal log\u00edstico propios, por lo que existir\u00e1n inevitablemente discrepancias de precios entre la \u00f3ptica y Optistar. Cada canal&hellip;&nbsp;<a href=\"https:\/\/www.optistar.es\/en\/opciones-de-pago\/\" rel=\"bookmark\">Read More &raquo;<span class=\"screen-reader-text\">Opciones de pago<\/span><\/a><\/p>","protected":false},"author":1,"featured_media":0,"parent":0,"menu_order":0,"comment_status":"closed","ping_status":"closed","template":"","meta":{"neve_meta_sidebar":"","neve_meta_container":"","neve_meta_enable_content_width":"","neve_meta_content_width":0,"neve_meta_title_alignment":"","neve_meta_author_avatar":"","neve_post_elements_order":"","neve_meta_disable_header":"","neve_meta_disable_footer":"","neve_meta_disable_title":"","_themeisle_gutenberg_block_has_review":false,"_joinchat":[],"footnotes":""},"class_list":["post-1001","page","type-page","status-publish","hentry"],"_links":{"self":[{"href":"https:\/\/www.optistar.es\/en\/wp-json\/wp\/v2\/pages\/1001","targetHints":{"allow":["GET"]}}],"collection":[{"href":"https:\/\/www.optistar.es\/en\/wp-json\/wp\/v2\/pages"}],"about":[{"href":"https:\/\/www.optistar.es\/en\/wp-json\/wp\/v2\/types\/page"}],"author":[{"embeddable":true,"href":"https:\/\/www.optistar.es\/en\/wp-json\/wp\/v2\/users\/1"}],"replies":[{"embeddable":true,"href":"https:\/\/www.optistar.es\/en\/wp-json\/wp\/v2\/comments?post=1001"}],"version-history":[{"count":3,"href":"https:\/\/www.optistar.es\/en\/wp-json\/wp\/v2\/pages\/1001\/revisions"}],"predecessor-version":[{"id":2216,"href":"https:\/\/www.optistar.es\/en\/wp-json\/wp\/v2\/pages\/1001\/revisions\/2216"}],"wp:attachment":[{"href":"https:\/\/www.optistar.es\/en\/wp-json\/wp\/v2\/media?parent=1001"}],"curies":[{"name":"wp","href":"https:\/\/api.w.org\/{rel}","templated":true}]}}