{"id":104,"date":"2019-08-29T11:01:31","date_gmt":"2019-08-29T11:01:31","guid":{"rendered":"https:\/\/demo.themeisle.com\/neve-shop-bb\/?page_id=104"},"modified":"2023-03-28T10:40:52","modified_gmt":"2023-03-28T08:40:52","slug":"5489b-neve-shop-bb-about","status":"publish","type":"page","link":"https:\/\/www.optistar.es\/en\/5489b-neve-shop-bb-about\/","title":{"rendered":"About"},"content":{"rendered":"<h2>About us<\/h2>\n\t<blockquote>\n<p>OPTISTAR C.O. is an optician located in the district of Los Fresnos in Torrejon de Ardoz, Madrid, with more than 15 years of experience and 24 years of continuous training.<\/p>\n<p><em>Our providers are internationally recognized and our philosophy is personalized attention and patient care, <\/em><em>Antonio and Eva will attend to you with their utmost kindness.<\/em><\/p>\n<\/blockquote>\n\t<p>We offer you the best quality of customer service<\/p>\n\t<p><div class=\"nv-iframe-embed\"><iframe loading=\"lazy\" title=\"OPTISTAR C.O &amp; EASYSCAN\" width=\"1200\" height=\"675\" src=\"https:\/\/www.youtube.com\/embed\/6zlO_hihi5Y?feature=oembed\" frameborder=\"0\" allow=\"accelerometer; autoplay; clipboard-write; encrypted-media; gyroscope; picture-in-picture; web-share\" allowfullscreen><\/iframe><\/div><\/p>\n\t<p><strong>We are experts in the following services<\/strong><\/p>\n<ul>\n<li><img loading=\"lazy\" decoding=\"async\" src=\"https:\/\/www.optistar.es\/wp-content\/uploads\/2020\/06\/eye-3-512-300x300.png\" alt=\"\" width=\"15\" height=\"15\" \/> Optometric graduations including tonometry, fundus with the latest SLO laser technology.<\/li>\n<li><img loading=\"lazy\" decoding=\"async\" src=\"https:\/\/www.optistar.es\/wp-content\/uploads\/2020\/06\/eye-3-512-300x300.png\" alt=\"\" width=\"15\" height=\"15\" \/> Adaptation of lenses according to the patient's needs.<\/li>\n<li><img loading=\"lazy\" decoding=\"async\" src=\"https:\/\/www.optistar.es\/wp-content\/uploads\/2020\/06\/eye-3-512-300x300.png\" alt=\"\" width=\"15\" height=\"15\" \/> Treatment and control of myopia.<\/li>\n<li><img loading=\"lazy\" decoding=\"async\" src=\"https:\/\/www.optistar.es\/wp-content\/uploads\/2020\/06\/eye-3-512-300x300.png\" alt=\"\" width=\"15\" height=\"15\" \/> Ophthalmological consultation with telemedicine.<\/li>\n<li><img loading=\"lazy\" decoding=\"async\" src=\"https:\/\/www.optistar.es\/wp-content\/uploads\/2020\/06\/eye-3-512-300x300.png\" alt=\"\" width=\"15\" height=\"15\" \/> We select the best frames and apply them to your physiognomy.<\/li>\n<li><img loading=\"lazy\" decoding=\"async\" src=\"https:\/\/www.optistar.es\/wp-content\/uploads\/2020\/06\/eye-3-512-300x300.png\" alt=\"\" width=\"15\" height=\"15\" \/> Specialists in progressive lenses TODAY.<\/li>\n\n<\/ul>\n<p><strong>Choose the product you need from the wide range we offer<\/strong><\/p>\n<ul>\n<li><img loading=\"lazy\" decoding=\"async\" src=\"https:\/\/www.optistar.es\/wp-content\/uploads\/2020\/06\/eye-3-512-300x300.png\" alt=\"\" width=\"15\" height=\"15\" \/> Eyeglass frames with the best quality\/price ratio.<\/li>\n<li><img loading=\"lazy\" decoding=\"async\" src=\"https:\/\/www.optistar.es\/wp-content\/uploads\/2020\/06\/eye-3-512-300x300.png\" alt=\"\" width=\"15\" height=\"15\" \/> Sunglasses with the latest fashion trends.<\/li>\n<li><img loading=\"lazy\" decoding=\"async\" src=\"https:\/\/www.optistar.es\/wp-content\/uploads\/2020\/06\/eye-3-512-300x300.png\" alt=\"\" width=\"15\" height=\"15\" \/> Contact lenses: semi-rigid, soft, hydrophilic, disposable, therapeutic, among others.<\/li>\n<li><img loading=\"lazy\" decoding=\"async\" src=\"https:\/\/www.optistar.es\/wp-content\/uploads\/2020\/06\/eye-3-512-300x300.png\" alt=\"\" width=\"15\" height=\"15\" \/> Maintenance liquids for contact lenses.<\/li>\n<li><img loading=\"lazy\" decoding=\"async\" src=\"https:\/\/www.optistar.es\/wp-content\/uploads\/2020\/06\/eye-3-512-300x300.png\" alt=\"\" width=\"15\" height=\"15\" \/> Ophthalmic lenses from leading laboratories.<\/li>\n<\/ul>\n\t<p>With the best professionals<\/p>\n\t<p><img loading=\"lazy\" decoding=\"async\" src=\"https:\/\/www.optistar.es\/wp-content\/uploads\/2020\/06\/1-300x225.jpg\" alt=\"\" width=\"300\" height=\"225\" \/><\/p>\n<blockquote>\n<p><em>Antonio Fern\u00e1ndez Aguilera<\/em><\/p>\n<\/blockquote>\n<p><em> N\u00ba de colegiado 9150 promoci\u00f3n 1991-1994<\/em><\/p>\n<p><em>Especialista Universitario en Patolog\u00eda Ocular. Optometr\u00eda Geri\u00e1trica, Baja Visi\u00f3n y Rehabilitaci\u00f3n Visual. Promoci\u00f3n 2020-21 . UDIMA<\/em><\/p>\n<p>Professional in the field with many years of experience, in addition to offering webinars and continuing education.<\/p>\n\t<span class=\"collapseomatic\" id=\"id6a026dfa5870a\"  tabindex=\"0\" title=\"M\u00e1s informaci\u00f3n\"    >M\u00e1s informaci\u00f3n<\/span><div id=\"target-id6a026dfa5870a\" class=\"collapseomatic_content\">   \n<ul>\n    <li>\u2022 I Jornadas sobre promoci\u00f3n y prevenci\u00f3n de la visi\u00f3n en el marco del convenio de la Comunidad de Madrid, Hospital Universitario Infanta Leonor 2009<\/li>\n    <li>\u2022 Promoci\u00f3n y prevenci\u00f3n de la visi\u00f3n Servicio madrile\u00f1o de salud 2010 hospital Jim\u00e9nez D\u00edaz.<\/li>\n    <li>\u2022 Programa de tele optometr\u00eda veinte10. 2011Centro de formaci\u00f3n Veinte Veinte.<\/li>\n    <li>\u2022 Promoci\u00f3n y prevenci\u00f3n de la visi\u00f3n Servicio madrile\u00f1o de salud  2012. Hospital Jim\u00e9nez D\u00edaz<\/li>\n    <li>\u2022 V Jornada de optometr\u00eda cl\u00ednica hospitalaria 2012\/ 2018 Hospital Infanta Leonor<\/li>\n    <li>\u2022 OCT interpretaci\u00f3n de im\u00e1genes de patolog\u00eda retiniana 2014. Oftalmolog\u00eda Orduna<\/li>\n    <li>\u2022 Curso de interpretaci\u00f3n retinograf\u00eda de im\u00e1genes de polo posterior m\u00f3dulo 1.2.3. 2017 Oftalmolog\u00eda Orduna<\/li>\n    <li>\u2022 II Jornada de optometr\u00eda en sanidad p\u00fablica. Hospital Universitario del Henares.2019<\/li>\n<\/ul><br \/>\n                    <p><b>FORMACI\u00d3N CONTINUADA<\/b><\/p>\n<ul>\n    <li>\u2022 Farmacolog\u00eda en la consulta del \u00f3ptico optometrista.  2010<\/li>\n    <li>\u2022 Lentes de contacto esclerales adaptaci\u00f3n y casos cl\u00ednicos  2018\/2020<\/li>\n    <li>\u2022 Casos en retina para \u00f3pticos optometristas 2019 <\/li>\n    <li>\u2022 Segundo premio fotograf\u00eda cientifica otorgado por el Colegio Nacional de Opticos. 2019\n    <\/li><li>\u2022 Protocolos en p\u00e9rdida repentina de visi\u00f3n. 2020<\/li>\n    <li>\u2022 Casos de atenci\u00f3n primaria. 2020<\/li>\n    <li>\u2022 Retinopat\u00eda diab\u00e9tica. 2020<\/li>\n    <li>\u2022 Protocolos baja visi\u00f3n en patolog\u00eda en camp\u00f3 central. 2020<\/li>\n    <li>\u2022 Avances en la adaptacion de lentes de contacto esclerales. 2022\n<\/li><\/ul>                           \n                    <p><b>FORMACI\u00d3N WEBINARS<\/b><\/p>\n<ul>\n    <li>\u2022 OPTIBUSSINES de Hoya 2002<\/li>\n    <li>\u2022 Taller te\u00f3rico practico lentes multifocales por Coopervision 2010<\/li>\n    <li>\u2022 Ortoqueratolog\u00eda y control de miop\u00eda por Tiedra 2016<\/li>\n    <li>\u2022 Ojo seco diagn\u00f3stico y tratamiento. 2017<\/li>\n    <li>\u2022 Casos pr\u00e1cticos de lentes de contacto multifocales 2017<\/li>\n    <li>\u2022 Prosessional the evelopment progran de Alcon 2017\/2018\/2019<\/li>\n    <li>\u2022 Contactolog\u00eda avanzada control de la progresi\u00f3n de miop\u00eda MI SIGHT por Coopervisi\u00f3n.<\/li>\n    <li>\u2022 Interpretaci\u00f3n de retinograf\u00eda por Cassin 2018<\/li>\n    <li>\u2022 Adaptador especializado en lentes de contacto RX personalizadas por mark`ennovy<\/li>\n    <li>\u2022 Nueva generaci\u00f3n de lentes oft\u00e1lmicas Universidad de hoya en Budapest. Hungria.2019<\/li>\n<\/ul>\n<\/div>\n\n<button class=\"timify-button\" data-account-id=\"5f58bcb99d3fd111af93bfcd\">MAKE AN APPOINTMENT<\/button>","protected":false},"excerpt":{"rendered":"<p>Sobre nosotros OPTISTAR C.O somos una \u00f3ptica ubicada en el barrio de los fresnos en Torrejon de Ardoz , Madrid, con m\u00e1s de 15 a\u00f1os de antig\u00fcedad y 24 de experiencia y formaci\u00f3n continua. Nuestros proveedores son reconocidos a nivel internacional y nuestra filosof\u00eda es una atenci\u00f3n personalizada y cuidado del paciente, te atender\u00e1n Antonio&hellip;&nbsp;<a href=\"https:\/\/www.optistar.es\/en\/5489b-neve-shop-bb-about\/\" rel=\"bookmark\">Read More &raquo;<span class=\"screen-reader-text\">About<\/span><\/a><\/p>","protected":false},"author":1,"featured_media":0,"parent":0,"menu_order":0,"comment_status":"closed","ping_status":"closed","template":"page-templates\/template-pagebuilder-full-width.php","meta":{"neve_meta_sidebar":"","neve_meta_container":"","neve_meta_enable_content_width":"off","neve_meta_content_width":0,"neve_meta_title_alignment":"","neve_meta_author_avatar":"","neve_post_elements_order":"","neve_meta_disable_header":"","neve_meta_disable_footer":"","neve_meta_disable_title":"","_themeisle_gutenberg_block_has_review":false,"_joinchat":[],"footnotes":""},"class_list":["post-104","page","type-page","status-publish","hentry"],"_links":{"self":[{"href":"https:\/\/www.optistar.es\/en\/wp-json\/wp\/v2\/pages\/104","targetHints":{"allow":["GET"]}}],"collection":[{"href":"https:\/\/www.optistar.es\/en\/wp-json\/wp\/v2\/pages"}],"about":[{"href":"https:\/\/www.optistar.es\/en\/wp-json\/wp\/v2\/types\/page"}],"author":[{"embeddable":true,"href":"https:\/\/www.optistar.es\/en\/wp-json\/wp\/v2\/users\/1"}],"replies":[{"embeddable":true,"href":"https:\/\/www.optistar.es\/en\/wp-json\/wp\/v2\/comments?post=104"}],"version-history":[{"count":25,"href":"https:\/\/www.optistar.es\/en\/wp-json\/wp\/v2\/pages\/104\/revisions"}],"predecessor-version":[{"id":3686,"href":"https:\/\/www.optistar.es\/en\/wp-json\/wp\/v2\/pages\/104\/revisions\/3686"}],"wp:attachment":[{"href":"https:\/\/www.optistar.es\/en\/wp-json\/wp\/v2\/media?parent=104"}],"curies":[{"name":"wp","href":"https:\/\/api.w.org\/{rel}","templated":true}]}}