{"id":55,"date":"2019-08-28T12:26:44","date_gmt":"2019-08-28T12:26:44","guid":{"rendered":"https:\/\/demo.themeisle.com\/neve-shop-bb\/?page_id=6"},"modified":"2026-03-26T19:42:54","modified_gmt":"2026-03-26T18:42:54","slug":"5489b-neve-shop-bb-home","status":"publish","type":"page","link":"https:\/\/www.optistar.es\/en\/","title":{"rendered":""},"content":{"rendered":"<h2 class=\"wp-block-heading has-text-align-center\">                                <strong>WE TAKE CARE OF THE HEALTH OF YOUR EYES<\/strong><\/h2>\n\n\n\n<h2 class=\"wp-block-heading has-text-align-center\">                 <strong>N\u00ba REGISTRO SANITARIO: 00957<\/strong><\/h2>\n\n\n\n<div class=\"wp-block-buttons alignfull is-content-justification-center is-layout-flex wp-container-core-buttons-is-layout-16018d1d wp-block-buttons-is-layout-flex\">\n<div class=\"wp-block-button\"><a class=\"wp-block-button__link wp-element-button\" href=\"https:\/\/book.timify.com\/?accountId=5f58bcb99d3fd111af93bfcd&amp;hideCloseButton=true\">MAKE AN APPOINTMENT <\/a><\/div>\n<\/div>\n\n\n\n<p>&nbsp;<\/p>\n\n\n\n<p class=\"has-text-align-center\">Do you see everything clearly?<\/p>\n\n\n\n<p>&nbsp;<\/p>\n\n\n\n<h2 class=\"wp-block-heading has-text-align-center\">At OPTISTAR C.O. each patient is unique. We offer you close and professional advice, recommending the visual solution that best suits you and your daily life. From contact lenses to progressive glasses, we work for and with you.<\/h2>\n\n\n\n<blockquote class=\"wp-block-quote is-layout-flow wp-block-quote-is-layout-flow\">\n<p class=\"has-text-align-center\">Prueba a graduarte con nuestro completo sistema de an\u00e1lisis visual, con el que en tan solo 45 minutos podr\u00e1s tener una idea del estado exacto de tu visi\u00f3n, con los \u00faltimos&nbsp;avances tecnol\u00f3gicos&nbsp;aplicados al mundo de la visi\u00f3n.<\/p>\n\n\n\n<p class=\"has-text-align-center\">&nbsp;A&nbsp;<strong>familiar<\/strong>, close, personalized treatment so that you feel like what you are: a unique client.<\/p>\n<\/blockquote>\n\n\n\n<h2 class=\"wp-block-heading has-text-align-center\">New features<\/h2>\n\n\n<div class=\"woocommerce columns-4\"><ul class=\"products columns-4\">\n<li class=\"product type-product post-4601 status-publish first instock product_cat-liquidos has-post-thumbnail taxable shipping-taxable purchasable product-type-simple\">\n\t<div class=\"nv-card-content-wrapper\"><a href=\"https:\/\/www.optistar.es\/en\/product\/hidro-health-rgp2-100ml-conservador\/\" class=\"woocommerce-LoopProduct-link woocommerce-loop-product__link\"><div class=\"sp-product-image\"><div class=\"img-wrap\"><img loading=\"lazy\" decoding=\"async\" width=\"300\" height=\"225\" src=\"https:\/\/www.optistar.es\/wp-content\/uploads\/2025\/10\/Hidro-Health-RGP2-100ML-300x225.jpg\" class=\"attachment-woocommerce_thumbnail size-woocommerce_thumbnail\" alt=\"HIDRO HEALTH RGP2 100ml CONSERVADOR\" \/><\/div><\/div><h2 class=\"woocommerce-loop-product__title\">HIDRO HEALTH RGP2 100ml CONSERVADOR<\/h2>\n\t<span class=\"price\"><span class=\"woocommerce-Price-amount amount\"><bdi>7,00&nbsp;<span class=\"woocommerce-Price-currencySymbol\">&euro;<\/span><\/bdi><\/span><\/span>\n<\/a><a href=\"\/en\/wp-json\/wp\/v2\/pages\/55?add-to-cart=4601\" aria-describedby=\"woocommerce_loop_add_to_cart_link_describedby_4601\" data-quantity=\"1\" class=\"button product_type_simple add_to_cart_button ajax_add_to_cart\" data-product_id=\"4601\" data-product_sku=\"\" aria-label=\"Add to basket: \u201cHIDRO HEALTH RGP2 100ml CONSERVADOR\u201d\" rel=\"nofollow\" data-success_message=\"\u201cHIDRO HEALTH RGP2 100ml CONSERVADOR\u201d has been added to your cart\" role=\"button\" data-no-translation=\"\" data-trp-gettext=\"\" data-no-translation-aria-label=\"\" data-no-translation-data-success_message=\"\">Add to basket<\/a>\t<span id=\"woocommerce_loop_add_to_cart_link_describedby_4601\" class=\"screen-reader-text\">\n\t\t\t<\/span>\n<\/div><\/li>\n<li class=\"product type-product post-4598 status-publish instock product_cat-liquidos has-post-thumbnail taxable shipping-taxable purchasable product-type-simple\">\n\t<div class=\"nv-card-content-wrapper\"><a href=\"https:\/\/www.optistar.es\/en\/product\/hidro-health-rgp1-30ml-limpiador\/\" class=\"woocommerce-LoopProduct-link woocommerce-loop-product__link\"><div class=\"sp-product-image\"><div class=\"img-wrap\"><img loading=\"lazy\" decoding=\"async\" width=\"300\" height=\"225\" src=\"https:\/\/www.optistar.es\/wp-content\/uploads\/2025\/10\/image-300x225.jpeg\" class=\"attachment-woocommerce_thumbnail size-woocommerce_thumbnail\" alt=\"HIDRO HEALTH RGP1 30ml LIMPIADOR\" \/><\/div><\/div><h2 class=\"woocommerce-loop-product__title\">HIDRO HEALTH RGP1 30ml LIMPIADOR<\/h2>\n\t<span class=\"price\"><span class=\"woocommerce-Price-amount amount\"><bdi>6,50&nbsp;<span class=\"woocommerce-Price-currencySymbol\">&euro;<\/span><\/bdi><\/span><\/span>\n<\/a><a href=\"\/en\/wp-json\/wp\/v2\/pages\/55?add-to-cart=4598\" aria-describedby=\"woocommerce_loop_add_to_cart_link_describedby_4598\" data-quantity=\"1\" class=\"button product_type_simple add_to_cart_button ajax_add_to_cart\" data-product_id=\"4598\" data-product_sku=\"\" aria-label=\"Add to basket: \u201cHIDRO HEALTH RGP1 30ml LIMPIADOR\u201d\" rel=\"nofollow\" data-success_message=\"\u201cHIDRO HEALTH RGP1 30ml LIMPIADOR\u201d has been added to your cart\" role=\"button\" data-no-translation=\"\" data-trp-gettext=\"\" data-no-translation-aria-label=\"\" data-no-translation-data-success_message=\"\">Add to basket<\/a>\t<span id=\"woocommerce_loop_add_to_cart_link_describedby_4598\" class=\"screen-reader-text\">\n\t\t\t<\/span>\n<\/div><\/li>\n<li class=\"product type-product post-4544 status-publish instock product_cat-sincategoria has-post-thumbnail taxable shipping-taxable purchasable product-type-simple\">\n\t<div class=\"nv-card-content-wrapper\"><a href=\"https:\/\/www.optistar.es\/en\/product\/systane-hidratacion-ud-alcon\/\" class=\"woocommerce-LoopProduct-link woocommerce-loop-product__link\"><div class=\"sp-product-image\"><div class=\"img-wrap\"><img loading=\"lazy\" decoding=\"async\" width=\"300\" height=\"225\" src=\"https:\/\/www.optistar.es\/wp-content\/uploads\/2025\/03\/systane-hidratacion-ud-300x225.jpg\" class=\"attachment-woocommerce_thumbnail size-woocommerce_thumbnail\" alt=\"Systane Hidrataci\u00f3n UD Alcon\" \/><\/div><\/div><h2 class=\"woocommerce-loop-product__title\">Systane Hidrataci\u00f3n UD Alcon<\/h2>\n\t<span class=\"price\"><span class=\"woocommerce-Price-amount amount\"><bdi>14,80&nbsp;<span class=\"woocommerce-Price-currencySymbol\">&euro;<\/span><\/bdi><\/span><\/span>\n<\/a><a href=\"\/en\/wp-json\/wp\/v2\/pages\/55?add-to-cart=4544\" aria-describedby=\"woocommerce_loop_add_to_cart_link_describedby_4544\" data-quantity=\"1\" class=\"button product_type_simple add_to_cart_button ajax_add_to_cart\" data-product_id=\"4544\" data-product_sku=\"\" aria-label=\"Add to basket: \u201cSystane Hidrataci\u00f3n UD Alcon\u201d\" rel=\"nofollow\" data-success_message=\"\u201cSystane Hidrataci\u00f3n UD Alcon\u201d has been added to your cart\" role=\"button\" data-no-translation=\"\" data-trp-gettext=\"\" data-no-translation-aria-label=\"\" data-no-translation-data-success_message=\"\">Add to basket<\/a>\t<span id=\"woocommerce_loop_add_to_cart_link_describedby_4544\" class=\"screen-reader-text\">\n\t\t\t<\/span>\n<\/div><\/li>\n<li class=\"product type-product post-4539 status-publish last instock product_cat-liquidos product_cat-salud-ocular product_tag-ojo-seco has-post-thumbnail taxable shipping-taxable purchasable product-type-simple\">\n\t<div class=\"nv-card-content-wrapper\"><a href=\"https:\/\/www.optistar.es\/en\/product\/systane-ultra-plus-hidratacion-md-10ml-alcon\/\" class=\"woocommerce-LoopProduct-link woocommerce-loop-product__link\"><div class=\"sp-product-image\"><div class=\"img-wrap\"><img loading=\"lazy\" decoding=\"async\" width=\"300\" height=\"225\" src=\"https:\/\/www.optistar.es\/wp-content\/uploads\/2025\/03\/systane-hidratacion-10-ml-300x225.webp\" class=\"attachment-woocommerce_thumbnail size-woocommerce_thumbnail\" alt=\"Systane Ultra Plus Hidrataci\u00f3n MD 10ml Alcon\" \/><\/div><\/div><h2 class=\"woocommerce-loop-product__title\">Systane Ultra Plus Hidrataci\u00f3n MD 10ml Alcon<\/h2>\n\t<span class=\"price\"><span class=\"woocommerce-Price-amount amount\"><bdi>12,90&nbsp;<span class=\"woocommerce-Price-currencySymbol\">&euro;<\/span><\/bdi><\/span><\/span>\n<\/a><a href=\"\/en\/wp-json\/wp\/v2\/pages\/55?add-to-cart=4539\" aria-describedby=\"woocommerce_loop_add_to_cart_link_describedby_4539\" data-quantity=\"1\" class=\"button product_type_simple add_to_cart_button ajax_add_to_cart\" data-product_id=\"4539\" data-product_sku=\"\" aria-label=\"Add to basket: \u201cSystane Ultra Plus Hidrataci\u00f3n MD 10ml Alcon\u201d\" rel=\"nofollow\" data-success_message=\"\u201cSystane Ultra Plus Hidrataci\u00f3n MD 10ml Alcon\u201d has been added to your cart\" role=\"button\" data-no-translation=\"\" data-trp-gettext=\"\" data-no-translation-aria-label=\"\" data-no-translation-data-success_message=\"\">Add to basket<\/a>\t<span id=\"woocommerce_loop_add_to_cart_link_describedby_4539\" class=\"screen-reader-text\">\n\t\t\t<\/span>\n<\/div><\/li>\n<li class=\"product type-product post-4535 status-publish first instock product_cat-liquidos product_cat-salud-ocular product_tag-ojo-irritado product_tag-ojo-seco has-post-thumbnail taxable shipping-taxable purchasable product-type-simple\">\n\t<div class=\"nv-card-content-wrapper\"><a href=\"https:\/\/www.optistar.es\/en\/product\/systane-complete-alcon\/\" class=\"woocommerce-LoopProduct-link woocommerce-loop-product__link\"><div class=\"sp-product-image\"><div class=\"img-wrap\"><img loading=\"lazy\" decoding=\"async\" width=\"300\" height=\"225\" src=\"https:\/\/www.optistar.es\/wp-content\/uploads\/2025\/03\/systane-complete-300x225.jpg\" class=\"attachment-woocommerce_thumbnail size-woocommerce_thumbnail\" alt=\"Systane Complete Alcon\" \/><\/div><\/div><h2 class=\"woocommerce-loop-product__title\">Systane Complete Alcon<\/h2>\n\t<span class=\"price\"><span class=\"woocommerce-Price-amount amount\"><bdi>15,10&nbsp;<span class=\"woocommerce-Price-currencySymbol\">&euro;<\/span><\/bdi><\/span><\/span>\n<\/a><a href=\"\/en\/wp-json\/wp\/v2\/pages\/55?add-to-cart=4535\" aria-describedby=\"woocommerce_loop_add_to_cart_link_describedby_4535\" data-quantity=\"1\" class=\"button product_type_simple add_to_cart_button ajax_add_to_cart\" data-product_id=\"4535\" data-product_sku=\"\" aria-label=\"Add to basket: \u201cSystane Complete Alcon\u201d\" rel=\"nofollow\" data-success_message=\"\u201cSystane Complete Alcon\u201d has been added to your cart\" role=\"button\" data-no-translation=\"\" data-trp-gettext=\"\" data-no-translation-aria-label=\"\" data-no-translation-data-success_message=\"\">Add to basket<\/a>\t<span id=\"woocommerce_loop_add_to_cart_link_describedby_4535\" class=\"screen-reader-text\">\n\t\t\t<\/span>\n<\/div><\/li>\n<li class=\"product type-product post-4531 status-publish instock product_cat-liquidos product_cat-salud-ocular has-post-thumbnail taxable shipping-taxable purchasable product-type-simple\">\n\t<div class=\"nv-card-content-wrapper\"><a href=\"https:\/\/www.optistar.es\/en\/product\/concare-hy-lub\/\" class=\"woocommerce-LoopProduct-link woocommerce-loop-product__link\"><div class=\"sp-product-image\"><div class=\"img-wrap\"><img loading=\"lazy\" decoding=\"async\" width=\"300\" height=\"225\" src=\"https:\/\/www.optistar.es\/wp-content\/uploads\/2025\/03\/concare_hy_lub_10ml-300x225.jpg\" class=\"attachment-woocommerce_thumbnail size-woocommerce_thumbnail\" alt=\"CONCARE HY-LUB\" \/><\/div><\/div><h2 class=\"woocommerce-loop-product__title\">CONCARE HY-LUB<\/h2>\n\t<span class=\"price\"><span class=\"woocommerce-Price-amount amount\"><bdi>12,50&nbsp;<span class=\"woocommerce-Price-currencySymbol\">&euro;<\/span><\/bdi><\/span><\/span>\n<\/a><a href=\"\/en\/wp-json\/wp\/v2\/pages\/55?add-to-cart=4531\" aria-describedby=\"woocommerce_loop_add_to_cart_link_describedby_4531\" data-quantity=\"1\" class=\"button product_type_simple add_to_cart_button ajax_add_to_cart\" data-product_id=\"4531\" data-product_sku=\"\" aria-label=\"Add to basket: \u201cCONCARE HY-LUB\u201d\" rel=\"nofollow\" data-success_message=\"\u201cCONCARE HY-LUB\u201d has been added to your cart\" role=\"button\" data-no-translation=\"\" data-trp-gettext=\"\" data-no-translation-aria-label=\"\" data-no-translation-data-success_message=\"\">Add to basket<\/a>\t<span id=\"woocommerce_loop_add_to_cart_link_describedby_4531\" class=\"screen-reader-text\">\n\t\t\t<\/span>\n<\/div><\/li>\n<li class=\"product type-product post-4528 status-publish instock product_cat-liquidos product_cat-salud-ocular has-post-thumbnail taxable shipping-taxable purchasable product-type-simple\">\n\t<div class=\"nv-card-content-wrapper\"><a href=\"https:\/\/www.optistar.es\/en\/product\/biotrueduo\/\" class=\"woocommerce-LoopProduct-link woocommerce-loop-product__link\"><div class=\"sp-product-image\"><div class=\"img-wrap\"><img loading=\"lazy\" decoding=\"async\" width=\"300\" height=\"225\" src=\"https:\/\/www.optistar.es\/wp-content\/uploads\/2025\/03\/csm_biotrue_Duo_ES_bd6edd4fab-300x225.jpg\" class=\"attachment-woocommerce_thumbnail size-woocommerce_thumbnail\" alt=\"Biotrue\u00aeDuo\" \/><\/div><\/div><h2 class=\"woocommerce-loop-product__title\">Biotrue\u00aeDuo<\/h2>\n\t<span class=\"price\"><span class=\"woocommerce-Price-amount amount\"><bdi>15,00&nbsp;<span class=\"woocommerce-Price-currencySymbol\">&euro;<\/span><\/bdi><\/span><\/span>\n<\/a><a href=\"\/en\/wp-json\/wp\/v2\/pages\/55?add-to-cart=4528\" aria-describedby=\"woocommerce_loop_add_to_cart_link_describedby_4528\" data-quantity=\"1\" class=\"button product_type_simple add_to_cart_button ajax_add_to_cart\" data-product_id=\"4528\" data-product_sku=\"\" aria-label=\"Add to basket: \u201cBiotrue\u00aeDuo\u201d\" rel=\"nofollow\" data-success_message=\"\u201cBiotrue\u00aeDuo\u201d has been added to your cart\" role=\"button\" data-no-translation=\"\" data-trp-gettext=\"\" data-no-translation-aria-label=\"\" data-no-translation-data-success_message=\"\">Add to basket<\/a>\t<span id=\"woocommerce_loop_add_to_cart_link_describedby_4528\" class=\"screen-reader-text\">\n\t\t\t<\/span>\n<\/div><\/li>\n<li class=\"product type-product post-4527 status-publish last instock product_cat-liquidos product_cat-salud-ocular has-post-thumbnail taxable shipping-taxable purchasable product-type-simple\">\n\t<div class=\"nv-card-content-wrapper\"><a href=\"https:\/\/www.optistar.es\/en\/product\/blefacalm-eye-patch\/\" class=\"woocommerce-LoopProduct-link woocommerce-loop-product__link\"><div class=\"sp-product-image\"><div class=\"img-wrap\"><img loading=\"lazy\" decoding=\"async\" width=\"300\" height=\"225\" src=\"https:\/\/www.optistar.es\/wp-content\/uploads\/2025\/03\/venta-blefa-calm-eye-patch-10-antifaces-tiedra-300x225.jpg\" class=\"attachment-woocommerce_thumbnail size-woocommerce_thumbnail\" alt=\"BLEFACALM EYE PATCH\" \/><\/div><\/div><h2 class=\"woocommerce-loop-product__title\">BLEFACALM EYE PATCH<\/h2>\n\t<span class=\"price\"><span class=\"woocommerce-Price-amount amount\"><bdi>15,90&nbsp;<span class=\"woocommerce-Price-currencySymbol\">&euro;<\/span><\/bdi><\/span><\/span>\n<\/a><a href=\"\/en\/wp-json\/wp\/v2\/pages\/55?add-to-cart=4527\" aria-describedby=\"woocommerce_loop_add_to_cart_link_describedby_4527\" data-quantity=\"1\" class=\"button product_type_simple add_to_cart_button ajax_add_to_cart\" data-product_id=\"4527\" data-product_sku=\"\" aria-label=\"Add to basket: \u201cBLEFACALM EYE PATCH\u201d\" rel=\"nofollow\" data-success_message=\"\u201cBLEFACALM EYE PATCH\u201d has been added to your cart\" role=\"button\" data-no-translation=\"\" data-trp-gettext=\"\" data-no-translation-aria-label=\"\" data-no-translation-data-success_message=\"\">Add to basket<\/a>\t<span id=\"woocommerce_loop_add_to_cart_link_describedby_4527\" class=\"screen-reader-text\">\n\t\t\t<\/span>\n<\/div><\/li>\n<\/ul>\n<\/div>\n\n\n\n<div class=\"wp-block-columns is-layout-flex wp-container-core-columns-is-layout-9d6595d7 wp-block-columns-is-layout-flex\">\n<div class=\"wp-block-column is-layout-flow wp-block-column-is-layout-flow\" style=\"flex-basis:100%\">\n<div class=\"wp-block-buttons alignwide is-content-justification-center is-layout-flex wp-container-core-buttons-is-layout-16018d1d wp-block-buttons-is-layout-flex\">\n<div class=\"wp-block-button\"><a class=\"wp-block-button__link wp-element-button\" href=\"https:\/\/www.optistar.es\/en\/5489b-shop\/\">All products<br>\t\t<\/a><\/div>\n<\/div>\n<\/div>\n<\/div>\n\n\n\n<div class=\"wp-block-columns is-layout-flex wp-container-core-columns-is-layout-9d6595d7 wp-block-columns-is-layout-flex\">\n<div class=\"wp-block-column is-layout-flow wp-block-column-is-layout-flow\" style=\"flex-basis:100%\">\n<blockquote class=\"wp-block-quote is-layout-flow wp-block-quote-is-layout-flow\">\n<h5 class=\"wp-block-heading has-text-align-center\">We are committed to offering you the&nbsp;<strong>best designs<\/strong>. We are convinced that eyeglasses can be true works of art with creation processes of more than 100 steps and where the obsession for perfection is present in every detail.\n<p>We believe in exclusivity, quality, artisan creation processes, the genius of independent designers and, in general, in everything that is unique, different and exceptional.<\/p>\nWe take care of your image, we advise you and provide you with personalised attention that goes far beyond a mere declaration of intent.<\/h5>\n<\/blockquote>\n<\/div>\n<\/div>\n\n\n\n<blockquote class=\"wp-block-quote is-layout-flow wp-block-quote-is-layout-flow\">\n<p class=\"has-text-align-center\">Each client is unique and we are committed to treating them as such.<\/p>\n<\/blockquote>\n<button class=\"timify-button\" data-account-id=\"5f58bcb99d3fd111af93bfcd\">MAKE AN APPOINTMENT<\/button>","protected":false},"excerpt":{"rendered":"<p>CUIDAMOS LA SALUD DE TUS OJOS N\u00ba REGISTRO SANITARIO: 00957 &nbsp; \u00bfLo ves todo claro? &nbsp; En OPTISTAR C.O cada paciente es \u00fanico. Te ofrecemos un asesoramiento cercano y profesional, recomend\u00e1ndote la soluci\u00f3n visual que m\u00e1s se adapte a ti y a tu vida diaria. Desde lentes de contacto hasta gafas progresivas, trabajamos por y&hellip;&nbsp;<a href=\"https:\/\/www.optistar.es\/en\/\" rel=\"bookmark\">Read More &raquo;<span class=\"screen-reader-text\"><\/span><\/a><\/p>","protected":false},"author":1,"featured_media":2062,"parent":0,"menu_order":0,"comment_status":"closed","ping_status":"closed","template":"page-templates\/template-pagebuilder-full-width.php","meta":{"neve_meta_sidebar":"","neve_meta_container":"","neve_meta_enable_content_width":"off","neve_meta_content_width":0,"neve_meta_title_alignment":"","neve_meta_author_avatar":"","neve_post_elements_order":"","neve_meta_disable_header":"","neve_meta_disable_footer":"","neve_meta_disable_title":"","_themeisle_gutenberg_block_has_review":false,"_joinchat":[],"footnotes":""},"class_list":["post-55","page","type-page","status-publish","has-post-thumbnail","hentry"],"_links":{"self":[{"href":"https:\/\/www.optistar.es\/en\/wp-json\/wp\/v2\/pages\/55","targetHints":{"allow":["GET"]}}],"collection":[{"href":"https:\/\/www.optistar.es\/en\/wp-json\/wp\/v2\/pages"}],"about":[{"href":"https:\/\/www.optistar.es\/en\/wp-json\/wp\/v2\/types\/page"}],"author":[{"embeddable":true,"href":"https:\/\/www.optistar.es\/en\/wp-json\/wp\/v2\/users\/1"}],"replies":[{"embeddable":true,"href":"https:\/\/www.optistar.es\/en\/wp-json\/wp\/v2\/comments?post=55"}],"version-history":[{"count":81,"href":"https:\/\/www.optistar.es\/en\/wp-json\/wp\/v2\/pages\/55\/revisions"}],"predecessor-version":[{"id":4656,"href":"https:\/\/www.optistar.es\/en\/wp-json\/wp\/v2\/pages\/55\/revisions\/4656"}],"wp:featuredmedia":[{"embeddable":true,"href":"https:\/\/www.optistar.es\/en\/wp-json\/wp\/v2\/media\/2062"}],"wp:attachment":[{"href":"https:\/\/www.optistar.es\/en\/wp-json\/wp\/v2\/media?parent=55"}],"curies":[{"name":"wp","href":"https:\/\/api.w.org\/{rel}","templated":true}]}}