{"id":997,"date":"2020-09-28T12:50:04","date_gmt":"2020-09-28T10:50:04","guid":{"rendered":"https:\/\/www.optistar.es\/?page_id=997"},"modified":"2024-07-31T19:40:34","modified_gmt":"2024-07-31T17:40:34","slug":"condiciones-generales","status":"publish","type":"page","link":"https:\/\/www.optistar.es\/en\/condiciones-generales\/","title":{"rendered":"Condiciones Generales"},"content":{"rendered":"<h1><b>Condiciones Generales<\/b><\/h1>\n<br \/>\nLas presentes Normas de Uso y Condiciones Generales de Contrataci\u00f3n (en adelante, de forma conjunta e indistinta \u00abCondiciones Generales\u00bb) rigen, junto con la Pol\u00edtica de privacidad, el acceso y la utilizaci\u00f3n, por parte de Usuario, del Sitio Web https:\/\/www.optistar.es y sus subdominios (en adelante, \u00abel Sitio Web\u00bb), as\u00ed como la contrataci\u00f3n de productos y servicios a trav\u00e9s del mismo.<br \/><br \/>\na. Que ha le\u00eddo, entiende y comprende lo aqu\u00ed expuesto;<br \/>\nb. Que es una persona mayor de edad y con capacidad suficiente para contratar;<br \/>\nc. Que asume todas las obligaciones aqu\u00ed dispuestas.<br \/>\n<br \/>\nLa utilizaci\u00f3n del Sitio Web atribuye la condici\u00f3n de Usuario del Sitio Web (en adelante, \u00abel \u00abUsuario\u00bb) e implica la aceptaci\u00f3n de todos los t\u00e9rminos incluidos en estas Condiciones Generales. El Usuario debe leer atentamente las presentes Condiciones Generales cada vez que acceda al Sitio Web, ya que \u00e9ste y dichas Condiciones Generales pueden sufrir modificaciones.\n<br \/><br \/>\nEl titular del Sitio Web se reserva la facultad de realizar, en cualquier momento y sin necesidad de preaviso, cualquier modificaci\u00f3n o actualizaci\u00f3n de sus contenidos y servicios; de las presentes Condiciones Generales y, en general, de cuantos elementos integran el dise\u00f1o y configuraci\u00f3n del Sitio Web.\n<br \/>\n<br \/>\n<h2><i><b>Im\u00e1gen y disponibilidad de productos<\/b><\/i><\/h2><br \/>\nLas im\u00e1genes que ilustran los productos son propias o han sido facilitadas por nuestros proveedores, y se ha puesto especial atenci\u00f3n en suprimir cualquier tipo de error, sin embargo, de encontrarse alguno comun\u00edquenoslo para que podamos subsanarlo lo antes posible en beneficio de todos los usuarios. Igualmente, le aconsejemos que en el caso de que compre alg\u00fan producto en esta p\u00e1gina, se asegure que el nombre del producto es el que usted desea.\n<br \/>\nOptistar no garantiza una disponibilidad total en el momento de la compra independientemente de la recepci\u00f3n del correo de confirmaci\u00f3n de pedido. En el caso de que no se disponga del producto adquirido durante el pedido; se realizar\u00e1, siempre que el usuario no desee una nueva, a\u00f1ada o un cambio del producto, una devoluci\u00f3n \u00edntegra del importe del producto no disponible del pedido al Usuario.\n<br \/>\n<br \/>\n<h2><i><b>DEPOSITO LEGAL<\/b><\/i><\/h2>\nEn cumplimiento con el deber de informaci\u00f3n recogido en art\u00edculo 10 de la Ley 34\/2002, de 11 de julio, de Servicios de la Sociedad de la Informaci\u00f3n y del Comercio Electr\u00f3nico, se se\u00f1alan los siguientes datos:\n<br \/><br \/>\nDenominaci\u00f3n social: OPTISTAR, S.L.\n<br \/>\nCIF\/NIF\/DNI: B64796014\n<br \/>\nActividad\/Objeto Social: Comercio al por menor de instrumentos m\u00e9dicos, \u00f3pticos, ortop\u00e9dicos y fotogr\u00e1ficos\n<br \/>\nDomicilio social: Calle JUPITER, 7 &#8211; LOC 4. Torrej\u00f3n de Ardoz. Madrid. 28850\n<br \/>\nDirecci\u00f3n web: https:\/\/www.optistar.es\n<br \/>\nCorreo electr\u00f3nico: info@optistar.es\n<br \/>\nDatos de inscripci\u00f3n en el registro mercantil\/registro p\u00fablico: Persona jur\u00eddica.\n\n<button class=\"timify-button\" data-account-id=\"5f58bcb99d3fd111af93bfcd\">MAKE AN APPOINTMENT<\/button>","protected":false},"excerpt":{"rendered":"<p>Condiciones Generales Las presentes Normas de Uso y Condiciones Generales de Contrataci\u00f3n (en adelante, de forma conjunta e indistinta \u00abCondiciones Generales\u00bb) rigen, junto con la Pol\u00edtica de privacidad, el acceso y la utilizaci\u00f3n, por parte de Usuario, del Sitio Web https:\/\/www.optistar.es y sus subdominios (en adelante, \u00abel Sitio Web\u00bb), as\u00ed como la contrataci\u00f3n de productos&hellip;&nbsp;<a href=\"https:\/\/www.optistar.es\/en\/condiciones-generales\/\" rel=\"bookmark\">Read More &raquo;<span class=\"screen-reader-text\">Condiciones Generales<\/span><\/a><\/p>","protected":false},"author":1,"featured_media":0,"parent":0,"menu_order":0,"comment_status":"closed","ping_status":"closed","template":"","meta":{"neve_meta_sidebar":"","neve_meta_container":"","neve_meta_enable_content_width":"","neve_meta_content_width":0,"neve_meta_title_alignment":"","neve_meta_author_avatar":"","neve_post_elements_order":"","neve_meta_disable_header":"","neve_meta_disable_footer":"","neve_meta_disable_title":"","_themeisle_gutenberg_block_has_review":false,"_joinchat":[],"footnotes":""},"class_list":["post-997","page","type-page","status-publish","hentry"],"_links":{"self":[{"href":"https:\/\/www.optistar.es\/en\/wp-json\/wp\/v2\/pages\/997","targetHints":{"allow":["GET"]}}],"collection":[{"href":"https:\/\/www.optistar.es\/en\/wp-json\/wp\/v2\/pages"}],"about":[{"href":"https:\/\/www.optistar.es\/en\/wp-json\/wp\/v2\/types\/page"}],"author":[{"embeddable":true,"href":"https:\/\/www.optistar.es\/en\/wp-json\/wp\/v2\/users\/1"}],"replies":[{"embeddable":true,"href":"https:\/\/www.optistar.es\/en\/wp-json\/wp\/v2\/comments?post=997"}],"version-history":[{"count":10,"href":"https:\/\/www.optistar.es\/en\/wp-json\/wp\/v2\/pages\/997\/revisions"}],"predecessor-version":[{"id":4283,"href":"https:\/\/www.optistar.es\/en\/wp-json\/wp\/v2\/pages\/997\/revisions\/4283"}],"wp:attachment":[{"href":"https:\/\/www.optistar.es\/en\/wp-json\/wp\/v2\/media?parent=997"}],"curies":[{"name":"wp","href":"https:\/\/api.w.org\/{rel}","templated":true}]}}