{"id":1023,"date":"2020-09-28T18:32:32","date_gmt":"2020-09-28T16:32:32","guid":{"rendered":"https:\/\/www.optistar.es\/?post_type=product&#038;p=1023"},"modified":"2024-01-19T13:10:24","modified_gmt":"2024-01-19T12:10:24","slug":"biofinity-energys","status":"publish","type":"product","link":"https:\/\/www.optistar.es\/en\/product\/biofinity-energys\/","title":{"rendered":"Biofinity Energys\u2122 6 UNID"},"content":{"rendered":"<ul class=\"practitioner-product__practitioner-product-callout-list practitioner-product-callout-list-item-items\">\n<li class=\"practitioner-product-callout-list-item-item practitioner-product__practitioner-product-callout-list-item practitioner-product--full__practitioner-product-callout-list-item even\">Un gran avance en las lentes esf\u00e9ricas para pacientes<\/li>\n<li class=\"practitioner-product-callout-list-item-item practitioner-product__practitioner-product-callout-list-item practitioner-product--full__practitioner-product-callout-list-item odd\"><i class=\"fa fa-check\"><\/i>El dise\u00f1o de la lente Digital Zone Optics\u2122 que ayuda a reducir el esfuerzo acomodativo causado al enfocar de cerca sobre dispositivos digitales sin estorbar la visi\u00f3n de lejos<\/li>\n<li class=\"practitioner-product-callout-list-item-item practitioner-product__practitioner-product-callout-list-item practitioner-product--full__practitioner-product-callout-list-item even\"><i class=\"fa fa-check\"><\/i>Los usuarios multi tarea de dispositivos digitales pueden pasar con menos esfuerzo y m\u00e1s comodidad de tareas con pantalla a tareas sin pantalla<\/li>\n<li class=\"practitioner-product-callout-list-item-item practitioner-product__practitioner-product-callout-list-item practitioner-product--full__practitioner-product-callout-list-item odd\"><i class=\"fa fa-check\"><\/i>M\u00faltiples curvas asf\u00e9ricas en la superficie anterior se usan en toda la zona \u00f3ptica.<\/li>\n<li class=\"practitioner-product-callout-list-item-item practitioner-product__practitioner-product-callout-list-item practitioner-product--full__practitioner-product-callout-list-item even\"><i class=\"fa fa-check\"><\/i>La tecnolog\u00eda Aquaform\u00ae atrae y retiene la hidrataci\u00f3n en toda la lente, esta humectabilidad natural puede ayudar a sentir menos sequedad ocular<\/li>\n<li class=\"practitioner-product-callout-list-item-item practitioner-product__practitioner-product-callout-list-item practitioner-product--full__practitioner-product-callout-list-item odd\"><i class=\"fa fa-check\"><\/i>Alto nivel de flujo de ox\u00edgeno a trav\u00e9s de la lente incrementando la transmisibilidad al ox\u00edgeno y hacen que la experiencia de uso sea m\u00e1s saludable<\/li>\n<li class=\"practitioner-product-callout-list-item-item practitioner-product__practitioner-product-callout-list-item practitioner-product--full__practitioner-product-callout-list-item even\"><i class=\"fa fa-check\"><\/i>Reemplazo mensual en uso diario, flexible o continuo.<\/li>\n<\/ul>\n<button class=\"timify-button\" data-account-id=\"5f58bcb99d3fd111af93bfcd\">MAKE AN APPOINTMENT<\/button>","protected":false},"excerpt":{"rendered":"<p>Las lentes de contacto dise\u00f1adas para la vida digital de sus pacientes.<\/p>\n<p>Lentillas reemplazo mensuales 6 unid.<\/p>","protected":false},"featured_media":1026,"template":"","meta":{"neve_meta_sidebar":"","neve_meta_container":"","neve_meta_enable_content_width":"off","neve_meta_content_width":0,"neve_meta_title_alignment":"","neve_meta_author_avatar":"","neve_post_elements_order":"","neve_meta_disable_header":"","neve_meta_disable_footer":"","neve_meta_disable_title":"","_themeisle_gutenberg_block_has_review":false,"_joinchat":[]},"product_brand":[],"product_cat":[30,207],"product_tag":[],"class_list":{"0":"post-1023","1":"product","2":"type-product","3":"status-publish","4":"has-post-thumbnail","6":"product_cat-lentillas","7":"product_cat-mensual","9":"first","10":"instock","11":"sale","12":"taxable","13":"shipping-taxable","14":"purchasable","15":"product-type-variable","16":"has-default-attributes"},"_links":{"self":[{"href":"https:\/\/www.optistar.es\/en\/wp-json\/wp\/v2\/product\/1023","targetHints":{"allow":["GET"]}}],"collection":[{"href":"https:\/\/www.optistar.es\/en\/wp-json\/wp\/v2\/product"}],"about":[{"href":"https:\/\/www.optistar.es\/en\/wp-json\/wp\/v2\/types\/product"}],"wp:featuredmedia":[{"embeddable":true,"href":"https:\/\/www.optistar.es\/en\/wp-json\/wp\/v2\/media\/1026"}],"wp:attachment":[{"href":"https:\/\/www.optistar.es\/en\/wp-json\/wp\/v2\/media?parent=1023"}],"wp:term":[{"taxonomy":"product_brand","embeddable":true,"href":"https:\/\/www.optistar.es\/en\/wp-json\/wp\/v2\/product_brand?post=1023"},{"taxonomy":"product_cat","embeddable":true,"href":"https:\/\/www.optistar.es\/en\/wp-json\/wp\/v2\/product_cat?post=1023"},{"taxonomy":"product_tag","embeddable":true,"href":"https:\/\/www.optistar.es\/en\/wp-json\/wp\/v2\/product_tag?post=1023"}],"curies":[{"name":"wp","href":"https:\/\/api.w.org\/{rel}","templated":true}]}}