{"id":1028,"date":"2020-09-28T18:54:17","date_gmt":"2020-09-28T16:54:17","guid":{"rendered":"https:\/\/www.optistar.es\/?post_type=product&#038;p=1028"},"modified":"2024-01-19T13:08:55","modified_gmt":"2024-01-19T12:08:55","slug":"biofinity-6-unid","status":"publish","type":"product","link":"https:\/\/www.optistar.es\/en\/product\/biofinity-6-unid\/","title":{"rendered":"Biofinity 6 unid"},"content":{"rendered":"<ul class=\"practitioner-product__practitioner-product-callout-list practitioner-product-callout-list-item-items\">\n<li class=\"practitioner-product-callout-list-item-item practitioner-product__practitioner-product-callout-list-item practitioner-product--full__practitioner-product-callout-list-item even\">Humectabilidad natural<\/li>\n<li class=\"practitioner-product-callout-list-item-item practitioner-product__practitioner-product-callout-list-item practitioner-product--full__practitioner-product-callout-list-item odd\"><i class=\"fa fa-check\"><\/i>Bajo m\u00f3dulo y alto Dk<\/li>\n<li class=\"practitioner-product-callout-list-item-item practitioner-product__practitioner-product-callout-list-item practitioner-product--full__practitioner-product-callout-list-item even\"><i class=\"fa fa-check\"><\/i>Material de hidrogel de silicona<\/li>\n<li class=\"practitioner-product-callout-list-item-item practitioner-product__practitioner-product-callout-list-item practitioner-product--full__practitioner-product-callout-list-item odd\"><i class=\"fa fa-check\"><\/i>Superficie anterior asf\u00e9rica que ofrece una visi\u00f3n m\u00e1s n\u00edtida.\n<div class=\"wysiwyg-widget--two-column-text__col-first\">\n<h3 class=\"wysiwyg-widget--two-column-text__col-first-title\">Uso flexible<\/h3>\n<div class=\"wysiwyg-widget--two-column-text__col-first-content\">\n<p>Las lentes de contacto Biofinity\u00ae de CooperVision son las ideales para los pacientes que busquen una salud ocular y un confort excelentes en una lente que pueden usar a diario o hasta 29 noches\/30 d\u00edas. Adem\u00e1s de ser id\u00f3neas para usuarios principiantes, las lentes de contacto Biofinity tambi\u00e9n son una mejora ideal para usuarios veteranos que desean obtener un mayor rendimiento de sus lentes.<\/p>\n<\/div>\n<\/div>\n<div class=\"wysiwyg-widget--two-column-text__col-second\">\n<h3 class=\"wysiwyg-widget--two-column-text__col-second-title\">Tecnolog\u00eda Aquaform\u00ae patentada<\/h3>\n<div class=\"wysiwyg-widget--two-column-text__col-second-content\">\n<p>Biofinity es diferente de otras lentes de alta transmisi\u00f3n de ox\u00edgeno porque incluye nuestra exclusiva tecnolog\u00eda Aquaform\u00ae. Esta tecnolog\u00eda crea una lente de contacto naturalmente hidr\u00f3fila que retiene el agua en el interior de la lente, reduciendo al m\u00ednimo la deshidrataci\u00f3n. Tambi\u00e9n combina un bajo m\u00f3dulo con una alta transmisi\u00f3n del ox\u00edgeno, lo que a\u00f1ade confort y capacidad de transpiraci\u00f3n.<\/p>\n<\/div>\n<\/div>\n<\/li>\n<\/ul>\n<button class=\"timify-button\" data-account-id=\"5f58bcb99d3fd111af93bfcd\">MAKE AN APPOINTMENT<\/button>","protected":false},"excerpt":{"rendered":"<p>Miop\u00eda o hipermetrop\u00eda.<\/p>\n<p>Lentillas reemplazo mensuales 6 unid.<\/p>","protected":false},"featured_media":1031,"template":"","meta":{"neve_meta_sidebar":"","neve_meta_container":"","neve_meta_enable_content_width":"off","neve_meta_content_width":0,"neve_meta_title_alignment":"","neve_meta_author_avatar":"","neve_post_elements_order":"","neve_meta_disable_header":"","neve_meta_disable_footer":"","neve_meta_disable_title":"","_themeisle_gutenberg_block_has_review":false,"_joinchat":[]},"product_brand":[],"product_cat":[30,207],"product_tag":[],"class_list":{"0":"post-1028","1":"product","2":"type-product","3":"status-publish","4":"has-post-thumbnail","6":"product_cat-lentillas","7":"product_cat-mensual","9":"first","10":"instock","11":"sale","12":"taxable","13":"shipping-taxable","14":"purchasable","15":"product-type-variable","16":"has-default-attributes"},"_links":{"self":[{"href":"https:\/\/www.optistar.es\/en\/wp-json\/wp\/v2\/product\/1028","targetHints":{"allow":["GET"]}}],"collection":[{"href":"https:\/\/www.optistar.es\/en\/wp-json\/wp\/v2\/product"}],"about":[{"href":"https:\/\/www.optistar.es\/en\/wp-json\/wp\/v2\/types\/product"}],"wp:featuredmedia":[{"embeddable":true,"href":"https:\/\/www.optistar.es\/en\/wp-json\/wp\/v2\/media\/1031"}],"wp:attachment":[{"href":"https:\/\/www.optistar.es\/en\/wp-json\/wp\/v2\/media?parent=1028"}],"wp:term":[{"taxonomy":"product_brand","embeddable":true,"href":"https:\/\/www.optistar.es\/en\/wp-json\/wp\/v2\/product_brand?post=1028"},{"taxonomy":"product_cat","embeddable":true,"href":"https:\/\/www.optistar.es\/en\/wp-json\/wp\/v2\/product_cat?post=1028"},{"taxonomy":"product_tag","embeddable":true,"href":"https:\/\/www.optistar.es\/en\/wp-json\/wp\/v2\/product_tag?post=1028"}],"curies":[{"name":"wp","href":"https:\/\/api.w.org\/{rel}","templated":true}]}}