{"id":1032,"date":"2020-09-28T19:11:46","date_gmt":"2020-09-28T17:11:46","guid":{"rendered":"https:\/\/www.optistar.es\/?post_type=product&#038;p=1032"},"modified":"2024-01-19T13:06:12","modified_gmt":"2024-01-19T12:06:12","slug":"biofinity-toric-6-unid","status":"publish","type":"product","link":"https:\/\/www.optistar.es\/en\/product\/biofinity-toric-6-unid\/","title":{"rendered":"Biofinity toric 6 unid"},"content":{"rendered":"<ul class=\"practitioner-product__practitioner-product-callout-list practitioner-product-callout-list-item-items\">\n<li class=\"practitioner-product-callout-list-item-item practitioner-product__practitioner-product-callout-list-item practitioner-product--full__practitioner-product-callout-list-item even\"><i class=\"fa fa-check\"><\/i>Humectabilidad natural<\/li>\n<li class=\"practitioner-product-callout-list-item-item practitioner-product__practitioner-product-callout-list-item practitioner-product--full__practitioner-product-callout-list-item odd\"><i class=\"fa fa-check\"><\/i>Dise\u00f1o de prisma optimizado<\/li>\n<li class=\"practitioner-product-callout-list-item-item practitioner-product__practitioner-product-callout-list-item practitioner-product--full__practitioner-product-callout-list-item even\"><i class=\"fa fa-check\"><\/i>Bajo m\u00f3dulo y alto Dk<\/li>\n<li class=\"practitioner-product-callout-list-item-item practitioner-product__practitioner-product-callout-list-item practitioner-product--full__practitioner-product-callout-list-item odd\"><i class=\"fa fa-check\"><\/i>Uso diario y flexible\n<div class=\"wysiwyg-widget--two-column-text__col-first\">\n<h3 class=\"wysiwyg-widget--two-column-text__col-first-title\">Geometr\u00eda T\u00f3rica Optimizada<\/h3>\n<div class=\"wysiwyg-widget--two-column-text__col-first-content\">\n<p>Hemos reunido todo lo que hemos aprendido como uno de los principales fabricantes de lentes de contacto t\u00f3ricas del mundo y lo hemos integrado en una incre\u00edble lente de hidrogel de silicona ideal para sus pacientes astigm\u00e1ticos: CooperVision Biofinity\u00ae Toric.<\/p>\n<p>Las lentes Biofinity Toric est\u00e1n dise\u00f1adas para ofrecer una estabilidad, un confort y una agudeza visual excepcionales para los pacientes m\u00e1s exigentes que necesitan muchas horas de utilizaci\u00f3n. Incluyen un dise\u00f1o de geometr\u00eda t\u00f3rica de la lente optimizada, un grosor ISO horizontal uniforme, una amplia banda lastrada y una zona \u00f3ptica t\u00f3rica m\u00e1s grande. Este dise\u00f1o permite orientar la lente r\u00e1pidamente para obtener un mejor rendimiento y una adaptaci\u00f3n m\u00e1s sencilla.<\/p>\n<\/div>\n<\/div>\n<div class=\"wysiwyg-widget--two-column-text__col-second\">\n<h3 class=\"wysiwyg-widget--two-column-text__col-second-title\">Tecnolog\u00eda Aquaform\u00ae patentada<\/h3>\n<div class=\"wysiwyg-widget--two-column-text__col-second-content\">\n<p>La tecnolog\u00eda Aquaform exclusiva de CooperVision convierte a Biofinity Toric en una lente de contacto naturalmente hidr\u00f3fila que retiene el agua en el interior de la lente, reduciendo la deshidrataci\u00f3n. Tambi\u00e9n combina un bajo m\u00f3dulo con una alta transmisi\u00f3n del ox\u00edgeno, lo que a\u00f1ade confort y capacidad de transpiraci\u00f3n.<br \/>\nLas lentes de contacto Biofinity Toric son la opci\u00f3n ideal tanto para pacientes principiantes en el uso de lentes de contacto como para otros m\u00e1s veteranos.<\/p>\n<\/div>\n<\/div>\n<\/li>\n<\/ul>\n<button class=\"timify-button\" data-account-id=\"5f58bcb99d3fd111af93bfcd\">MAKE AN APPOINTMENT<\/button>","protected":false},"excerpt":{"rendered":"<p>Nuestro dise\u00f1o de lentes t\u00f3ricas m\u00e1s estables. El material m\u00e1s avanzado.<\/p>\n<p>Lentillas reemplazo mensuales 6 unid.<\/p>","protected":false},"featured_media":1033,"template":"","meta":{"neve_meta_sidebar":"","neve_meta_container":"","neve_meta_enable_content_width":"off","neve_meta_content_width":0,"neve_meta_title_alignment":"","neve_meta_author_avatar":"","neve_post_elements_order":"","neve_meta_disable_header":"","neve_meta_disable_footer":"","neve_meta_disable_title":"","_themeisle_gutenberg_block_has_review":false,"_joinchat":[]},"product_brand":[],"product_cat":[30,207],"product_tag":[],"class_list":{"0":"post-1032","1":"product","2":"type-product","3":"status-publish","4":"has-post-thumbnail","6":"product_cat-lentillas","7":"product_cat-mensual","8":"pa_cilindro-lentilla-diaria-0-75","9":"pa_cilindro-lentilla-diaria-1-25","10":"pa_cilindro-lentilla-diaria-1-75","11":"pa_cilindro-lentilla-diaria-2-25","12":"pa_eje-lentilla-diaria-168","13":"pa_eje-lentilla-diaria-177","14":"pa_eje-lentilla-diaria-178","15":"pa_eje-lentilla-diaria-179","16":"pa_eje-lentilla-diaria-180","17":"pa_eje-lentilla-diaria-181","18":"pa_eje-lentilla-diaria-182","19":"pa_eje-lentilla-diaria-183","20":"pa_eje-lentilla-diaria-184","21":"pa_eje-lentilla-diaria-185","22":"pa_eje-lentilla-diaria-169","23":"pa_eje-lentilla-diaria-170","24":"pa_eje-lentilla-diaria-171","25":"pa_eje-lentilla-diaria-172","26":"pa_eje-lentilla-diaria-173","27":"pa_eje-lentilla-diaria-174","28":"pa_eje-lentilla-diaria-175","29":"pa_eje-lentilla-diaria-176","31":"first","32":"instock","33":"sale","34":"taxable","35":"shipping-taxable","36":"purchasable","37":"product-type-variable"},"_links":{"self":[{"href":"https:\/\/www.optistar.es\/en\/wp-json\/wp\/v2\/product\/1032","targetHints":{"allow":["GET"]}}],"collection":[{"href":"https:\/\/www.optistar.es\/en\/wp-json\/wp\/v2\/product"}],"about":[{"href":"https:\/\/www.optistar.es\/en\/wp-json\/wp\/v2\/types\/product"}],"wp:featuredmedia":[{"embeddable":true,"href":"https:\/\/www.optistar.es\/en\/wp-json\/wp\/v2\/media\/1033"}],"wp:attachment":[{"href":"https:\/\/www.optistar.es\/en\/wp-json\/wp\/v2\/media?parent=1032"}],"wp:term":[{"taxonomy":"product_brand","embeddable":true,"href":"https:\/\/www.optistar.es\/en\/wp-json\/wp\/v2\/product_brand?post=1032"},{"taxonomy":"product_cat","embeddable":true,"href":"https:\/\/www.optistar.es\/en\/wp-json\/wp\/v2\/product_cat?post=1032"},{"taxonomy":"product_tag","embeddable":true,"href":"https:\/\/www.optistar.es\/en\/wp-json\/wp\/v2\/product_tag?post=1032"}],"curies":[{"name":"wp","href":"https:\/\/api.w.org\/{rel}","templated":true}]}}