{"id":1035,"date":"2020-09-28T19:21:05","date_gmt":"2020-09-28T17:21:05","guid":{"rendered":"https:\/\/www.optistar.es\/?post_type=product&#038;p=1035"},"modified":"2024-01-19T13:07:04","modified_gmt":"2024-01-19T12:07:04","slug":"biofinity-multifocal-6-unid","status":"publish","type":"product","link":"https:\/\/www.optistar.es\/en\/product\/biofinity-multifocal-6-unid\/","title":{"rendered":"Biofinity multifocal 6 unid"},"content":{"rendered":"<div class=\"practitioner-product__features\">\n<ul class=\"practitioner-product__practitioner-product-callout-list practitioner-product-callout-list-item-items\">\n<li class=\"practitioner-product-callout-list-item-item practitioner-product__practitioner-product-callout-list-item practitioner-product--full__practitioner-product-callout-list-item even\">Humectabilidad natural<\/li>\n<li class=\"practitioner-product-callout-list-item-item practitioner-product__practitioner-product-callout-list-item practitioner-product--full__practitioner-product-callout-list-item odd\"><i class=\"fa fa-check\"><\/i>Bajo m\u00f3dulo y alto Dk<\/li>\n<li class=\"practitioner-product-callout-list-item-item practitioner-product__practitioner-product-callout-list-item practitioner-product--full__practitioner-product-callout-list-item even\"><i class=\"fa fa-check\"><\/i>Uso diario, flexible o prolongado hasta 29 noches\/30 d\u00edas<\/li>\n<\/ul>\n<\/div>\n<div class=\"body-item practitioner-product__body practitioner-product--full__body even\">\n<div class=\"wysiwyg-widget--two-column-text\">\n<div class=\"wysiwyg-widget--two-column-text__col-first\">\n<h3 class=\"wysiwyg-widget--two-column-text__col-first-title\">Tecnolog\u00eda Balanced Progressive\u2122<\/h3>\n<div class=\"wysiwyg-widget--two-column-text__col-first-content\">\n<p>Las lentes Biofinity\u00ae Multifocal de CooperVision son unas lentes de calidad superior cuyo proceso de adaptaci\u00f3n a los pacientes pr\u00e9sbitas es ahora m\u00e1s sencillo.<br \/>\nEsta lente combina los elementos clave del material de hidrogel de silicona de Biofinity con nuestra tecnolog\u00eda Balanced Progressive. Este dise\u00f1o avanzado contiene m\u00faltiples zonas de correcci\u00f3n de la visi\u00f3n en ambas lentes, de forma que se obtiene una visi\u00f3n n\u00edtida de cerca, de lejos y a distancias intermedias.<br \/>\nEl m\u00e9todo de adaptaci\u00f3n simplificado y esta exclusiva tecnolog\u00eda se traducen en que podr\u00e1 adaptar m\u00e1s pacientes con facilidad y flexibilidad, a la vez que les permitir\u00e1 disfrutar de una visi\u00f3n excelente.<\/p>\n<\/div>\n<\/div>\n<div class=\"wysiwyg-widget--two-column-text__col-second\">\n<h3 class=\"wysiwyg-widget--two-column-text__col-second-title\">Tecnolog\u00eda Aquaform\u00ae patentada<\/h3>\n<div class=\"wysiwyg-widget--two-column-text__col-second-content\">\n<p>La tecnolog\u00eda Aquaform exclusiva de CooperVision convierte a Biofinity Toric en una lente de contacto naturalmente hidr\u00f3fila que retiene el agua en el interior de la lente, reduciendo la deshidrataci\u00f3n. Tambi\u00e9n combina un bajo m\u00f3dulo con una alta transmisi\u00f3n del ox\u00edgeno, lo que a\u00f1ade confort y capacidad de transpiraci\u00f3n.<br \/>\nLas lentes Biofinity Multifocal son la opci\u00f3n ideal para pacientes pr\u00e9sbitas que desean una opci\u00f3n m\u00e1s adecuada a su estilo de vida que la que les brindan las gafas de lectura o pueden combinarlas ocn sus gafas progresivas.<\/p>\n<\/div>\n<\/div>\n<\/div>\n<\/div>\n<button class=\"timify-button\" data-account-id=\"5f58bcb99d3fd111af93bfcd\">MAKE AN APPOINTMENT<\/button>","protected":false},"excerpt":{"rendered":"<p>Las lentes de contacto dise\u00f1adas para los pacientes pr\u00e9sbitas<\/p>\n<p>Lentillas reemplazo mensuales 6 unid.<\/p>","protected":false},"featured_media":1036,"template":"","meta":{"neve_meta_sidebar":"","neve_meta_container":"","neve_meta_enable_content_width":"off","neve_meta_content_width":0,"neve_meta_title_alignment":"","neve_meta_author_avatar":"","neve_post_elements_order":"","neve_meta_disable_header":"","neve_meta_disable_footer":"","neve_meta_disable_title":"","_themeisle_gutenberg_block_has_review":false,"_joinchat":[]},"product_brand":[],"product_cat":[30,207],"product_tag":[],"class_list":{"0":"post-1035","1":"product","2":"type-product","3":"status-publish","4":"has-post-thumbnail","6":"product_cat-lentillas","7":"product_cat-mensual","9":"first","10":"instock","11":"taxable","12":"shipping-taxable","13":"purchasable","14":"product-type-variable","15":"has-default-attributes"},"_links":{"self":[{"href":"https:\/\/www.optistar.es\/en\/wp-json\/wp\/v2\/product\/1035","targetHints":{"allow":["GET"]}}],"collection":[{"href":"https:\/\/www.optistar.es\/en\/wp-json\/wp\/v2\/product"}],"about":[{"href":"https:\/\/www.optistar.es\/en\/wp-json\/wp\/v2\/types\/product"}],"wp:featuredmedia":[{"embeddable":true,"href":"https:\/\/www.optistar.es\/en\/wp-json\/wp\/v2\/media\/1036"}],"wp:attachment":[{"href":"https:\/\/www.optistar.es\/en\/wp-json\/wp\/v2\/media?parent=1035"}],"wp:term":[{"taxonomy":"product_brand","embeddable":true,"href":"https:\/\/www.optistar.es\/en\/wp-json\/wp\/v2\/product_brand?post=1035"},{"taxonomy":"product_cat","embeddable":true,"href":"https:\/\/www.optistar.es\/en\/wp-json\/wp\/v2\/product_cat?post=1035"},{"taxonomy":"product_tag","embeddable":true,"href":"https:\/\/www.optistar.es\/en\/wp-json\/wp\/v2\/product_tag?post=1035"}],"curies":[{"name":"wp","href":"https:\/\/api.w.org\/{rel}","templated":true}]}}