{"id":1044,"date":"2020-09-28T20:09:08","date_gmt":"2020-09-28T18:09:08","guid":{"rendered":"https:\/\/www.optistar.es\/?post_type=product&#038;p=1044"},"modified":"2021-02-04T19:50:54","modified_gmt":"2021-02-04T18:50:54","slug":"clariti-1-day-90-unid-copia","status":"publish","type":"product","link":"https:\/\/www.optistar.es\/en\/product\/clariti-1-day-90-unid-copia\/","title":{"rendered":"Clariti 1 day 90 UNID"},"content":{"rendered":"<ul class=\"practitioner-product__practitioner-product-callout-list practitioner-product-callout-list-item-items\">\n<li class=\"practitioner-product-callout-list-item-item practitioner-product__practitioner-product-callout-list-item practitioner-product--full__practitioner-product-callout-list-item even\">Correcci\u00f3n de miop\u00eda e hipermetrop\u00eda<\/li>\n<li class=\"practitioner-product-callout-list-item-item practitioner-product__practitioner-product-callout-list-item practitioner-product--full__practitioner-product-callout-list-item odd\"><i class=\"fa fa-check\"><\/i>Material de hidrogel de silicona<\/li>\n<li class=\"practitioner-product-callout-list-item-item practitioner-product__practitioner-product-callout-list-item practitioner-product--full__practitioner-product-callout-list-item even\"><i class=\"fa fa-check\"><\/i>Permite una excelente comodidad durante todo el d\u00eda<\/li>\n<li class=\"practitioner-product-callout-list-item-item practitioner-product__practitioner-product-callout-list-item practitioner-product--full__practitioner-product-callout-list-item odd\"><i class=\"fa fa-check\"><\/i>Protecci\u00f3n contra rayos UVA y UVB<\/li>\n<li class=\"practitioner-product-callout-list-item-item practitioner-product__practitioner-product-callout-list-item practitioner-product--full__practitioner-product-callout-list-item even\"><i class=\"fa fa-check\"><\/i>Lentes de reemplazo diario\n<div class=\"wysiwyg-widget--two-column-text__col-first\">\n<h3 class=\"wysiwyg-widget--two-column-text__col-first-title\">Hidrogel de silicona: La alternativa m\u00e1s sana a las lentes desechables diarias de hidrogel<\/h3>\n<div class=\"wysiwyg-widget--two-column-text__col-first-content\">\n<p>Clariti 1 day est\u00e1 dise\u00f1ada para ayudarle a ofrecer m\u00e1s a sus pacientes de lentes de contacto desechables diarias con las ventajas del hidrogel de silicona.<\/p>\n<p>Como el material de hidrogel de silicona permite que pase m\u00e1s ox\u00edgeno a trav\u00e9s de la lente que el hidrogel, sus pacientes apreciar\u00e1n las ventajas de tener unos ojos m\u00e1s blancos y una experiencia de uso de lentes m\u00e1s saludable. La lente clariti 1 day permite un consumo de ox\u00edgeno corneal del 100 %. De hecho, ofrece una cantidad de ox\u00edgeno mayor que la recomendada en toda la superficie de la lente para ayudar a mantener la salud ocular.<\/p>\n<\/div>\n<\/div>\n<div class=\"wysiwyg-widget--two-column-text__col-second\">\n<h3 class=\"wysiwyg-widget--two-column-text__col-second-title\">La tecnolog\u00eda WetLoc\u2122\u00a0ofrece una excelente comodidad durante todo el d\u00eda<\/h3>\n<div class=\"wysiwyg-widget--two-column-text__col-second-content\">\n<p>Las lentes clariti 1 day CooperVision incluyen la tecnolog\u00eda WetLoc\u2122, un proceso que crea una lente hidrof\u00edlica con una humectabilidad \u00f3ptima.<\/p>\n<p>WetLoc es una tecnolog\u00eda de tratamiento de superficies que modifica la estructura de las mol\u00e9culas de silicona hidrof\u00f3bicas para que se conviertan en hidrof\u00edlicas. Esto crea una lente que atrae y retiene de forma natural las mol\u00e9culas de agua, manteni\u00e9ndolas fuertemente pegadas a la superficie de la lente. WetLoc\u2122 ofrece una humectabilidad continua durante todo el tiempo de uso. El resultado es una lente con un alto contenido de agua que ofrece una excelente comodidad durante todo el d\u00eda a sus pacientes.<\/p>\n<p>Hable a sus pacientes sobre las ventajas para la salud y la comodidad diaria de las lentes de contacto clariti 1 day: una excelente opci\u00f3n para nuevos pacientes y una actualizaci\u00f3n f\u00e1cil para los usuarios actuales de lentes de hidrogel.<\/p>\n<\/div>\n<\/div>\n<\/li>\n<\/ul>\n<button class=\"timify-button\" data-account-id=\"5f58bcb99d3fd111af93bfcd\">MAKE AN APPOINTMENT<\/button>","protected":false},"excerpt":{"rendered":"<p>Hidrogel de silicona\u00a0 la opci\u00f3n perfecta para la comodidad, la visi\u00f3n n\u00edtida y la salud ocular.<\/p>\n<p>Lentillas reemplazo diaria.,\u00a0 90 unid<\/p>","protected":false},"featured_media":1046,"template":"","meta":{"neve_meta_sidebar":"","neve_meta_container":"","neve_meta_enable_content_width":"off","neve_meta_content_width":0,"neve_meta_title_alignment":"","neve_meta_author_avatar":"","neve_post_elements_order":"","neve_meta_disable_header":"","neve_meta_disable_footer":"","neve_meta_disable_title":"","_themeisle_gutenberg_block_has_review":false,"_joinchat":[]},"product_brand":[],"product_cat":[116,30],"product_tag":[],"class_list":{"0":"post-1044","1":"product","2":"type-product","3":"status-publish","4":"has-post-thumbnail","6":"product_cat-diarias","7":"product_cat-lentillas","9":"first","10":"instock","11":"sale","12":"taxable","13":"shipping-taxable","14":"purchasable","15":"product-type-variable","16":"has-default-attributes"},"_links":{"self":[{"href":"https:\/\/www.optistar.es\/en\/wp-json\/wp\/v2\/product\/1044","targetHints":{"allow":["GET"]}}],"collection":[{"href":"https:\/\/www.optistar.es\/en\/wp-json\/wp\/v2\/product"}],"about":[{"href":"https:\/\/www.optistar.es\/en\/wp-json\/wp\/v2\/types\/product"}],"wp:featuredmedia":[{"embeddable":true,"href":"https:\/\/www.optistar.es\/en\/wp-json\/wp\/v2\/media\/1046"}],"wp:attachment":[{"href":"https:\/\/www.optistar.es\/en\/wp-json\/wp\/v2\/media?parent=1044"}],"wp:term":[{"taxonomy":"product_brand","embeddable":true,"href":"https:\/\/www.optistar.es\/en\/wp-json\/wp\/v2\/product_brand?post=1044"},{"taxonomy":"product_cat","embeddable":true,"href":"https:\/\/www.optistar.es\/en\/wp-json\/wp\/v2\/product_cat?post=1044"},{"taxonomy":"product_tag","embeddable":true,"href":"https:\/\/www.optistar.es\/en\/wp-json\/wp\/v2\/product_tag?post=1044"}],"curies":[{"name":"wp","href":"https:\/\/api.w.org\/{rel}","templated":true}]}}