{"id":1051,"date":"2020-09-29T11:28:39","date_gmt":"2020-09-29T09:28:39","guid":{"rendered":"https:\/\/www.optistar.es\/?post_type=product&#038;p=1051"},"modified":"2020-09-29T11:28:40","modified_gmt":"2020-09-29T09:28:40","slug":"clariti-1-day-toric-30-unid","status":"publish","type":"product","link":"https:\/\/www.optistar.es\/en\/product\/clariti-1-day-toric-30-unid\/","title":{"rendered":"Clariti 1 day toric 30 UNID"},"content":{"rendered":"<div class=\"practitioner-product__features\">\n<ul class=\"practitioner-product__practitioner-product-callout-list practitioner-product-callout-list-item-items\">\n<li class=\"practitioner-product-callout-list-item-item practitioner-product__practitioner-product-callout-list-item practitioner-product--full__practitioner-product-callout-list-item even\">Correcci\u00f3n de astigmatismo<\/li>\n<li class=\"practitioner-product-callout-list-item-item practitioner-product__practitioner-product-callout-list-item practitioner-product--full__practitioner-product-callout-list-item odd\"><i class=\"fa fa-check\"><\/i>Material de hidrogel de silicona<\/li>\n<li class=\"practitioner-product-callout-list-item-item practitioner-product__practitioner-product-callout-list-item practitioner-product--full__practitioner-product-callout-list-item even\"><i class=\"fa fa-check\"><\/i>Permite una excelente comodidad durante todo el d\u00eda<\/li>\n<li class=\"practitioner-product-callout-list-item-item practitioner-product__practitioner-product-callout-list-item practitioner-product--full__practitioner-product-callout-list-item odd\"><i class=\"fa fa-check\"><\/i>Protecci\u00f3n contra rayos UVA y UVB<\/li>\n<li class=\"practitioner-product-callout-list-item-item practitioner-product__practitioner-product-callout-list-item practitioner-product--full__practitioner-product-callout-list-item even\"><i class=\"fa fa-check\"><\/i>Lentes de reemplazo diario<\/li>\n<li class=\"practitioner-product-callout-list-item-item practitioner-product__practitioner-product-callout-list-item practitioner-product--full__practitioner-product-callout-list-item odd\"><i class=\"fa fa-check\"><\/i>M\u00e1s opciones de prescripci\u00f3n* que cualquier otra lente de contacto de hidrogel de silicona diaria desechable.(7)<\/li>\n<\/ul>\n<\/div>\n<div class=\"body-item practitioner-product__body practitioner-product--full__body even\">\n<div class=\"wysiwyg-widget--two-column-text\">\n<div class=\"wysiwyg-widget--two-column-text__col-first\">\n<h3 class=\"wysiwyg-widget--two-column-text__col-first-title\">Las ventajas para la salud del hidrogel de silicona en una lente de contacto ganadora de premios<\/h3>\n<div class=\"wysiwyg-widget--two-column-text__col-first-content\">\n<p>Clariti 1 day toric permite a sus pacientes con astigmatismo disfrutar de la comodidad de una lente desechable diaria y de las ventajas para la salud del hidrogel de silicona.<\/p>\n<p><strong>Desde el 11 de mayo de 2020, clariti 1 day toric aumenta sus opciones de prescripci\u00f3n en casi un 50%, ofreciendo 2332 graduaciones posibles*, m\u00e1s que cualquier otra lente de contacto desechable diaria t\u00f3ricas de hidrogel de silicona.<sup>7<\/sup><\/strong><\/p>\n<p>Ganadora del premio Optician 2012 al Producto de lentes de contacto del a\u00f1o, clariti 1 day toric es una lente de contacto de hidrogel de silicona desechable diaria para el astigmatismo. Para sus pacientes, el hidrogel de silicona permite tener los ojos m\u00e1s blancos y una experiencia de uso m\u00e1s saludable. La lente clariti 1 day permite un consumo de ox\u00edgeno corneal del 100 %. De hecho, ofrece una cantidad de ox\u00edgeno mayor que la recomendada en toda la superficie de la lente para ayudar a mantener la salud ocular.<\/p>\n<p>Y para su pr\u00e1ctica profesional, le gustar\u00e1 saber que las caracter\u00edsticas de clariti 1 day toric incluyen una amplia gama de potencias. Con clariti 1 day toric, podr\u00e1 adaptar a muchos\u00a0pacientes y ofrecerla a muchos\u00a0pacientes.<\/p>\n<\/div>\n<\/div>\n<div class=\"wysiwyg-widget--two-column-text__col-second\">\n<h3 class=\"wysiwyg-widget--two-column-text__col-second-title\">La tecnolog\u00eda WetLoc\u2122\u00a0ofrece una excelente comodidad durante todo el d\u00eda<\/h3>\n<div class=\"wysiwyg-widget--two-column-text__col-second-content\">\n<p>Las lentes clariti 1 day toric de CooperVision incluyen la tecnolog\u00eda WetLoc\u2122, un proceso que crea una lente hidrof\u00edlica con una humectabilidad \u00f3ptima.<\/p>\n<p>WetLoc es una tecnolog\u00eda de tratamiento de superficies que modifica la estructura de las mol\u00e9culas de silicona hidrof\u00f3bicas para que se conviertan en hidrof\u00edlicas. Esto crea una lente que atrae y retiene de forma natural las mol\u00e9culas de agua, manteni\u00e9ndolas fuertemente pegadas a la superficie de la lente. WetLoc\u2122 ofrece una humectabilidad continua durante todo el tiempo de uso. El resultado es una lente con un alto contenido de agua(6) que ofrece una excelente comodidad durante todo el d\u00eda a sus pacientes.<\/p>\n<p>Hable a sus pacientes sobre las ventajas para la salud y la comodidad diaria de clariti 1 day toric. Una lente de contacto desechable diaria de hidrogel de silicona\u00a0para el astigmatismo y ofrece una amplia gama de potencias.<\/p>\n<\/div>\n<\/div>\n<\/div>\n<\/div>\n<button class=\"timify-button\" data-account-id=\"5f58bcb99d3fd111af93bfcd\">MAKE AN APPOINTMENT<\/button>","protected":false},"excerpt":{"rendered":"<div class=\"practitioner-product__features\">\n<p>Hidrogel de silicona\u00a0 la opci\u00f3n perfecta para la comodidad, la visi\u00f3n n\u00edtida y la salud ocular.<\/p>\n<p>Lentilla diaria para astigmatismo, 30 unid<\/p>\n<\/div>\n<div class=\"body-item practitioner-product__body practitioner-product--full__body even\">\n<div class=\"wysiwyg-widget--two-column-text\">\n<div class=\"wysiwyg-widget--two-column-text__col-first\"><\/div>\n<div class=\"wysiwyg-widget--two-column-text__col-second\">\n<div class=\"wysiwyg-widget--two-column-text__col-second-content\">\n<p>&nbsp;<\/p>\n<\/div>\n<\/div>\n<\/div>\n<\/div>","protected":false},"featured_media":1052,"template":"","meta":{"neve_meta_sidebar":"","neve_meta_container":"","neve_meta_enable_content_width":"off","neve_meta_content_width":0,"neve_meta_title_alignment":"","neve_meta_author_avatar":"","neve_post_elements_order":"","neve_meta_disable_header":"","neve_meta_disable_footer":"","neve_meta_disable_title":"","_themeisle_gutenberg_block_has_review":false,"_joinchat":[]},"product_brand":[],"product_cat":[116,30],"product_tag":[],"class_list":{"0":"post-1051","1":"product","2":"type-product","3":"status-publish","4":"has-post-thumbnail","6":"product_cat-diarias","7":"product_cat-lentillas","8":"pa_cilindro-lentilla-diaria-0-75","9":"pa_cilindro-lentilla-diaria-1-25","10":"pa_cilindro-lentilla-diaria-1-75","11":"pa_cilindro-lentilla-diaria-2-25","12":"pa_eje-lentilla-diaria-168","13":"pa_eje-lentilla-diaria-177","14":"pa_eje-lentilla-diaria-178","15":"pa_eje-lentilla-diaria-179","16":"pa_eje-lentilla-diaria-180","17":"pa_eje-lentilla-diaria-181","18":"pa_eje-lentilla-diaria-182","19":"pa_eje-lentilla-diaria-183","20":"pa_eje-lentilla-diaria-184","21":"pa_eje-lentilla-diaria-185","22":"pa_eje-lentilla-diaria-169","23":"pa_eje-lentilla-diaria-170","24":"pa_eje-lentilla-diaria-171","25":"pa_eje-lentilla-diaria-172","26":"pa_eje-lentilla-diaria-173","27":"pa_eje-lentilla-diaria-174","28":"pa_eje-lentilla-diaria-175","29":"pa_eje-lentilla-diaria-176","31":"first","32":"instock","33":"taxable","34":"shipping-taxable","35":"purchasable","36":"product-type-variable","37":"has-default-attributes"},"_links":{"self":[{"href":"https:\/\/www.optistar.es\/en\/wp-json\/wp\/v2\/product\/1051","targetHints":{"allow":["GET"]}}],"collection":[{"href":"https:\/\/www.optistar.es\/en\/wp-json\/wp\/v2\/product"}],"about":[{"href":"https:\/\/www.optistar.es\/en\/wp-json\/wp\/v2\/types\/product"}],"wp:featuredmedia":[{"embeddable":true,"href":"https:\/\/www.optistar.es\/en\/wp-json\/wp\/v2\/media\/1052"}],"wp:attachment":[{"href":"https:\/\/www.optistar.es\/en\/wp-json\/wp\/v2\/media?parent=1051"}],"wp:term":[{"taxonomy":"product_brand","embeddable":true,"href":"https:\/\/www.optistar.es\/en\/wp-json\/wp\/v2\/product_brand?post=1051"},{"taxonomy":"product_cat","embeddable":true,"href":"https:\/\/www.optistar.es\/en\/wp-json\/wp\/v2\/product_cat?post=1051"},{"taxonomy":"product_tag","embeddable":true,"href":"https:\/\/www.optistar.es\/en\/wp-json\/wp\/v2\/product_tag?post=1051"}],"curies":[{"name":"wp","href":"https:\/\/api.w.org\/{rel}","templated":true}]}}