{"id":1104,"date":"2020-09-29T11:37:26","date_gmt":"2020-09-29T09:37:26","guid":{"rendered":"https:\/\/www.optistar.es\/?post_type=product&#038;p=1104"},"modified":"2020-09-29T11:37:26","modified_gmt":"2020-09-29T09:37:26","slug":"clariti-1-day-multifocal-30-unid","status":"publish","type":"product","link":"https:\/\/www.optistar.es\/en\/product\/clariti-1-day-multifocal-30-unid\/","title":{"rendered":"Clariti 1 day multifocal 30 UNID"},"content":{"rendered":"<div class=\"practitioner-product__features\">\n<ul class=\"practitioner-product__practitioner-product-callout-list practitioner-product-callout-list-item-items\">\n<li class=\"practitioner-product-callout-list-item-item practitioner-product__practitioner-product-callout-list-item practitioner-product--full__practitioner-product-callout-list-item even\">Correcci\u00f3n de la presbicia<\/li>\n<li class=\"practitioner-product-callout-list-item-item practitioner-product__practitioner-product-callout-list-item practitioner-product--full__practitioner-product-callout-list-item odd\"><i class=\"fa fa-check\"><\/i>Material de hidrogel de silicona<\/li>\n<li class=\"practitioner-product-callout-list-item-item practitioner-product__practitioner-product-callout-list-item practitioner-product--full__practitioner-product-callout-list-item even\"><i class=\"fa fa-check\"><\/i>Permite una excelente comodidad durante todo el d\u00eda<\/li>\n<li class=\"practitioner-product-callout-list-item-item practitioner-product__practitioner-product-callout-list-item practitioner-product--full__practitioner-product-callout-list-item odd\"><i class=\"fa fa-check\"><\/i>Protecci\u00f3n contra rayos UVA y UVB<\/li>\n<li class=\"practitioner-product-callout-list-item-item practitioner-product__practitioner-product-callout-list-item practitioner-product--full__practitioner-product-callout-list-item even\"><i class=\"fa fa-check\"><\/i>Lentes de reemplazo diario<\/li>\n<\/ul>\n<\/div>\n<div class=\"body-item practitioner-product__body practitioner-product--full__body even\">\n<div class=\"wysiwyg-widget--two-column-text\">\n<div class=\"wysiwyg-widget--two-column-text__col-first\">\n<h3 class=\"wysiwyg-widget--two-column-text__col-first-title\">La comodidad de las desechables diarias m\u00e1s la salud del hidrogel de silicona<\/h3>\n<div class=\"wysiwyg-widget--two-column-text__col-first-content\">\n<p>Clariti 1 day multifocal permite a sus pacientes con presbicia disfrutar de la comodidad de una lente desechable diaria y de las ventajas para la salud del hidrogel de silicona: es la primera lente desechable diaria de hidrogel de silicona para la presbicia.<\/p>\n<p>Para sus pacientes, el hidrogel de silicona permite tener los ojos m\u00e1s blancos y una experiencia de uso m\u00e1s saludable. La lente clariti 1 day permite un consumo de ox\u00edgeno corneal del 100 %. De hecho, ofrece una cantidad de ox\u00edgeno mayor que la recomendada en toda la superficie de la lente para ayudar a mantener la salud ocular.<\/p>\n<p>Para su pr\u00e1ctica profesional, clariti 1 day multifocal le permite ampliar su oferta con una lente que puede prescribir con plena confianza.<\/p>\n<\/div>\n<\/div>\n<div class=\"wysiwyg-widget--two-column-text__col-second\">\n<h3 class=\"wysiwyg-widget--two-column-text__col-second-title\">La tecnolog\u00eda WetLoc\u2122\u00a0ofrece una excelente comodidad durante todo el d\u00eda<\/h3>\n<div class=\"wysiwyg-widget--two-column-text__col-second-content\">\n<p>Las lentes clariti 1 day multifocal de CooperVision incluyen la tecnolog\u00eda WetLoc\u2122, un proceso que crea una lente hidrof\u00edlica con una humectabilidad \u00f3ptima.<\/p>\n<p>WetLoc es una tecnolog\u00eda de tratamiento de superficies que modifica la estructura de las mol\u00e9culas de silicona hidrof\u00f3bicas para que se conviertan en hidrof\u00edlicas. Esto crea una lente que atrae y retiene de forma natural las mol\u00e9culas de agua, manteni\u00e9ndolas fuertemente pegadas a la superficie de la lente. WetLoc\u2122 ofrece una humectabilidad continua durante todo el tiempo de uso. El resultado es una lente con un alto contenido de agua que ofrece una excelente comodidad durante todo el d\u00eda a sus pacientes.<\/p>\n<p>Hable a sus pacientes sobre las ventajas para la salud y la comodidad diaria de clariti 1 day multifocal, la primera lente de contacto de hidrogel de silicona desechable diaria para la presbicia.<\/p>\n<\/div>\n<\/div>\n<\/div>\n<\/div>\n<button class=\"timify-button\" data-account-id=\"5f58bcb99d3fd111af93bfcd\">MAKE AN APPOINTMENT<\/button>","protected":false},"excerpt":{"rendered":"<p>La primera lente de contacto desechable diaria de hidrogel de silicona para la presbicia.<\/p>\n<p>Lentilla reemplazo diario , 30 unid<\/p>","protected":false},"featured_media":1106,"template":"","meta":{"neve_meta_sidebar":"","neve_meta_container":"","neve_meta_enable_content_width":"off","neve_meta_content_width":0,"neve_meta_title_alignment":"","neve_meta_author_avatar":"","neve_post_elements_order":"","neve_meta_disable_header":"","neve_meta_disable_footer":"","neve_meta_disable_title":"","_themeisle_gutenberg_block_has_review":false,"_joinchat":[]},"product_brand":[],"product_cat":[116,30],"product_tag":[],"class_list":{"0":"post-1104","1":"product","2":"type-product","3":"status-publish","4":"has-post-thumbnail","6":"product_cat-diarias","7":"product_cat-lentillas","9":"first","10":"instock","11":"taxable","12":"shipping-taxable","13":"purchasable","14":"product-type-variable","15":"has-default-attributes"},"_links":{"self":[{"href":"https:\/\/www.optistar.es\/en\/wp-json\/wp\/v2\/product\/1104","targetHints":{"allow":["GET"]}}],"collection":[{"href":"https:\/\/www.optistar.es\/en\/wp-json\/wp\/v2\/product"}],"about":[{"href":"https:\/\/www.optistar.es\/en\/wp-json\/wp\/v2\/types\/product"}],"wp:featuredmedia":[{"embeddable":true,"href":"https:\/\/www.optistar.es\/en\/wp-json\/wp\/v2\/media\/1106"}],"wp:attachment":[{"href":"https:\/\/www.optistar.es\/en\/wp-json\/wp\/v2\/media?parent=1104"}],"wp:term":[{"taxonomy":"product_brand","embeddable":true,"href":"https:\/\/www.optistar.es\/en\/wp-json\/wp\/v2\/product_brand?post=1104"},{"taxonomy":"product_cat","embeddable":true,"href":"https:\/\/www.optistar.es\/en\/wp-json\/wp\/v2\/product_cat?post=1104"},{"taxonomy":"product_tag","embeddable":true,"href":"https:\/\/www.optistar.es\/en\/wp-json\/wp\/v2\/product_tag?post=1104"}],"curies":[{"name":"wp","href":"https:\/\/api.w.org\/{rel}","templated":true}]}}