{"id":1110,"date":"2020-09-29T11:57:21","date_gmt":"2020-09-29T09:57:21","guid":{"rendered":"https:\/\/www.optistar.es\/?post_type=product&#038;p=1110"},"modified":"2020-09-29T12:00:04","modified_gmt":"2020-09-29T10:00:04","slug":"myday-90-unid","status":"publish","type":"product","link":"https:\/\/www.optistar.es\/en\/product\/myday-90-unid\/","title":{"rendered":"MyDay\u00ae 90 UNID"},"content":{"rendered":"<div class=\"practitioner-product__features\">\n<ul class=\"practitioner-product__practitioner-product-callout-list practitioner-product-callout-list-item-items\">\n<li class=\"practitioner-product-callout-list-item-item practitioner-product__practitioner-product-callout-list-item practitioner-product--full__practitioner-product-callout-list-item even\">Correcci\u00f3n de miop\u00eda e hipermetrop\u00eda<\/li>\n<li class=\"practitioner-product-callout-list-item-item practitioner-product__practitioner-product-callout-list-item practitioner-product--full__practitioner-product-callout-list-item odd\"><i class=\"fa fa-check\"><\/i>La revolucionaria tecnolog\u00eda Smart Silicone\u2122 utiliza menos silicona para dejar en la lente m\u00e1s espacio para el contenido de agua y ofrecer una suavidad \u00f3ptima mejor que la de otras desechables diarias de hidrogel de silicona<\/li>\n<li class=\"practitioner-product-callout-list-item-item practitioner-product__practitioner-product-callout-list-item practitioner-product--full__practitioner-product-callout-list-item even\"><i class=\"fa fa-check\"><\/i>Protecci\u00f3n contra rayos UVA y UVB<\/li>\n<li class=\"practitioner-product-callout-list-item-item practitioner-product__practitioner-product-callout-list-item practitioner-product--full__practitioner-product-callout-list-item odd\"><i class=\"fa fa-check\"><\/i>Lentes de reemplazo diario<\/li>\n<\/ul>\n<\/div>\n<div class=\"body-item practitioner-product__body practitioner-product--full__body even\">\n<div class=\"wysiwyg-widget--two-column-text\">\n<div class=\"wysiwyg-widget--two-column-text__col-first\">\n<h3 class=\"wysiwyg-widget--two-column-text__col-first-title\">Smart Silicone es un revolucionario avance en los materiales para lentes de contacto<\/h3>\n<div class=\"wysiwyg-widget--two-column-text__col-first-content\">\n<p>Las lentes MyDay\u00ae de CooperVision\u00ae llevan el uso de las lentes desechables diarias de hidrogel de silicona al siguiente nivel. Esto es as\u00ed porque solo MyDay ofrece Smart Silicone\u2122, un revolucionario avance en la creaci\u00f3n de materiales para lentes de contacto que combina todo lo que sus pacientes necesitan para conseguir una excepcional experiencia general con las lentes de contacto desechables diarias: confort y manipulaci\u00f3n, m\u00e1s las ventajas para la salud del hidrogel de silicona.<\/p>\n<p>Smart Silicone optimiza la permeabilidad al ox\u00edgeno en una lente que solo tiene un 4,4\u00a0% de silicona: el porcentaje de silicona m\u00e1s bajo en una lente desechable diaria de hidrogel de silicona. Al utilizar menos silicona, Smart Silicone deja en la lente m\u00e1s espacio para incorporar un alto contenido de agua que aumentan la comodidad. Tambi\u00e9n permite un m\u00f3dulo bajo. Adem\u00e1s, Smart Silicone ofrece una suavidad \u00f3ptima manteniendo al mismo tiempo una \u00a0excepcional manipulaci\u00f3n.<\/p>\n<\/div>\n<\/div>\n<div class=\"wysiwyg-widget--two-column-text__col-second\">\n<h3 class=\"wysiwyg-widget--two-column-text__col-second-title\">Un avanzado dise\u00f1o de lente que ofrece una sensaci\u00f3n m\u00e1s natural<\/h3>\n<div class=\"wysiwyg-widget--two-column-text__col-second-content\">\n<p>Para aumentar a\u00fan m\u00e1s el confort y la satisfacci\u00f3n del paciente, las lentes de contacto MyDay incorporan un avanzado dise\u00f1o, con una superficie suave y un borde redondeado, que ofrece una sensaci\u00f3n m\u00e1s natural ya que el p\u00e1rpado se desliza sin esfuerzo sobre la lente.<\/p>\n<p>Y para ayudar a fomentar la salud ocular a largo plazo, la protecci\u00f3n contra radiaci\u00f3n UV incorporada en las lentes MyDay filtra un 85\u00a0% de los rayos UVA y un 96\u00a0% de los rayos UVB(1).<\/p>\n<p>Incorpore las lentes de contacto MyDay a su pr\u00e1ctica profesional. Son las lentes desechables diarias de hidrogel de silicona llevadas al siguiente nivel: combinan todo lo que sus pacientes necesitan para conseguir una excepcional experiencia general con las lentes de contacto desechables diarias.<\/p>\n<\/div>\n<\/div>\n<\/div>\n<\/div>\n<button class=\"timify-button\" data-account-id=\"5f58bcb99d3fd111af93bfcd\">MAKE AN APPOINTMENT<\/button>","protected":false},"excerpt":{"rendered":"<p>Comodidad y manipulaci\u00f3n que ofrecen una excepcional experiencia general con las lentes de contacto desechables diarias.<\/p>\n<p>Lentillas reemplazo diario 30 unid<\/p>","protected":false},"featured_media":1112,"template":"","meta":{"neve_meta_sidebar":"","neve_meta_container":"","neve_meta_enable_content_width":"off","neve_meta_content_width":0,"neve_meta_title_alignment":"","neve_meta_author_avatar":"","neve_post_elements_order":"","neve_meta_disable_header":"","neve_meta_disable_footer":"","neve_meta_disable_title":"","_themeisle_gutenberg_block_has_review":false,"_joinchat":[]},"product_brand":[],"product_cat":[116,30],"product_tag":[],"class_list":{"0":"post-1110","1":"product","2":"type-product","3":"status-publish","4":"has-post-thumbnail","6":"product_cat-diarias","7":"product_cat-lentillas","9":"first","10":"instock","11":"taxable","12":"shipping-taxable","13":"purchasable","14":"product-type-variable","15":"has-default-attributes"},"_links":{"self":[{"href":"https:\/\/www.optistar.es\/en\/wp-json\/wp\/v2\/product\/1110","targetHints":{"allow":["GET"]}}],"collection":[{"href":"https:\/\/www.optistar.es\/en\/wp-json\/wp\/v2\/product"}],"about":[{"href":"https:\/\/www.optistar.es\/en\/wp-json\/wp\/v2\/types\/product"}],"wp:featuredmedia":[{"embeddable":true,"href":"https:\/\/www.optistar.es\/en\/wp-json\/wp\/v2\/media\/1112"}],"wp:attachment":[{"href":"https:\/\/www.optistar.es\/en\/wp-json\/wp\/v2\/media?parent=1110"}],"wp:term":[{"taxonomy":"product_brand","embeddable":true,"href":"https:\/\/www.optistar.es\/en\/wp-json\/wp\/v2\/product_brand?post=1110"},{"taxonomy":"product_cat","embeddable":true,"href":"https:\/\/www.optistar.es\/en\/wp-json\/wp\/v2\/product_cat?post=1110"},{"taxonomy":"product_tag","embeddable":true,"href":"https:\/\/www.optistar.es\/en\/wp-json\/wp\/v2\/product_tag?post=1110"}],"curies":[{"name":"wp","href":"https:\/\/api.w.org\/{rel}","templated":true}]}}