{"id":1113,"date":"2020-09-29T12:14:51","date_gmt":"2020-09-29T10:14:51","guid":{"rendered":"https:\/\/www.optistar.es\/?post_type=product&#038;p=1113"},"modified":"2020-09-29T12:14:51","modified_gmt":"2020-09-29T10:14:51","slug":"myday-toric-30-unid","status":"publish","type":"product","link":"https:\/\/www.optistar.es\/en\/product\/myday-toric-30-unid\/","title":{"rendered":"MyDay\u00ae toric 30 UNID"},"content":{"rendered":"<div class=\"practitioner-product__features\">\n<ul class=\"practitioner-product__practitioner-product-callout-list practitioner-product-callout-list-item-items\">\n<li class=\"practitioner-product-callout-list-item-item practitioner-product__practitioner-product-callout-list-item practitioner-product--full__practitioner-product-callout-list-item even\">Visi\u00f3n \u2013 Optimised Toric Lens Geometry\u2122 para una visi\u00f3n excepcional.<\/li>\n<li class=\"practitioner-product-callout-list-item-item practitioner-product__practitioner-product-callout-list-item practitioner-product--full__practitioner-product-callout-list-item odd\"><i class=\"fa fa-check\"><\/i>Comodidad \u2013 Tecnolog\u00eda Smart Silicone\u2122 para una comodidad inigualable.<\/li>\n<li class=\"practitioner-product-callout-list-item-item practitioner-product__practitioner-product-callout-list-item practitioner-product--full__practitioner-product-callout-list-item even\"><i class=\"fa fa-check\"><\/i>Salud \u2013 Material de hidrogel de silicona para una alta transmisibilidad al ox\u00edgeno.<\/li>\n<li class=\"practitioner-product-callout-list-item-item practitioner-product__practitioner-product-callout-list-item practitioner-product--full__practitioner-product-callout-list-item odd\"><i class=\"fa fa-check\"><\/i>Protecci\u00f3n \u2013 Filtro de protecci\u00f3n UVA y UVB.<\/li>\n<li class=\"practitioner-product-callout-list-item-item practitioner-product__practitioner-product-callout-list-item practitioner-product--full__practitioner-product-callout-list-item even\"><i class=\"fa fa-check\"><\/i>Ventaja \u2013 Reemplazo diario.<\/li>\n<\/ul>\n<\/div>\n<div class=\"body-item practitioner-product__body practitioner-product--full__body even\">\n<div class=\"wysiwyg-widget--two-column-text\">\n<div class=\"wysiwyg-widget--two-column-text__col-first\">\n<h3 class=\"wysiwyg-widget--two-column-text__col-first-title\">Optimised Toric Lens Geometry\u2122 \u2013 Ofrece una visi\u00f3n excepcional para sus pacientes con astigmatismo.<\/h3>\n<div class=\"wysiwyg-widget--two-column-text__col-first-content\">\n<p>Con la misma tecnolog\u00eda que\u00a0nuestra lente de contacto de remplazo mensual l\u00edder para astigmatismo, Biofinity toric.<\/p>\n<ul>\n<li><strong>Perfil de espesor horizontal uniforme ISO<\/strong>\u00a0\u2013 Mejora la estabilidad de la lente y reduce la rotaci\u00f3n para una mejor agudeza visual.<\/li>\n<li><strong>Superficie continua y lisa<\/strong>\u00a0\u2013 Minimiza el movimiento de la lente en la interacci\u00f3n con el p\u00e1rpado para una comodidad general excepcional.<\/li>\n<li><strong>Amplia zona \u00f3ptica t\u00f3rica<\/strong>\u00a0\u2013 Proporciona una visi\u00f3n n\u00edtida.<\/li>\n<li><strong>Dise\u00f1o t\u00f3rico optimizado\u00a0<\/strong>\u2013 Menos rotaci\u00f3n para una mayor estabilidad visual.<\/li>\n<\/ul>\n<p>88 de\u00a0100 pacientes destacaron MyDay\u00ae por su\u00a0<strong>r\u00e1pida adaptaci\u00f3n\u00a0en los ojos<\/strong>\u00a0y 88 de 100 por una\u00a0<strong>excelente estabilidad en la visi\u00f3n<\/strong>.<\/p>\n<\/div>\n<\/div>\n<div class=\"wysiwyg-widget--two-column-text__col-second\">\n<h3 class=\"wysiwyg-widget--two-column-text__col-second-title\">Tecnolog\u00eda Smart Silicone\u2122 \u00a0\u2013 La tecnolog\u00eda detr\u00e1s de una comodidad inigualable.<\/h3>\n<div class=\"wysiwyg-widget--two-column-text__col-second-content\">\n<p>MyDay\u00ae toric utiliza\u00a0la tecnolog\u00eda Smart Silicone\u2122 para proporcionar una experiencia de uso excepcional. Los canales de silicona de la avanzada tecnolog\u00eda del material de MyDay\u00ae transportan el ox\u00edgeno de forma tan eficiente que se necesita menos cantidad de silicio, ofreciendo as\u00ed una humectabilidad natural y un contenido en agua \u00f3ptimo.<\/p>\n<ul>\n<li><strong>Largas cadenas de silicona<\/strong> \u2013\u00a0Hasta cuatro veces el Dk\/t de una lente de contacto desechable diaria de hidrogel para una experiencia de uso m\u00e1s saludable.<\/li>\n<li><strong>Grupos hidrof\u00edlicos unidos molecularmente<\/strong>\u00a0\u2013\u00a0Proporciona una alto contenido en agua para una comodidad duradera.<\/li>\n<li><strong>Menos cantidad de silicio\u00a0<\/strong>\u2013\u00a0Supone una lente m\u00e1s flexible, una experiencia de uso m\u00e1s suave y c\u00f3moda.<\/li>\n<\/ul>\n<p>Hable a sus pacientes con astigmatismo sobre la visi\u00f3n excepcional y la comodidad inigualable de las lentes de contacto diarias MyDay\u00ae toric &#8211; una excelente elecci\u00f3n para nuevos pacientes y una oportunidad para evolucionar a sus pacientes de lentes de contacto de hidrogel.<\/p>\n<p><strong>Desarrolladas\u00a0con filtro de\u00a0protecci\u00f3n UV.<\/strong><\/p>\n<p>Para ayudar a cuidar la salud ocular a largo plazo, las lentes de contacto MyDay\u00ae toric est\u00e1n desarrolladas con filtro de protecci\u00f3n UV, filtran el 85% de la radiaci\u00f3n UVA y el 96% de la radiaci\u00f3n UVB.<\/p>\n<\/div>\n<\/div>\n<\/div>\n<\/div>\n<button class=\"timify-button\" data-account-id=\"5f58bcb99d3fd111af93bfcd\">MAKE AN APPOINTMENT<\/button>","protected":false},"excerpt":{"rendered":"<p>Dise\u00f1ada para proporcionar una visi\u00f3n excepcional y una comodidad inigualable<\/p>\n<p>Lentilla reemplazo diario 30 unid.<\/p>","protected":false},"featured_media":1115,"template":"","meta":{"neve_meta_sidebar":"","neve_meta_container":"","neve_meta_enable_content_width":"off","neve_meta_content_width":0,"neve_meta_title_alignment":"","neve_meta_author_avatar":"","neve_post_elements_order":"","neve_meta_disable_header":"","neve_meta_disable_footer":"","neve_meta_disable_title":"","_themeisle_gutenberg_block_has_review":false,"_joinchat":[]},"product_brand":[],"product_cat":[116,30],"product_tag":[],"class_list":{"0":"post-1113","1":"product","2":"type-product","3":"status-publish","4":"has-post-thumbnail","6":"product_cat-diarias","7":"product_cat-lentillas","8":"pa_cilindro-lentilla-diaria-0-75","9":"pa_cilindro-lentilla-diaria-1-25","10":"pa_cilindro-lentilla-diaria-1-75","11":"pa_cilindro-lentilla-diaria-2-25","12":"pa_eje-lentilla-diaria-168","13":"pa_eje-lentilla-diaria-177","14":"pa_eje-lentilla-diaria-178","15":"pa_eje-lentilla-diaria-183","16":"pa_eje-lentilla-diaria-184","17":"pa_eje-lentilla-diaria-185","18":"pa_eje-lentilla-diaria-169","19":"pa_eje-lentilla-diaria-174","20":"pa_eje-lentilla-diaria-175","21":"pa_eje-lentilla-diaria-176","23":"first","24":"instock","25":"taxable","26":"shipping-taxable","27":"purchasable","28":"product-type-variable"},"_links":{"self":[{"href":"https:\/\/www.optistar.es\/en\/wp-json\/wp\/v2\/product\/1113","targetHints":{"allow":["GET"]}}],"collection":[{"href":"https:\/\/www.optistar.es\/en\/wp-json\/wp\/v2\/product"}],"about":[{"href":"https:\/\/www.optistar.es\/en\/wp-json\/wp\/v2\/types\/product"}],"wp:featuredmedia":[{"embeddable":true,"href":"https:\/\/www.optistar.es\/en\/wp-json\/wp\/v2\/media\/1115"}],"wp:attachment":[{"href":"https:\/\/www.optistar.es\/en\/wp-json\/wp\/v2\/media?parent=1113"}],"wp:term":[{"taxonomy":"product_brand","embeddable":true,"href":"https:\/\/www.optistar.es\/en\/wp-json\/wp\/v2\/product_brand?post=1113"},{"taxonomy":"product_cat","embeddable":true,"href":"https:\/\/www.optistar.es\/en\/wp-json\/wp\/v2\/product_cat?post=1113"},{"taxonomy":"product_tag","embeddable":true,"href":"https:\/\/www.optistar.es\/en\/wp-json\/wp\/v2\/product_tag?post=1113"}],"curies":[{"name":"wp","href":"https:\/\/api.w.org\/{rel}","templated":true}]}}