{"id":1116,"date":"2020-09-29T12:26:19","date_gmt":"2020-09-29T10:26:19","guid":{"rendered":"https:\/\/www.optistar.es\/?post_type=product&#038;p=1116"},"modified":"2020-09-29T12:26:19","modified_gmt":"2020-09-29T10:26:19","slug":"proclear-1-day-30unid","status":"publish","type":"product","link":"https:\/\/www.optistar.es\/en\/product\/proclear-1-day-30unid\/","title":{"rendered":"Proclear 1 day 30UNID"},"content":{"rendered":"<div class=\"practitioner-product__features\">\n<ul class=\"practitioner-product__practitioner-product-callout-list practitioner-product-callout-list-item-items\">\n<li class=\"practitioner-product-callout-list-item-item practitioner-product__practitioner-product-callout-list-item practitioner-product--full__practitioner-product-callout-list-item even\">Dise\u00f1o \u00f3ptico asf\u00e9rico<\/li>\n<li class=\"practitioner-product-callout-list-item-item practitioner-product__practitioner-product-callout-list-item practitioner-product--full__practitioner-product-callout-list-item odd\"><i class=\"fa fa-check\"><\/i>La modalidad de lentes m\u00e1s saludable<\/li>\n<li class=\"practitioner-product-callout-list-item-item practitioner-product__practitioner-product-callout-list-item practitioner-product--full__practitioner-product-callout-list-item even\"><i class=\"fa fa-check\"><\/i>Hidrataci\u00f3n del 96 % durante 12 horas o m\u00e1s<\/li>\n<li class=\"practitioner-product-callout-list-item-item practitioner-product__practitioner-product-callout-list-item practitioner-product--full__practitioner-product-callout-list-item odd\"><i class=\"fa fa-check\"><\/i>Pueden solucionar la incomodidad que produce la sequedad ocular<\/li>\n<\/ul>\n<\/div>\n<div class=\"body-item practitioner-product__body practitioner-product--full__body even\">\n<div class=\"wysiwyg-widget--two-column-text\">\n<div class=\"wysiwyg-widget--two-column-text__col-first\">\n<h3 class=\"wysiwyg-widget--two-column-text__col-first-title\">Confort excepcional durante todo el d\u00eda para ojo seco<\/h3>\n<div class=\"wysiwyg-widget--two-column-text__col-first-content\">\n<p>Las lentes de contacto Proclear\u00ae 1 Day de CooperVision hacen que la incomodidad que sent\u00edamos al final del d\u00eda sea cosa del pasado. Y lo consiguen porque hemos dise\u00f1ado estas lentes desechables diarias para que pueda ofrecer a sus pacientes unos niveles excepcionales tanto de confort general como de comodidad al final del d\u00eda.<br \/>\nEl dise\u00f1o \u00f3ptico asf\u00e9rico de las lentes Proclear 1 Day corrige las aberraciones de la lente y la aberraci\u00f3n de la c\u00f3rnea te\u00f3rica para ofrecer una visi\u00f3n clara y n\u00edtida. Las lentes Proclear 1 Day tambi\u00e9n mantienen el flujo de ox\u00edgeno para que los ojos del paciente se mantengan blancos y limpios. Adem\u00e1s mantienen una hidrataci\u00f3n del 96\u00a0% durante todo el d\u00eda, incluso despu\u00e9s de 12 horas de uso.<\/p>\n<\/div>\n<\/div>\n<div class=\"wysiwyg-widget--two-column-text__col-second\">\n<h3 class=\"wysiwyg-widget--two-column-text__col-second-title\">La tecnolog\u00eda patentada PC Technology\u2122 es la culpable<\/h3>\n<div class=\"wysiwyg-widget--two-column-text__col-second-content\">\n<p>La tecnolog\u00eda PC Technology\u2122 exclusiva de CooperVision crea un material de lente \u00fanico en el que las mol\u00e9culas de fosforilcolina (PC) atraen y retienen el agua en la superficie, creando una barrera que mantiene las lentes limpias y en perfecto estado.<br \/>\nLas mol\u00e9culas de PC tambi\u00e9n hacen que las lentes permanezcan hidratadas, de forma que los pacientes pueden disfrutar de su comodidad durante todo el d\u00eda.<\/p>\n<\/div>\n<\/div>\n<\/div>\n<\/div>\n<button class=\"timify-button\" data-account-id=\"5f58bcb99d3fd111af93bfcd\">MAKE AN APPOINTMENT<\/button>","protected":false},"excerpt":{"rendered":"<p>Lentillas reemplazo diario 30 unid<\/p>","protected":false},"featured_media":1118,"template":"","meta":{"neve_meta_sidebar":"","neve_meta_container":"","neve_meta_enable_content_width":"off","neve_meta_content_width":0,"neve_meta_title_alignment":"","neve_meta_author_avatar":"","neve_post_elements_order":"","neve_meta_disable_header":"","neve_meta_disable_footer":"","neve_meta_disable_title":"","_themeisle_gutenberg_block_has_review":false,"_joinchat":[]},"product_brand":[],"product_cat":[116,30],"product_tag":[],"class_list":{"0":"post-1116","1":"product","2":"type-product","3":"status-publish","4":"has-post-thumbnail","6":"product_cat-diarias","7":"product_cat-lentillas","9":"first","10":"instock","11":"sale","12":"taxable","13":"shipping-taxable","14":"purchasable","15":"product-type-variable","16":"has-default-attributes"},"_links":{"self":[{"href":"https:\/\/www.optistar.es\/en\/wp-json\/wp\/v2\/product\/1116","targetHints":{"allow":["GET"]}}],"collection":[{"href":"https:\/\/www.optistar.es\/en\/wp-json\/wp\/v2\/product"}],"about":[{"href":"https:\/\/www.optistar.es\/en\/wp-json\/wp\/v2\/types\/product"}],"wp:featuredmedia":[{"embeddable":true,"href":"https:\/\/www.optistar.es\/en\/wp-json\/wp\/v2\/media\/1118"}],"wp:attachment":[{"href":"https:\/\/www.optistar.es\/en\/wp-json\/wp\/v2\/media?parent=1116"}],"wp:term":[{"taxonomy":"product_brand","embeddable":true,"href":"https:\/\/www.optistar.es\/en\/wp-json\/wp\/v2\/product_brand?post=1116"},{"taxonomy":"product_cat","embeddable":true,"href":"https:\/\/www.optistar.es\/en\/wp-json\/wp\/v2\/product_cat?post=1116"},{"taxonomy":"product_tag","embeddable":true,"href":"https:\/\/www.optistar.es\/en\/wp-json\/wp\/v2\/product_tag?post=1116"}],"curies":[{"name":"wp","href":"https:\/\/api.w.org\/{rel}","templated":true}]}}