{"id":1124,"date":"2020-09-29T12:44:08","date_gmt":"2020-09-29T10:44:08","guid":{"rendered":"https:\/\/www.optistar.es\/?post_type=product&#038;p=1124"},"modified":"2020-09-29T13:19:49","modified_gmt":"2020-09-29T11:19:49","slug":"misight-1-day","status":"publish","type":"product","link":"https:\/\/www.optistar.es\/en\/product\/misight-1-day\/","title":{"rendered":"MiSight 1 Day"},"content":{"rendered":"<ul class=\"practitioner-product__practitioner-product-callout-list practitioner-product-callout-list-item-items\">\n<li class=\"practitioner-product-callout-list-item-item practitioner-product__practitioner-product-callout-list-item practitioner-product--full__practitioner-product-callout-list-item even\">Las lentes de contacto MiSight\u00ae 1 day han sido estudiadas durante tres a\u00f1os en ni\u00f1os desde ocho a\u00f1os de edad.<\/li>\n<li class=\"practitioner-product-callout-list-item-item practitioner-product__practitioner-product-callout-list-item practitioner-product--full__practitioner-product-callout-list-item odd\"><i class=\"fa fa-check\"><\/i>Despu\u00e9s de tres a\u00f1os, las lentes de contacto MiSight\u00ae 1 day reducen la progresi\u00f3n de la miop\u00eda un 59%.<\/li>\n<li class=\"practitioner-product-callout-list-item-item practitioner-product__practitioner-product-callout-list-item practitioner-product--full__practitioner-product-callout-list-item even\"><i class=\"fa fa-check\"><\/i>Las lentes de contacto MiSight\u00ae 1 day son aptas para los ni\u00f1os.<\/li>\n<li class=\"practitioner-product-callout-list-item-item practitioner-product__practitioner-product-callout-list-item practitioner-product--full__practitioner-product-callout-list-item odd\"><i class=\"fa fa-check\"><\/i>Los ni\u00f1os afirmaron que MiSight\u00ae 1 day mejor\u00f3 su visi\u00f3n a distintas distancias durante las actividades diarias.<strong>MiSight son las primeras lentillas diarias desechables que ayudan a controlar la progresi\u00f3n de miop\u00eda.<\/strong>Existen varios factores que provocan un aumento de la miop\u00eda, entre ellos est\u00e1n:\n<ol>\n<li>El factor hereditario.<\/li>\n<li>La poca realizaci\u00f3n de actividades al aire libre.<\/li>\n<li>El exceso de acomodaci\u00f3n del ojo en cerca, al incrementarse el aumento del uso de dispositivos digitales en nuestras vidas.<\/li>\n<\/ol>\n<p><strong>El aumento de la miop\u00eda conlleva<\/strong>\u00a0no s\u00f3lo el\u00a0<strong>\u00abllevar los cristales m\u00e1s gruesos\u00bb<\/strong>, sino que los ojos miopes son m\u00e1s susceptibles de tener\u00a0<strong>enfermedades que<\/strong>\u00a0<strong>provocan ceguera,<\/strong>\u00a0como por ejemplo, desprendimiento de retina o degeneraci\u00f3n macular mi\u00f3pica.<\/p>\n<p>Hay estudios que indican que el m\u00e1ximo pico de progresi\u00f3n de la miop\u00eda tiene lugar entre los 6 y los 10 a\u00f1os, por lo tanto se recomienda que los\u00a0<strong>ni\u00f1os miopes<\/strong>\u00a0<strong>de 6 a 20 a\u00f1os reciban un tratamiento de control de la miop\u00eda.<\/strong><\/p>\n<p>Los estudios realizados con las<strong>\u00a0lentillas MiSight<\/strong>\u00a0demuestran que son capaces de frenar la progresi\u00f3n de la miop\u00eda en un 50%.<\/p>\n<p>INFORMACION Y ADAPTACION INDIVIDUAL<\/li>\n<\/ul>\n<button class=\"timify-button\" data-account-id=\"5f58bcb99d3fd111af93bfcd\">MAKE AN APPOINTMENT<\/button>","protected":false},"excerpt":{"rendered":"<p>[video width=\"1024\" height=\"576\" mp4=\"https:\/\/www.optistar.es\/wp-content\/uploads\/2020\/09\/MIS.mp4\"][\/video]<br \/>\n[playlist type=\"video\" ids=\"185\"]<\/p>\n<p><strong>INFORMACION Y ADAPTACION INDIVIDUAL<\/strong><\/p>\n","protected":false},"featured_media":1125,"template":"","meta":{"neve_meta_sidebar":"","neve_meta_container":"","neve_meta_enable_content_width":"off","neve_meta_content_width":0,"neve_meta_title_alignment":"","neve_meta_author_avatar":"","neve_post_elements_order":"","neve_meta_disable_header":"","neve_meta_disable_footer":"","neve_meta_disable_title":"","_themeisle_gutenberg_block_has_review":false,"_joinchat":[]},"product_brand":[],"product_cat":[269,30],"product_tag":[],"class_list":{"0":"post-1124","1":"product","2":"type-product","3":"status-publish","4":"has-post-thumbnail","6":"product_cat-control-de-miopia","7":"product_cat-lentillas","9":"first","10":"instock","11":"taxable","12":"shipping-taxable","13":"product-type-simple"},"_links":{"self":[{"href":"https:\/\/www.optistar.es\/en\/wp-json\/wp\/v2\/product\/1124","targetHints":{"allow":["GET"]}}],"collection":[{"href":"https:\/\/www.optistar.es\/en\/wp-json\/wp\/v2\/product"}],"about":[{"href":"https:\/\/www.optistar.es\/en\/wp-json\/wp\/v2\/types\/product"}],"wp:featuredmedia":[{"embeddable":true,"href":"https:\/\/www.optistar.es\/en\/wp-json\/wp\/v2\/media\/1125"}],"wp:attachment":[{"href":"https:\/\/www.optistar.es\/en\/wp-json\/wp\/v2\/media?parent=1124"}],"wp:term":[{"taxonomy":"product_brand","embeddable":true,"href":"https:\/\/www.optistar.es\/en\/wp-json\/wp\/v2\/product_brand?post=1124"},{"taxonomy":"product_cat","embeddable":true,"href":"https:\/\/www.optistar.es\/en\/wp-json\/wp\/v2\/product_cat?post=1124"},{"taxonomy":"product_tag","embeddable":true,"href":"https:\/\/www.optistar.es\/en\/wp-json\/wp\/v2\/product_tag?post=1124"}],"curies":[{"name":"wp","href":"https:\/\/api.w.org\/{rel}","templated":true}]}}