{"id":1127,"date":"2020-09-29T12:56:19","date_gmt":"2020-09-29T10:56:19","guid":{"rendered":"https:\/\/www.optistar.es\/?post_type=product&#038;p=1127"},"modified":"2020-09-29T13:09:45","modified_gmt":"2020-09-29T11:09:45","slug":"1127","status":"publish","type":"product","link":"https:\/\/www.optistar.es\/en\/product\/1127\/","title":{"rendered":"ESENCIA TRIMESTRAL"},"content":{"rendered":"<p style=\"text-align: left\">Esencia es la nueva lente de contacto trimestral para el control de miop\u00eda que se ha desarrollado con un dise\u00f1o de desenfoque perif\u00e9rico y multifocal que permite al usuario ver bien de lejos y prevenir el aumento del crecimiento axial del ojo.<\/p>\n<p>El desarrollo del ojo no s\u00f3lo se debe a un solo factor, por eso, la efectividad de los m\u00e9todos nunca llegar\u00e1 a ser del 100% para frenar la miop\u00eda, pero una combinaci\u00f3n de t\u00e9cnicas y procedimientos podr\u00eda ser clave para conseguirlo.<\/p>\n<p>Las recomendaciones con esta lente de contacto trimestral es<strong>\u00a0un porte de unas 8 o 10 horas<\/strong>\u00a0diarias como m\u00e1ximo, aunque ser\u00e1 el\u00a0<strong>especialista<\/strong>\u00a0que adapte la lente de contacto quien\u00a0<strong>determine el porte<\/strong>\u00a0para el usuario<strong>\u00a0final\u00a0<\/strong>en funci\u00f3n de la capacidad de sus ojos para llevar la lentilla.<\/p>\n<p>El reemplazo de la lente de contacto se hace cada 90 d\u00edas, por lo que es fundamental apuntar la fecha en la que toca reemplazar las lentillas en el calendario.<\/p>\n<button class=\"timify-button\" data-account-id=\"5f58bcb99d3fd111af93bfcd\">MAKE AN APPOINTMENT<\/button>","protected":false},"excerpt":{"rendered":"<p>Lente de contacto blanda, personalizada, indicada en la correcci\u00f3n y el control de la progresi\u00f3n de la miop\u00eda en usuarios pedi\u00e1tricos y adolescentes<\/p>\n<p>ESENCIA<sup>\u00ae<\/sup>\u00a0es una lente de contacto que requiere una total personalizaci\u00f3n a los par\u00e1metros corneales del usuario. Se fabrica a la medida del usuario al que va destinado.<\/p>\n<p>INFORMACION Y ADAPTACION INDIVIDUAL<\/p>","protected":false},"featured_media":1130,"template":"","meta":{"neve_meta_sidebar":"","neve_meta_container":"","neve_meta_enable_content_width":"off","neve_meta_content_width":0,"neve_meta_title_alignment":"","neve_meta_author_avatar":"","neve_post_elements_order":"","neve_meta_disable_header":"","neve_meta_disable_footer":"","neve_meta_disable_title":"","_themeisle_gutenberg_block_has_review":false,"_joinchat":[]},"product_brand":[],"product_cat":[269,30],"product_tag":[],"class_list":{"0":"post-1127","1":"product","2":"type-product","3":"status-publish","4":"has-post-thumbnail","6":"product_cat-control-de-miopia","7":"product_cat-lentillas","9":"first","10":"instock","11":"taxable","12":"shipping-taxable","13":"product-type-simple"},"_links":{"self":[{"href":"https:\/\/www.optistar.es\/en\/wp-json\/wp\/v2\/product\/1127","targetHints":{"allow":["GET"]}}],"collection":[{"href":"https:\/\/www.optistar.es\/en\/wp-json\/wp\/v2\/product"}],"about":[{"href":"https:\/\/www.optistar.es\/en\/wp-json\/wp\/v2\/types\/product"}],"wp:featuredmedia":[{"embeddable":true,"href":"https:\/\/www.optistar.es\/en\/wp-json\/wp\/v2\/media\/1130"}],"wp:attachment":[{"href":"https:\/\/www.optistar.es\/en\/wp-json\/wp\/v2\/media?parent=1127"}],"wp:term":[{"taxonomy":"product_brand","embeddable":true,"href":"https:\/\/www.optistar.es\/en\/wp-json\/wp\/v2\/product_brand?post=1127"},{"taxonomy":"product_cat","embeddable":true,"href":"https:\/\/www.optistar.es\/en\/wp-json\/wp\/v2\/product_cat?post=1127"},{"taxonomy":"product_tag","embeddable":true,"href":"https:\/\/www.optistar.es\/en\/wp-json\/wp\/v2\/product_tag?post=1127"}],"curies":[{"name":"wp","href":"https:\/\/api.w.org\/{rel}","templated":true}]}}