{"id":1139,"date":"2020-09-29T19:57:53","date_gmt":"2020-09-29T17:57:53","guid":{"rendered":"https:\/\/www.optistar.es\/?post_type=product&#038;p=1139"},"modified":"2020-09-29T19:57:54","modified_gmt":"2020-09-29T17:57:54","slug":"alexa-ar-la-lente-de-ortoqueratologia-de-alta-resolucion","status":"publish","type":"product","link":"https:\/\/www.optistar.es\/en\/product\/alexa-ar-la-lente-de-ortoqueratologia-de-alta-resolucion\/","title":{"rendered":"ALEXA AR, LA LENTE DE ORTOQUERATOLOG\u00cdA DE ALTA RESOLUCI\u00d3N"},"content":{"rendered":"<p>Si todav\u00eda no la conoce le presentamos ALEXA AR, la lente para tratamiento de Ortoqueratolog\u00eda de Alta Resoluci\u00f3n. ALEXA AR debido a su novedoso dise\u00f1o le permite ofrecer las ventajas del tratamiento de Ortoqueratolog\u00eda a un abanico de pacientes mucho m\u00e1s amplio ya que le permite corregir miop\u00edas bajas, moderadas y altas.<\/p>\n<p>La lente ALEXA AR es una lente de contacto r\u00edgida permeable a los gases para la correcci\u00f3n de la miop\u00eda mediante tratamiento ortoqueratol\u00f3gico hasta -10.00 dioptr\u00edas.<\/p>\n<p>La lente\u00a0ALEXA AR\u00a0en sus distintas modalidades\u00a0permite al adaptador iniciarse en los tratamientos de Ortoqueratolog\u00eda desde los casos m\u00e1s sencillos e ir creciendo profesionalmente hasta lograr resolver los casos m\u00e1s complejos. Esto la convierte en la plataforma ideal tanto para el adaptador de lentes de Ortoqueratolog\u00eda con mucha experiencia, porque le ofrece soluciones con las que antes no contaba, como para el profesional que quiere iniciarse en este tipo de tratamientos, por la sencillez del m\u00e9todo y el apoyo del equipo de profesionales del departamento de relaciones profesionales de Tiedra.<\/p>\n<button class=\"timify-button\" data-account-id=\"5f58bcb99d3fd111af93bfcd\">MAKE AN APPOINTMENT<\/button>","protected":false},"excerpt":{"rendered":"<p><strong>ALEXA<\/strong><\/p>\n<ul>\n<li>Rapidez en el moldeo, buenos resultados desde la primera noche.<\/li>\n<li>Rapidez en la memoria, las correcciones estabilizan antes que con anteriores dise\u00f1os.<\/li>\n<li>Amplio rango de correcci\u00f3n: mayor rango de pacientes susceptibles de tratamiento.<\/li>\n<li>Gran centrado merced a su dise\u00f1o, clave para el tratamiento Ortoqueratol\u00f3gico.<\/li>\n<li>Adaptaci\u00f3n normalizada, obtenci\u00f3n del lente a partir de tabla de c\u00e1lculo.<\/li>\n<li>Adaptaci\u00f3n garantizada mediante lente de pr\u00e9stamo.<\/li>\n<\/ul>\n<p><strong>IMFORMACION Y ADAPTACION INDIVIDUAL<\/strong><\/p>","protected":false},"featured_media":1140,"template":"","meta":{"neve_meta_sidebar":"","neve_meta_container":"","neve_meta_enable_content_width":"off","neve_meta_content_width":0,"neve_meta_title_alignment":"","neve_meta_author_avatar":"","neve_post_elements_order":"","neve_meta_disable_header":"","neve_meta_disable_footer":"","neve_meta_disable_title":"","_themeisle_gutenberg_block_has_review":false,"_joinchat":[]},"product_brand":[],"product_cat":[269,30],"product_tag":[],"class_list":{"0":"post-1139","1":"product","2":"type-product","3":"status-publish","4":"has-post-thumbnail","6":"product_cat-control-de-miopia","7":"product_cat-lentillas","9":"first","10":"instock","11":"taxable","12":"shipping-taxable","13":"product-type-simple"},"_links":{"self":[{"href":"https:\/\/www.optistar.es\/en\/wp-json\/wp\/v2\/product\/1139","targetHints":{"allow":["GET"]}}],"collection":[{"href":"https:\/\/www.optistar.es\/en\/wp-json\/wp\/v2\/product"}],"about":[{"href":"https:\/\/www.optistar.es\/en\/wp-json\/wp\/v2\/types\/product"}],"wp:featuredmedia":[{"embeddable":true,"href":"https:\/\/www.optistar.es\/en\/wp-json\/wp\/v2\/media\/1140"}],"wp:attachment":[{"href":"https:\/\/www.optistar.es\/en\/wp-json\/wp\/v2\/media?parent=1139"}],"wp:term":[{"taxonomy":"product_brand","embeddable":true,"href":"https:\/\/www.optistar.es\/en\/wp-json\/wp\/v2\/product_brand?post=1139"},{"taxonomy":"product_cat","embeddable":true,"href":"https:\/\/www.optistar.es\/en\/wp-json\/wp\/v2\/product_cat?post=1139"},{"taxonomy":"product_tag","embeddable":true,"href":"https:\/\/www.optistar.es\/en\/wp-json\/wp\/v2\/product_tag?post=1139"}],"curies":[{"name":"wp","href":"https:\/\/api.w.org\/{rel}","templated":true}]}}