{"id":1171,"date":"2020-09-30T12:53:24","date_gmt":"2020-09-30T10:53:24","guid":{"rendered":"https:\/\/www.optistar.es\/?post_type=product&#038;p=1171"},"modified":"2024-03-14T19:41:25","modified_gmt":"2024-03-14T18:41:25","slug":"reflect-hera-02","status":"publish","type":"product","link":"https:\/\/www.optistar.es\/en\/product\/reflect-hera-02\/","title":{"rendered":"REFLECT HERA 02"},"content":{"rendered":"<button class=\"timify-button\" data-account-id=\"5f58bcb99d3fd111af93bfcd\">MAKE AN APPOINTMENT<\/button>","protected":false},"excerpt":{"rendered":"<div id=\"product-description-short-304\" class=\"description\">\n<p class=\"p1\">HERA ES LA LEG\u00cdTIMA ESPOSA DE ZEUS EN EL PANTE\u00d3N OL\u00cdMPICO DE LA MITOLOG\u00cdA GRIEGA CL\u00c1SICA.<\/p>\n<\/div>\n<div class=\"avaliable-only\"><\/div>\n<div class=\"material-title\">Material<\/div>\n<div id=\"product-material-304\" class=\"material-text\">metal<\/div>","protected":false},"featured_media":1172,"template":"","meta":{"neve_meta_sidebar":"","neve_meta_container":"","neve_meta_enable_content_width":"off","neve_meta_content_width":0,"neve_meta_title_alignment":"","neve_meta_author_avatar":"","neve_post_elements_order":"","neve_meta_disable_header":"","neve_meta_disable_footer":"","neve_meta_disable_title":"","_themeisle_gutenberg_block_has_review":false,"_joinchat":[]},"product_brand":[],"product_cat":[277,25,29],"product_tag":[],"class_list":{"0":"post-1171","1":"product","2":"type-product","3":"status-publish","4":"has-post-thumbnail","6":"product_cat-graduado-mujer","7":"product_cat-gafas","8":"product_cat-mujer","10":"first","11":"instock","12":"taxable","13":"shipping-taxable","14":"purchasable","15":"product-type-simple"},"_links":{"self":[{"href":"https:\/\/www.optistar.es\/en\/wp-json\/wp\/v2\/product\/1171","targetHints":{"allow":["GET"]}}],"collection":[{"href":"https:\/\/www.optistar.es\/en\/wp-json\/wp\/v2\/product"}],"about":[{"href":"https:\/\/www.optistar.es\/en\/wp-json\/wp\/v2\/types\/product"}],"wp:featuredmedia":[{"embeddable":true,"href":"https:\/\/www.optistar.es\/en\/wp-json\/wp\/v2\/media\/1172"}],"wp:attachment":[{"href":"https:\/\/www.optistar.es\/en\/wp-json\/wp\/v2\/media?parent=1171"}],"wp:term":[{"taxonomy":"product_brand","embeddable":true,"href":"https:\/\/www.optistar.es\/en\/wp-json\/wp\/v2\/product_brand?post=1171"},{"taxonomy":"product_cat","embeddable":true,"href":"https:\/\/www.optistar.es\/en\/wp-json\/wp\/v2\/product_cat?post=1171"},{"taxonomy":"product_tag","embeddable":true,"href":"https:\/\/www.optistar.es\/en\/wp-json\/wp\/v2\/product_tag?post=1171"}],"curies":[{"name":"wp","href":"https:\/\/api.w.org\/{rel}","templated":true}]}}