{"id":1312,"date":"2020-10-07T19:26:07","date_gmt":"2020-10-07T17:26:07","guid":{"rendered":"https:\/\/www.optistar.es\/?post_type=product&#038;p=1312"},"modified":"2023-04-13T17:59:03","modified_gmt":"2023-04-13T15:59:03","slug":"swarovski-sk-169-20c","status":"publish","type":"product","link":"https:\/\/www.optistar.es\/en\/product\/swarovski-sk-169-20c\/","title":{"rendered":"SWAROVSKI SK 169 20C"},"content":{"rendered":"<button class=\"timify-button\" data-account-id=\"5f58bcb99d3fd111af93bfcd\">MAKE AN APPOINTMENT<\/button>","protected":false},"excerpt":{"rendered":"<h2><strong>SWAROVSKI<\/strong><\/h2>\n<p>La inconfundible artesan\u00eda y creatividad de\u00a0 Swarovski llevadas al dise\u00f1o de gafas en una colecci\u00f3n de gafas de sol con adornos de cristal de estilos cl\u00e1sicos y modernos, fabricadas a mano en Italia. Incorpore a su actual colecci\u00f3n de gafas de sol siluetas \u00fanicas, adornos llenos de luz y coloridas monturas que trascienden tendencias y temporadas.<\/p>","protected":false},"featured_media":1300,"template":"","meta":{"neve_meta_sidebar":"","neve_meta_container":"","neve_meta_enable_content_width":"off","neve_meta_content_width":70,"neve_meta_title_alignment":"","neve_meta_author_avatar":"","neve_post_elements_order":"","neve_meta_disable_header":"","neve_meta_disable_footer":"","neve_meta_disable_title":"","_themeisle_gutenberg_block_has_review":false,"_joinchat":[]},"product_brand":[],"product_cat":[278],"product_tag":[],"class_list":{"0":"post-1312","1":"product","2":"type-product","3":"status-publish","4":"has-post-thumbnail","6":"product_cat-outlet","8":"first","9":"instock","10":"sale","11":"taxable","12":"shipping-taxable","13":"purchasable","14":"product-type-simple"},"_links":{"self":[{"href":"https:\/\/www.optistar.es\/en\/wp-json\/wp\/v2\/product\/1312","targetHints":{"allow":["GET"]}}],"collection":[{"href":"https:\/\/www.optistar.es\/en\/wp-json\/wp\/v2\/product"}],"about":[{"href":"https:\/\/www.optistar.es\/en\/wp-json\/wp\/v2\/types\/product"}],"wp:featuredmedia":[{"embeddable":true,"href":"https:\/\/www.optistar.es\/en\/wp-json\/wp\/v2\/media\/1300"}],"wp:attachment":[{"href":"https:\/\/www.optistar.es\/en\/wp-json\/wp\/v2\/media?parent=1312"}],"wp:term":[{"taxonomy":"product_brand","embeddable":true,"href":"https:\/\/www.optistar.es\/en\/wp-json\/wp\/v2\/product_brand?post=1312"},{"taxonomy":"product_cat","embeddable":true,"href":"https:\/\/www.optistar.es\/en\/wp-json\/wp\/v2\/product_cat?post=1312"},{"taxonomy":"product_tag","embeddable":true,"href":"https:\/\/www.optistar.es\/en\/wp-json\/wp\/v2\/product_tag?post=1312"}],"curies":[{"name":"wp","href":"https:\/\/api.w.org\/{rel}","templated":true}]}}