{"id":1360,"date":"2020-10-15T12:15:21","date_gmt":"2020-10-15T10:15:21","guid":{"rendered":"https:\/\/www.optistar.es\/?post_type=product&#038;p=1360"},"modified":"2023-04-13T17:56:54","modified_gmt":"2023-04-13T15:56:54","slug":"web-eyewear-we0202-34g","status":"publish","type":"product","link":"https:\/\/www.optistar.es\/en\/product\/web-eyewear-we0202-34g\/","title":{"rendered":"WEB EYEWEAR WE0202 34G"},"content":{"rendered":"<button class=\"timify-button\" data-account-id=\"5f58bcb99d3fd111af93bfcd\">MAKE AN APPOINTMENT<\/button>","protected":false},"excerpt":{"rendered":"<h2><strong>WEB EYEWEAR<\/strong><\/h2>\n<p><strong>Las gafas de sol\u00a0<\/strong><strong>Web WE0202 34G<\/strong>\u00a0forman parte de la \u00faltima colecci\u00f3n Web cuidadosamente elaborada tanto para\u00a0<strong>hombres como para mujeres<\/strong>\u00a0(unisex).\u00a0Este elegante\u00a0modelo\u00a0<strong>sin montura<\/strong>\u00a0refleja las \u00faltimas tendencias en anteojos de dise\u00f1ador contempor\u00e1neo y su\u00a0<strong>forma de lente \u00fanica<\/strong>\u00a0hace que\u00a0<strong>Web WE0202 sea<\/strong>\u00a0la elecci\u00f3n perfecta, especialmente para\u00a0<strong>rostros redondos, cuadrados y con forma de coraz\u00f3n<\/strong>\u00a0.<\/p>\n<p>El material utilizado para el marco es\u00a0<strong>metal resistente a la corrosi\u00f3n<\/strong>\u00a0, lo que lo hace pr\u00e1cticamente indestructible.\u00a0Las lentes est\u00e1n dise\u00f1adas para\u00a0<strong>bloquear el 100% de los da\u00f1inos rayos UV<\/strong>\u00a0.<\/p>","protected":false},"featured_media":1363,"template":"","meta":{"neve_meta_sidebar":"left","neve_meta_container":"","neve_meta_enable_content_width":"off","neve_meta_content_width":100,"neve_meta_title_alignment":"","neve_meta_author_avatar":"","neve_post_elements_order":"","neve_meta_disable_header":"","neve_meta_disable_footer":"","neve_meta_disable_title":"","_themeisle_gutenberg_block_has_review":false,"_joinchat":[]},"product_brand":[],"product_cat":[278],"product_tag":[],"class_list":{"0":"post-1360","1":"product","2":"type-product","3":"status-publish","4":"has-post-thumbnail","6":"product_cat-outlet","8":"first","9":"instock","10":"sale","11":"taxable","12":"shipping-taxable","13":"purchasable","14":"product-type-simple"},"_links":{"self":[{"href":"https:\/\/www.optistar.es\/en\/wp-json\/wp\/v2\/product\/1360","targetHints":{"allow":["GET"]}}],"collection":[{"href":"https:\/\/www.optistar.es\/en\/wp-json\/wp\/v2\/product"}],"about":[{"href":"https:\/\/www.optistar.es\/en\/wp-json\/wp\/v2\/types\/product"}],"wp:featuredmedia":[{"embeddable":true,"href":"https:\/\/www.optistar.es\/en\/wp-json\/wp\/v2\/media\/1363"}],"wp:attachment":[{"href":"https:\/\/www.optistar.es\/en\/wp-json\/wp\/v2\/media?parent=1360"}],"wp:term":[{"taxonomy":"product_brand","embeddable":true,"href":"https:\/\/www.optistar.es\/en\/wp-json\/wp\/v2\/product_brand?post=1360"},{"taxonomy":"product_cat","embeddable":true,"href":"https:\/\/www.optistar.es\/en\/wp-json\/wp\/v2\/product_cat?post=1360"},{"taxonomy":"product_tag","embeddable":true,"href":"https:\/\/www.optistar.es\/en\/wp-json\/wp\/v2\/product_tag?post=1360"}],"curies":[{"name":"wp","href":"https:\/\/api.w.org\/{rel}","templated":true}]}}