{"id":1567,"date":"2020-10-20T19:09:38","date_gmt":"2020-10-20T17:09:38","guid":{"rendered":"https:\/\/www.optistar.es\/?post_type=product&#038;p=1567"},"modified":"2020-10-21T12:34:12","modified_gmt":"2020-10-21T10:34:12","slug":"modelo-camper-nao620244","status":"publish","type":"product","link":"https:\/\/www.optistar.es\/en\/product\/modelo-camper-nao620244\/","title":{"rendered":"NANO Modelo CAMPER \/ NAO620244"},"content":{"rendered":"<button class=\"timify-button\" data-account-id=\"5f58bcb99d3fd111af93bfcd\">MAKE AN APPOINTMENT<\/button>","protected":false},"excerpt":{"rendered":"<p><strong>Indestructibles<\/strong><br \/>\nFabricadas en SILIFLEX\u2122, exclusivo material termomoldeable de m\u00e1xima resistencia<\/p>\n<p><strong>Adaptables<\/strong><br \/>\nTerminales ajustables manualmente (sin suplementos)<\/p>\n<p><strong>Ajustables<\/strong><br \/>\nMini-banda incluida para mayor posibilidad de ajuste<\/p>\n<p><strong>Ligeras<\/strong><br \/>\n35% m\u00e1s ligeras que las gafas de acetato<\/p>\n<p><strong>Flexibles<\/strong><br \/>\nTalones flexibilidad con rotaci\u00f3n 360\u00ba<\/p>\n<p><strong>Confortables<\/strong><br \/>\nTerminales recubiertos de Rubber Soft para mayor confort<\/p>\n<p><strong>Funcionales<\/strong><br \/>\nPuente \u201cSoft\u201d anti-deslizante (consultar modelos)<\/p>\n<p><strong>Dos gafas en una<\/strong><br \/>\nSujeci\u00f3n mediante varillas o banda el\u00e1stica<\/p>\n<p>Todas las gafas de ver de la colecci\u00f3n NANO incorporan dos sistemas de sujeci\u00f3n para<br \/>\nadaptarse a todas las situaciones que acontecen en el d\u00eda a d\u00eda de l@s ni\u00f1@s.<\/p>","protected":false},"featured_media":1568,"template":"","meta":{"neve_meta_sidebar":"","neve_meta_container":"","neve_meta_enable_content_width":"off","neve_meta_content_width":0,"neve_meta_title_alignment":"","neve_meta_author_avatar":"","neve_post_elements_order":"","neve_meta_disable_header":"","neve_meta_disable_footer":"","neve_meta_disable_title":"","_themeisle_gutenberg_block_has_review":false,"_joinchat":[]},"product_brand":[],"product_cat":[25,26],"product_tag":[],"class_list":{"0":"post-1567","1":"product","2":"type-product","3":"status-publish","4":"has-post-thumbnail","6":"product_cat-gafas","7":"product_cat-nino","9":"first","10":"instock","11":"taxable","12":"shipping-taxable","13":"purchasable","14":"product-type-simple"},"_links":{"self":[{"href":"https:\/\/www.optistar.es\/en\/wp-json\/wp\/v2\/product\/1567","targetHints":{"allow":["GET"]}}],"collection":[{"href":"https:\/\/www.optistar.es\/en\/wp-json\/wp\/v2\/product"}],"about":[{"href":"https:\/\/www.optistar.es\/en\/wp-json\/wp\/v2\/types\/product"}],"wp:featuredmedia":[{"embeddable":true,"href":"https:\/\/www.optistar.es\/en\/wp-json\/wp\/v2\/media\/1568"}],"wp:attachment":[{"href":"https:\/\/www.optistar.es\/en\/wp-json\/wp\/v2\/media?parent=1567"}],"wp:term":[{"taxonomy":"product_brand","embeddable":true,"href":"https:\/\/www.optistar.es\/en\/wp-json\/wp\/v2\/product_brand?post=1567"},{"taxonomy":"product_cat","embeddable":true,"href":"https:\/\/www.optistar.es\/en\/wp-json\/wp\/v2\/product_cat?post=1567"},{"taxonomy":"product_tag","embeddable":true,"href":"https:\/\/www.optistar.es\/en\/wp-json\/wp\/v2\/product_tag?post=1567"}],"curies":[{"name":"wp","href":"https:\/\/api.w.org\/{rel}","templated":true}]}}