{"id":259,"date":"2020-05-29T14:07:19","date_gmt":"2020-05-29T12:07:19","guid":{"rendered":"https:\/\/www.optistar.es\/?post_type=product&#038;p=259"},"modified":"2025-03-14T18:33:55","modified_gmt":"2025-03-14T17:33:55","slug":"disop-acuaiss-bano-ocular-con-hialuronato-sodico","status":"publish","type":"product","link":"https:\/\/www.optistar.es\/en\/product\/disop-acuaiss-bano-ocular-con-hialuronato-sodico\/","title":{"rendered":"DISOP ACUAISS Eye bath with sodium hyaluronate"},"content":{"rendered":"<p>Acuaiss Ba\u00f1o ocular es una soluci\u00f3n que contiene suero fisiol\u00f3gico con \u00e1cido hialur\u00f3nico. Dispone adem\u00e1s de ba\u00f1era ocular antimicrobiana para la aplicaci\u00f3n del producto.<\/p>\n<p><em>Qu\u00e9 aporta<\/em><br \/>\nLimpieza e hidrataci\u00f3n en un solo paso.<\/p>\n<p><em>Prescripci\u00f3n recomendada<\/em><br \/>\nIndicado en per\u00edodos de alergia estacional para realizar lavados oculares tantas veces como sea necesario y aliviar as\u00ed los s\u00edntomas relacionados con la presencia de al\u00e9rgenos en el ojo.<\/p>\n<button class=\"timify-button\" data-account-id=\"5f58bcb99d3fd111af93bfcd\">MAKE AN APPOINTMENT<\/button>","protected":false},"excerpt":{"rendered":"<p>Alivio de ojos irritados y cansados.<br \/>\nLimpieza ocular en procesos al\u00e9rgicos.<br \/>\nLimpieza de los ojos e hidrataci\u00f3n en un solo paso.<\/p>\n<p><strong>Ba\u00f1o ocular<\/strong><br \/>\nSoluci\u00f3n est\u00e9ril de cloruro s\u00f3dico al 0,9% con hialuronato s\u00f3dico.<\/p>","protected":false},"featured_media":260,"template":"","meta":{"neve_meta_sidebar":"","neve_meta_container":"","neve_meta_enable_content_width":"off","neve_meta_content_width":100,"neve_meta_title_alignment":"","neve_meta_author_avatar":"","neve_post_elements_order":"","neve_meta_disable_header":"","neve_meta_disable_footer":"","neve_meta_disable_title":"","_themeisle_gutenberg_block_has_review":false,"_joinchat":[]},"product_brand":[],"product_cat":[31,33],"product_tag":[],"class_list":{"0":"post-259","1":"product","2":"type-product","3":"status-publish","4":"has-post-thumbnail","6":"product_cat-liquidos","7":"product_cat-salud-ocular","9":"first","10":"outofstock","11":"taxable","12":"shipping-taxable","13":"purchasable","14":"product-type-simple"},"_links":{"self":[{"href":"https:\/\/www.optistar.es\/en\/wp-json\/wp\/v2\/product\/259","targetHints":{"allow":["GET"]}}],"collection":[{"href":"https:\/\/www.optistar.es\/en\/wp-json\/wp\/v2\/product"}],"about":[{"href":"https:\/\/www.optistar.es\/en\/wp-json\/wp\/v2\/types\/product"}],"wp:featuredmedia":[{"embeddable":true,"href":"https:\/\/www.optistar.es\/en\/wp-json\/wp\/v2\/media\/260"}],"wp:attachment":[{"href":"https:\/\/www.optistar.es\/en\/wp-json\/wp\/v2\/media?parent=259"}],"wp:term":[{"taxonomy":"product_brand","embeddable":true,"href":"https:\/\/www.optistar.es\/en\/wp-json\/wp\/v2\/product_brand?post=259"},{"taxonomy":"product_cat","embeddable":true,"href":"https:\/\/www.optistar.es\/en\/wp-json\/wp\/v2\/product_cat?post=259"},{"taxonomy":"product_tag","embeddable":true,"href":"https:\/\/www.optistar.es\/en\/wp-json\/wp\/v2\/product_tag?post=259"}],"curies":[{"name":"wp","href":"https:\/\/api.w.org\/{rel}","templated":true}]}}