{"id":261,"date":"2020-05-29T14:48:58","date_gmt":"2020-05-29T12:48:58","guid":{"rendered":"https:\/\/www.optistar.es\/?post_type=product&#038;p=261"},"modified":"2025-03-14T18:01:00","modified_gmt":"2025-03-14T17:01:00","slug":"disop-hidro-health-h2o2","status":"publish","type":"product","link":"https:\/\/www.optistar.es\/en\/product\/disop-hidro-health-h2o2\/","title":{"rendered":"DISOP Hidro Health H2O2"},"content":{"rendered":"<p>Hidro Health H2O2 es un sistema de per\u00f3xido de un paso con indicador de color para la limpieza de todo tipo de lentes de contacto: convencionales, desechables, de hidrogel de silicona y RGP.<\/p>\n<p><em>Qu\u00e9 aporta<\/em><br \/>\nLa mayor desinfecci\u00f3n: 100% Desinfecci\u00f3n en el 100% de la superficie de la lente. La pastilla neutralizadora no genera burbujas hasta pasados unos 12 minutos, por tanto las lentes est\u00e1n sumergidas este tiempo en una soluci\u00f3n de per\u00f3xido de hidr\u00f3geno al 3% sin que aparezca ninguna burbuja que pueda dejar \u00e1reas sin desinfectar de la lente.<\/p>\n<p><em>La mayor rapidez<\/em><br \/>\nProceso total (desinfecci\u00f3n + neutralizaci\u00f3n) terminado en una hora.<\/p>\n<button class=\"timify-button\" data-account-id=\"5f58bcb99d3fd111af93bfcd\">MAKE AN APPOINTMENT<\/button>","protected":false},"excerpt":{"rendered":"<p>Sistema de per\u00f3xido de un paso con indicador de color.<br \/>\nM\u00e1xima desinfecci\u00f3n.<br \/>\nDesinfecci\u00f3n total sin burbujas durante 12 minutos.<\/p>","protected":false},"featured_media":262,"template":"","meta":{"neve_meta_sidebar":"","neve_meta_container":"","neve_meta_enable_content_width":"off","neve_meta_content_width":100,"neve_meta_title_alignment":"","neve_meta_author_avatar":"","neve_post_elements_order":"","neve_meta_disable_header":"","neve_meta_disable_footer":"","neve_meta_disable_title":"","_themeisle_gutenberg_block_has_review":false,"_joinchat":[]},"product_brand":[],"product_cat":[31],"product_tag":[],"class_list":{"0":"post-261","1":"product","2":"type-product","3":"status-publish","4":"has-post-thumbnail","6":"product_cat-liquidos","8":"first","9":"outofstock","10":"taxable","11":"shipping-taxable","12":"purchasable","13":"product-type-simple"},"_links":{"self":[{"href":"https:\/\/www.optistar.es\/en\/wp-json\/wp\/v2\/product\/261","targetHints":{"allow":["GET"]}}],"collection":[{"href":"https:\/\/www.optistar.es\/en\/wp-json\/wp\/v2\/product"}],"about":[{"href":"https:\/\/www.optistar.es\/en\/wp-json\/wp\/v2\/types\/product"}],"wp:featuredmedia":[{"embeddable":true,"href":"https:\/\/www.optistar.es\/en\/wp-json\/wp\/v2\/media\/262"}],"wp:attachment":[{"href":"https:\/\/www.optistar.es\/en\/wp-json\/wp\/v2\/media?parent=261"}],"wp:term":[{"taxonomy":"product_brand","embeddable":true,"href":"https:\/\/www.optistar.es\/en\/wp-json\/wp\/v2\/product_brand?post=261"},{"taxonomy":"product_cat","embeddable":true,"href":"https:\/\/www.optistar.es\/en\/wp-json\/wp\/v2\/product_cat?post=261"},{"taxonomy":"product_tag","embeddable":true,"href":"https:\/\/www.optistar.es\/en\/wp-json\/wp\/v2\/product_tag?post=261"}],"curies":[{"name":"wp","href":"https:\/\/api.w.org\/{rel}","templated":true}]}}