{"id":275,"date":"2020-06-01T10:17:31","date_gmt":"2020-06-01T08:17:31","guid":{"rendered":"https:\/\/www.optistar.es\/?post_type=product&#038;p=275"},"modified":"2025-10-31T11:32:18","modified_gmt":"2025-10-31T10:32:18","slug":"opti-free-puremoist-solucion-unica-de-alcon-pack-3-unidades-2x300ml90ml","status":"publish","type":"product","link":"https:\/\/www.optistar.es\/en\/product\/opti-free-puremoist-solucion-unica-de-alcon-pack-3-unidades-2x300ml90ml\/","title":{"rendered":"OPTI-FREE PureMoist unique solution from Alcon pack 3 units 2x300ML+90ML"},"content":{"rendered":"<p>OPTI-FREE PureMoist contiene los desinfectantes duales y biocompatibles POLYQUAD y ALDOX que tienen actividad frente a microorganismos da\u00f1inos (bacterias, hongos y acanthamoeba).<br \/>\nLa Matriz Humectante exclusiva envuelve la lente de contacto con un lubricante de larga duraci\u00f3n proporcionando una mejor hidrataci\u00f3n de la lente durante todo el d\u00eda.<br \/>\nHumectaci\u00f3n prolongada, con 16 horas de uso c\u00f3modo de las lentes de contacto.<br \/>\nHasta 6 meses de uso desde la primera apertura del envase.<\/p>\n<button class=\"timify-button\" data-account-id=\"5f58bcb99d3fd111af93bfcd\">MAKE AN APPOINTMENT<\/button>","protected":false},"excerpt":{"rendered":"<p>Soluci\u00f3n \u00fanica desinfectante con la Matriz Humectante HydraGlyde que limpia, aclara, desinfecta, humecta y conserva todo tipo de lentes de contacto blandas, eliminando diariamente los dep\u00f3sitos de l\u00edpidos y prote\u00ednas.<\/p>","protected":false},"featured_media":276,"template":"","meta":{"neve_meta_sidebar":"","neve_meta_container":"","neve_meta_enable_content_width":"off","neve_meta_content_width":100,"neve_meta_title_alignment":"","neve_meta_author_avatar":"","neve_post_elements_order":"","neve_meta_disable_header":"","neve_meta_disable_footer":"","neve_meta_disable_title":"","_themeisle_gutenberg_block_has_review":false,"_joinchat":[]},"product_brand":[],"product_cat":[31],"product_tag":[],"class_list":{"0":"post-275","1":"product","2":"type-product","3":"status-publish","4":"has-post-thumbnail","6":"product_cat-liquidos","8":"first","9":"instock","10":"taxable","11":"shipping-taxable","12":"purchasable","13":"product-type-simple"},"_links":{"self":[{"href":"https:\/\/www.optistar.es\/en\/wp-json\/wp\/v2\/product\/275","targetHints":{"allow":["GET"]}}],"collection":[{"href":"https:\/\/www.optistar.es\/en\/wp-json\/wp\/v2\/product"}],"about":[{"href":"https:\/\/www.optistar.es\/en\/wp-json\/wp\/v2\/types\/product"}],"wp:featuredmedia":[{"embeddable":true,"href":"https:\/\/www.optistar.es\/en\/wp-json\/wp\/v2\/media\/276"}],"wp:attachment":[{"href":"https:\/\/www.optistar.es\/en\/wp-json\/wp\/v2\/media?parent=275"}],"wp:term":[{"taxonomy":"product_brand","embeddable":true,"href":"https:\/\/www.optistar.es\/en\/wp-json\/wp\/v2\/product_brand?post=275"},{"taxonomy":"product_cat","embeddable":true,"href":"https:\/\/www.optistar.es\/en\/wp-json\/wp\/v2\/product_cat?post=275"},{"taxonomy":"product_tag","embeddable":true,"href":"https:\/\/www.optistar.es\/en\/wp-json\/wp\/v2\/product_tag?post=275"}],"curies":[{"name":"wp","href":"https:\/\/api.w.org\/{rel}","templated":true}]}}