{"id":277,"date":"2020-06-01T10:26:06","date_gmt":"2020-06-01T08:26:06","guid":{"rendered":"https:\/\/www.optistar.es\/?post_type=product&#038;p=277"},"modified":"2023-04-13T18:09:15","modified_gmt":"2023-04-13T16:09:15","slug":"systane-complete-multiuso-10ml","status":"publish","type":"product","link":"https:\/\/www.optistar.es\/en\/product\/systane-complete-multiuso-10ml\/","title":{"rendered":"SYSTANE Complete Multipurpose 10ML"},"content":{"rendered":"<p><strong>Caracter\u00edsticas<\/strong><\/p>\n<p>Mayor hidrataci\u00f3n y lubricaci\u00f3n, con m\u00e1s tiempo de retenci\u00f3n.<\/p>\n<p>Act\u00faa sobre todas las capas de la l\u00e1grima.<\/p>\n<p>Mantiene la integridad de la pel\u00edcula lagrimal.<\/p>\n<p>&nbsp;<\/p>\n<p><strong>Beneficios<\/strong><\/p>\n<p><em>Salud:\u00a0<\/em>Protege contra la sequedad.<\/p>\n<p><em>Comodidad:\u00a0<\/em>Para todos los tipos de ojo seco.<\/p>\n<p><em>Formatos: <\/em>Multidosis de 10ML. Hasta 3 meses tras apertura.<\/p>\n<button class=\"timify-button\" data-account-id=\"5f58bcb99d3fd111af93bfcd\">MAKE AN APPOINTMENT<\/button>","protected":false},"excerpt":{"rendered":"<p>La soluci\u00f3n para todo tipo de ojo seco.<\/p>","protected":false},"featured_media":278,"template":"","meta":{"neve_meta_sidebar":"","neve_meta_container":"","neve_meta_enable_content_width":"off","neve_meta_content_width":0,"neve_meta_title_alignment":"","neve_meta_author_avatar":"","neve_post_elements_order":"","neve_meta_disable_header":"","neve_meta_disable_footer":"","neve_meta_disable_title":"","_themeisle_gutenberg_block_has_review":false,"_joinchat":[]},"product_brand":[],"product_cat":[33],"product_tag":[],"class_list":{"0":"post-277","1":"product","2":"type-product","3":"status-publish","4":"has-post-thumbnail","6":"product_cat-salud-ocular","8":"first","9":"instock","10":"taxable","11":"shipping-taxable","12":"purchasable","13":"product-type-simple"},"_links":{"self":[{"href":"https:\/\/www.optistar.es\/en\/wp-json\/wp\/v2\/product\/277","targetHints":{"allow":["GET"]}}],"collection":[{"href":"https:\/\/www.optistar.es\/en\/wp-json\/wp\/v2\/product"}],"about":[{"href":"https:\/\/www.optistar.es\/en\/wp-json\/wp\/v2\/types\/product"}],"wp:featuredmedia":[{"embeddable":true,"href":"https:\/\/www.optistar.es\/en\/wp-json\/wp\/v2\/media\/278"}],"wp:attachment":[{"href":"https:\/\/www.optistar.es\/en\/wp-json\/wp\/v2\/media?parent=277"}],"wp:term":[{"taxonomy":"product_brand","embeddable":true,"href":"https:\/\/www.optistar.es\/en\/wp-json\/wp\/v2\/product_brand?post=277"},{"taxonomy":"product_cat","embeddable":true,"href":"https:\/\/www.optistar.es\/en\/wp-json\/wp\/v2\/product_cat?post=277"},{"taxonomy":"product_tag","embeddable":true,"href":"https:\/\/www.optistar.es\/en\/wp-json\/wp\/v2\/product_tag?post=277"}],"curies":[{"name":"wp","href":"https:\/\/api.w.org\/{rel}","templated":true}]}}