{"id":279,"date":"2020-06-01T14:48:37","date_gmt":"2020-06-01T12:48:37","guid":{"rendered":"https:\/\/www.optistar.es\/?post_type=product&#038;p=279"},"modified":"2024-04-19T11:01:58","modified_gmt":"2024-04-19T09:01:58","slug":"systane-ultra-plus-multiuso-10ml","status":"publish","type":"product","link":"https:\/\/www.optistar.es\/en\/product\/systane-ultra-plus-multiuso-10ml\/","title":{"rendered":"SYSTANE Ultra Plus Multipurpose 10ML"},"content":{"rendered":"<p><strong>Caracter\u00edsticas<\/strong><\/p>\n<p>La combinaci\u00f3n de HP-Guar y \u00c1cido Hialur\u00f3nico (0,15%) aporta hidrataci\u00f3n y retenci\u00f3n de la humedad superiores y m\u00e1s duraderas.<\/p>\n<p>Tratamiento del ojo seco moderado para el alivio de larga duraci\u00f3n del ardor e irritaci\u00f3n debidos a la sequedad ocular.<\/p>\n<p>Puede utilizarse tambi\u00e9n para lubricar y humectar cada d\u00eda todo tipo de lentes de contacto.<\/p>\n<p>Act\u00faa sobre la capa acuosa y muc\u00ednica de la l\u00e1grima, protegiendo la superficie ocular y restaurando las c\u00e9lulas da\u00f1adas.<\/p>\n<p>Se necesitan menos aplicaciones debido a un mayor tiempo de retenci\u00f3n sobre la superficie ocular.<\/p>\n<p>Mejora la estabilidad lagrimal y el TBUT, en comparaci\u00f3n con valor basal.<\/p>\n<p>Compatible con lentes de contacto.<\/p>\n<p>&nbsp;<\/p>\n<p><strong>Beneficios<\/strong><\/p>\n<p><em>Soluci\u00f3n:\u00a0<\/em>Ideal para aquellos que ya han probado otras l\u00e1grimas y no han tenido resultados \u00f3ptimos.<\/p>\n<p><em>Comodidad:\u00a0<\/em>Incorpora los beneficios del \u00e1cido hialur\u00f3nico (lubrica los tejidos, promueve la proliferaci\u00f3n celular y tiene propiedades viscoel\u00e1sticas similares a la l\u00e1grima).<\/p>\n<p><em>Tecnolog\u00eda:\u00a0<\/em>De base sigue siendo HP Guar.<\/p>\n<p><em>Formatos: Multidosis de 10ML.<\/em><\/p>\n<button class=\"timify-button\" data-account-id=\"5f58bcb99d3fd111af93bfcd\">MAKE AN APPOINTMENT<\/button>","protected":false},"excerpt":{"rendered":"<p>Caracter\u00edsticas La combinaci\u00f3n de HP-Guar y \u00c1cido Hialur\u00f3nico (0,15%) aporta hidrataci\u00f3n y retenci\u00f3n de la humedad superiores y m\u00e1s duraderas. Tratamiento del ojo seco moderado para el alivio de larga duraci\u00f3n del ardor e irritaci\u00f3n debidos a la sequedad ocular. Puede utilizarse tambi\u00e9n para lubricar y humectar cada d\u00eda todo tipo de lentes de contacto.&hellip;&nbsp;<a href=\"https:\/\/www.optistar.es\/en\/product\/systane-ultra-plus-multiuso-10ml\/\" rel=\"bookmark\">Read More &raquo;<span class=\"screen-reader-text\">SYSTANE Ultra Plus Multipurpose 10ML<\/span><\/a><\/p>","protected":false},"featured_media":280,"template":"","meta":{"neve_meta_sidebar":"","neve_meta_container":"","neve_meta_enable_content_width":"off","neve_meta_content_width":100,"neve_meta_title_alignment":"","neve_meta_author_avatar":"","neve_post_elements_order":"","neve_meta_disable_header":"","neve_meta_disable_footer":"","neve_meta_disable_title":"","_themeisle_gutenberg_block_has_review":false,"_joinchat":[]},"product_brand":[],"product_cat":[33],"product_tag":[],"class_list":{"0":"post-279","1":"product","2":"type-product","3":"status-publish","4":"has-post-thumbnail","6":"product_cat-salud-ocular","8":"first","9":"outofstock","10":"taxable","11":"shipping-taxable","12":"purchasable","13":"product-type-simple"},"_links":{"self":[{"href":"https:\/\/www.optistar.es\/en\/wp-json\/wp\/v2\/product\/279","targetHints":{"allow":["GET"]}}],"collection":[{"href":"https:\/\/www.optistar.es\/en\/wp-json\/wp\/v2\/product"}],"about":[{"href":"https:\/\/www.optistar.es\/en\/wp-json\/wp\/v2\/types\/product"}],"wp:featuredmedia":[{"embeddable":true,"href":"https:\/\/www.optistar.es\/en\/wp-json\/wp\/v2\/media\/280"}],"wp:attachment":[{"href":"https:\/\/www.optistar.es\/en\/wp-json\/wp\/v2\/media?parent=279"}],"wp:term":[{"taxonomy":"product_brand","embeddable":true,"href":"https:\/\/www.optistar.es\/en\/wp-json\/wp\/v2\/product_brand?post=279"},{"taxonomy":"product_cat","embeddable":true,"href":"https:\/\/www.optistar.es\/en\/wp-json\/wp\/v2\/product_cat?post=279"},{"taxonomy":"product_tag","embeddable":true,"href":"https:\/\/www.optistar.es\/en\/wp-json\/wp\/v2\/product_tag?post=279"}],"curies":[{"name":"wp","href":"https:\/\/api.w.org\/{rel}","templated":true}]}}