{"id":286,"date":"2020-06-02T16:38:54","date_gmt":"2020-06-02T14:38:54","guid":{"rendered":"https:\/\/www.optistar.es\/?post_type=product&#038;p=286"},"modified":"2024-01-19T13:13:06","modified_gmt":"2024-01-19T12:13:06","slug":"systane-ultra-ud-monodosis-30-unidades-de-07ml","status":"publish","type":"product","link":"https:\/\/www.optistar.es\/en\/product\/systane-ultra-ud-monodosis-30-unidades-de-07ml\/","title":{"rendered":"SYSTANE Ultra UD Single Dose 30 units of 0,7ML"},"content":{"rendered":"<p><strong>Caracter\u00edsticas<\/strong><\/p>\n<p>L\u00e1grima artificial dise\u00f1ada para tratar el ojo seco leve y\/o estacional, aportando alivio temporal de los s\u00edntomas de ardor e irritaci\u00f3n debidos a la sequedad ocular.<\/p>\n<p>Formulaci\u00f3n exclusiva patentada que permite una gelificaci\u00f3n progresiva proporcionando una mejora en la comodidad y en la visi\u00f3n con protecci\u00f3n de larga duraci\u00f3n.<\/p>\n<p>Compatible con lentes de contacto.<\/p>\n<p>Se puede instilar tantas veces como sea necesario.<\/p>\n<p>&nbsp;<\/p>\n<p><strong>Beneficios<\/strong><\/p>\n<p><em>Comodidad:\u00a0<\/em>Alivio inmediato de la sintomatolog\u00eda y elevado tiempo de retenci\u00f3n sobre la superficie ocular, aportando comodidad duradera al ojo.<\/p>\n<p><em>Restaura:\u00a0<\/em>No s\u00f3lo hidrata la superficie ocular, sino que adem\u00e1s ayuda a reparar la superficie corneal.<\/p>\n<p><em>Formatos:\u00a0<\/em>30 c\u00f3modos viales monodosis, sin conservantes. Para ojos sensibles. M\u00e1s cantidad por vial (0,7ML con autocierre).<\/p>\n<button class=\"timify-button\" data-account-id=\"5f58bcb99d3fd111af93bfcd\">MAKE AN APPOINTMENT<\/button>","protected":false},"excerpt":{"rendered":"<p>Caracter\u00edsticas L\u00e1grima artificial dise\u00f1ada para tratar el ojo seco leve y\/o estacional, aportando alivio temporal de los s\u00edntomas de ardor e irritaci\u00f3n debidos a la sequedad ocular. Formulaci\u00f3n exclusiva patentada que permite una gelificaci\u00f3n progresiva proporcionando una mejora en la comodidad y en la visi\u00f3n con protecci\u00f3n de larga duraci\u00f3n. Compatible con lentes de contacto.&hellip;&nbsp;<a href=\"https:\/\/www.optistar.es\/en\/product\/systane-ultra-ud-monodosis-30-unidades-de-07ml\/\" rel=\"bookmark\">Read More &raquo;<span class=\"screen-reader-text\">SYSTANE Ultra UD Single Dose 30 units of 0,7ML<\/span><\/a><\/p>","protected":false},"featured_media":287,"template":"","meta":{"neve_meta_sidebar":"","neve_meta_container":"","neve_meta_enable_content_width":"off","neve_meta_content_width":70,"neve_meta_title_alignment":"","neve_meta_author_avatar":"","neve_post_elements_order":"","neve_meta_disable_header":"","neve_meta_disable_footer":"","neve_meta_disable_title":"","_themeisle_gutenberg_block_has_review":false,"_joinchat":[]},"product_brand":[],"product_cat":[33],"product_tag":[],"class_list":{"0":"post-286","1":"product","2":"type-product","3":"status-publish","4":"has-post-thumbnail","6":"product_cat-salud-ocular","8":"first","9":"instock","10":"taxable","11":"shipping-taxable","12":"purchasable","13":"product-type-simple"},"_links":{"self":[{"href":"https:\/\/www.optistar.es\/en\/wp-json\/wp\/v2\/product\/286","targetHints":{"allow":["GET"]}}],"collection":[{"href":"https:\/\/www.optistar.es\/en\/wp-json\/wp\/v2\/product"}],"about":[{"href":"https:\/\/www.optistar.es\/en\/wp-json\/wp\/v2\/types\/product"}],"wp:featuredmedia":[{"embeddable":true,"href":"https:\/\/www.optistar.es\/en\/wp-json\/wp\/v2\/media\/287"}],"wp:attachment":[{"href":"https:\/\/www.optistar.es\/en\/wp-json\/wp\/v2\/media?parent=286"}],"wp:term":[{"taxonomy":"product_brand","embeddable":true,"href":"https:\/\/www.optistar.es\/en\/wp-json\/wp\/v2\/product_brand?post=286"},{"taxonomy":"product_cat","embeddable":true,"href":"https:\/\/www.optistar.es\/en\/wp-json\/wp\/v2\/product_cat?post=286"},{"taxonomy":"product_tag","embeddable":true,"href":"https:\/\/www.optistar.es\/en\/wp-json\/wp\/v2\/product_tag?post=286"}],"curies":[{"name":"wp","href":"https:\/\/api.w.org\/{rel}","templated":true}]}}