{"id":2905,"date":"2021-11-30T19:44:23","date_gmt":"2021-11-30T18:44:23","guid":{"rendered":"https:\/\/www.optistar.es\/?post_type=product&#038;p=2905"},"modified":"2021-12-01T12:11:03","modified_gmt":"2021-12-01T11:11:03","slug":"2905","status":"publish","type":"product","link":"https:\/\/www.optistar.es\/en\/product\/2905\/","title":{"rendered":"NANO CREW 3.0 GLOW"},"content":{"rendered":"<p>Las monturas Nano Indestructible han evolucionado gracias a su dise\u00f1o actualizado y mejoras t\u00e9cnicas que han dado lugar a su nueva versi\u00f3n 3.0, manteniendo la esencia \u201cNano\u201d.<\/p>\n<p>1. Perfecta alineaci\u00f3n frente-varillas: Reducci\u00f3n de la tensi\u00f3n de las varillas para mejorar la alineaci\u00f3n entre ellas y el frente.<br \/>\n2. \u00c1ngulo pantosc\u00f3pico ajustable: Ajuste perfecto gracias al n\u00facleo de Siliflex y la gran capacidad de recuperaci\u00f3n del nuevo tal\u00f3n \u201c52.\u201d<br \/>\n3. Nueva construcci\u00f3n: Pieza en doble inyecci\u00f3n para conseguir el acabado perfecto y una fusi\u00f3n s\u00f3lida entre materiales.<br \/>\n4. Nuevo tal\u00f3n \u201c52\u201d: Formas m\u00e1s suaves y curvas, \u00a1mucho m\u00e1s resistente y confortable!<br \/>\n5. Nueva pieza de enganche para la banda<br \/>\n6. Piezas bi-material: Siliflex\u2122 + TPE<br \/>\n7. \u00a1Y por supuesto, incluye banda el\u00e1stica y mini-banda para un ajuste perfecto!<\/p>\n<button class=\"timify-button\" data-account-id=\"5f58bcb99d3fd111af93bfcd\">MAKE AN APPOINTMENT<\/button>","protected":false},"excerpt":{"rendered":"<p>El modelo de gafas indestructible CREW GLOW de NanoVista est\u00e1n fabricadas en Siliflex un material ultra resistente, ligero y super flexible; \u00a1ahora con un toque de part\u00edculas fluorescentes que brillan en la oscuridad! Permite localizar las gafas por la noche o con escasa luminosidad.<\/p>","protected":false},"featured_media":2908,"template":"","meta":{"neve_meta_sidebar":"","neve_meta_container":"","neve_meta_enable_content_width":"off","neve_meta_content_width":70,"neve_meta_title_alignment":"","neve_meta_author_avatar":"","neve_post_elements_order":"","neve_meta_disable_header":"","neve_meta_disable_footer":"","neve_meta_disable_title":"","_themeisle_gutenberg_block_has_review":false,"_joinchat":[]},"product_brand":[],"product_cat":[25,26],"product_tag":[],"class_list":{"0":"post-2905","1":"product","2":"type-product","3":"status-publish","4":"has-post-thumbnail","6":"product_cat-gafas","7":"product_cat-nino","9":"first","10":"instock","11":"taxable","12":"shipping-taxable","13":"purchasable","14":"product-type-simple"},"_links":{"self":[{"href":"https:\/\/www.optistar.es\/en\/wp-json\/wp\/v2\/product\/2905","targetHints":{"allow":["GET"]}}],"collection":[{"href":"https:\/\/www.optistar.es\/en\/wp-json\/wp\/v2\/product"}],"about":[{"href":"https:\/\/www.optistar.es\/en\/wp-json\/wp\/v2\/types\/product"}],"wp:featuredmedia":[{"embeddable":true,"href":"https:\/\/www.optistar.es\/en\/wp-json\/wp\/v2\/media\/2908"}],"wp:attachment":[{"href":"https:\/\/www.optistar.es\/en\/wp-json\/wp\/v2\/media?parent=2905"}],"wp:term":[{"taxonomy":"product_brand","embeddable":true,"href":"https:\/\/www.optistar.es\/en\/wp-json\/wp\/v2\/product_brand?post=2905"},{"taxonomy":"product_cat","embeddable":true,"href":"https:\/\/www.optistar.es\/en\/wp-json\/wp\/v2\/product_cat?post=2905"},{"taxonomy":"product_tag","embeddable":true,"href":"https:\/\/www.optistar.es\/en\/wp-json\/wp\/v2\/product_tag?post=2905"}],"curies":[{"name":"wp","href":"https:\/\/api.w.org\/{rel}","templated":true}]}}