{"id":318,"date":"2020-06-04T16:16:50","date_gmt":"2020-06-04T14:16:50","guid":{"rendered":"https:\/\/www.optistar.es\/?post_type=product&#038;p=318"},"modified":"2023-04-13T18:09:43","modified_gmt":"2023-04-13T16:09:43","slug":"omivis-multi-action-toallitas-oftalmicas","status":"publish","type":"product","link":"https:\/\/www.optistar.es\/en\/product\/omivis-multi-action-toallitas-oftalmicas\/","title":{"rendered":"OmiVis Multi-Action Ophthalmic Wipes"},"content":{"rendered":"<p>Toallitas oft\u00e1lmicas con una soluci\u00f3n de limpieza que contiene hialur\u00f3nico \u00c1cido 0,2%, Aloe Vera, ingredientes naturales y eficaces.<br \/>\nEl mismo PH fisiol\u00f3gico que la pel\u00edcula lagrimal.<br \/>\nPuede ser utilizado por los usuarios de lentes de contacto.<br \/>\nNo requiere aclarado despu\u00e9s de su uso.<br \/>\nIndicado para la higiene periocular de beb\u00e9s y ni\u00f1os.<br \/>\nNo contienen Parabenos, Cloruro de Benzalconio, Timerosal ni Clorhexidina Fenoxietanol.<\/p>\n<button class=\"timify-button\" data-account-id=\"5f58bcb99d3fd111af93bfcd\">MAKE AN APPOINTMENT<\/button>","protected":false},"excerpt":{"rendered":"<p>L\u00ednea natural para tus ojos.<\/p>\n<p>Hipoalerg\u00e9nico.<\/p>","protected":false},"featured_media":319,"template":"","meta":{"neve_meta_sidebar":"","neve_meta_container":"","neve_meta_enable_content_width":"off","neve_meta_content_width":0,"neve_meta_title_alignment":"","neve_meta_author_avatar":"","neve_post_elements_order":"","neve_meta_disable_header":"","neve_meta_disable_footer":"","neve_meta_disable_title":"","_themeisle_gutenberg_block_has_review":false,"_joinchat":[]},"product_brand":[],"product_cat":[33],"product_tag":[],"class_list":{"0":"post-318","1":"product","2":"type-product","3":"status-publish","4":"has-post-thumbnail","6":"product_cat-salud-ocular","8":"first","9":"instock","10":"taxable","11":"shipping-taxable","12":"purchasable","13":"product-type-simple"},"_links":{"self":[{"href":"https:\/\/www.optistar.es\/en\/wp-json\/wp\/v2\/product\/318","targetHints":{"allow":["GET"]}}],"collection":[{"href":"https:\/\/www.optistar.es\/en\/wp-json\/wp\/v2\/product"}],"about":[{"href":"https:\/\/www.optistar.es\/en\/wp-json\/wp\/v2\/types\/product"}],"wp:featuredmedia":[{"embeddable":true,"href":"https:\/\/www.optistar.es\/en\/wp-json\/wp\/v2\/media\/319"}],"wp:attachment":[{"href":"https:\/\/www.optistar.es\/en\/wp-json\/wp\/v2\/media?parent=318"}],"wp:term":[{"taxonomy":"product_brand","embeddable":true,"href":"https:\/\/www.optistar.es\/en\/wp-json\/wp\/v2\/product_brand?post=318"},{"taxonomy":"product_cat","embeddable":true,"href":"https:\/\/www.optistar.es\/en\/wp-json\/wp\/v2\/product_cat?post=318"},{"taxonomy":"product_tag","embeddable":true,"href":"https:\/\/www.optistar.es\/en\/wp-json\/wp\/v2\/product_tag?post=318"}],"curies":[{"name":"wp","href":"https:\/\/api.w.org\/{rel}","templated":true}]}}