{"id":320,"date":"2020-06-04T16:23:22","date_gmt":"2020-06-04T14:23:22","guid":{"rendered":"https:\/\/www.optistar.es\/?post_type=product&#038;p=320"},"modified":"2020-06-04T16:23:22","modified_gmt":"2020-06-04T14:23:22","slug":"in-macula-complemento-alimenticio-60-capsulas","status":"publish","type":"product","link":"https:\/\/www.optistar.es\/en\/product\/in-macula-complemento-alimenticio-60-capsulas\/","title":{"rendered":"iN-Macula Food supplement 60 caps"},"content":{"rendered":"<p>Complemento alimenticio para ayudar a mantener el correcto funcionamiento ocular.<\/p>\n<p>Complemento alimenticio a base de\u00a0<b>\u00e1cidos grasos Omega 3 (EPA y DHA)<\/b>, carotenoides (lute\u00edna y zeaxantina), vitaminas y oligoelementos.<\/p>\n<p>Cumple con la composici\u00f3n cualitativa y cuantitativa de los estudios AREDS sobre Prevenci\u00f3n de la Degeneraci\u00f3n Macular Asociada a la Edad (DMAE).<\/p>\n<button class=\"timify-button\" data-account-id=\"5f58bcb99d3fd111af93bfcd\">MAKE AN APPOINTMENT<\/button>","protected":false},"excerpt":{"rendered":"<p>Complemento alimenticio para ayudar a mantener el correcto funcionamiento ocular. Complemento alimenticio a base de\u00a0\u00e1cidos grasos Omega 3 (EPA y DHA), carotenoides (lute\u00edna y zeaxantina), vitaminas y oligoelementos. Cumple con la composici\u00f3n cualitativa y cuantitativa de los estudios AREDS sobre Prevenci\u00f3n de la Degeneraci\u00f3n Macular Asociada a la Edad (DMAE). PIDE TU CITA<\/p>","protected":false},"featured_media":321,"template":"","meta":{"neve_meta_sidebar":"","neve_meta_container":"","neve_meta_enable_content_width":"off","neve_meta_content_width":0,"neve_meta_title_alignment":"","neve_meta_author_avatar":"","neve_post_elements_order":"","neve_meta_disable_header":"","neve_meta_disable_footer":"","neve_meta_disable_title":"","_themeisle_gutenberg_block_has_review":false,"_joinchat":[]},"product_brand":[],"product_cat":[33],"product_tag":[],"class_list":{"0":"post-320","1":"product","2":"type-product","3":"status-publish","4":"has-post-thumbnail","6":"product_cat-salud-ocular","8":"first","9":"instock","10":"taxable","11":"shipping-taxable","12":"purchasable","13":"product-type-simple"},"_links":{"self":[{"href":"https:\/\/www.optistar.es\/en\/wp-json\/wp\/v2\/product\/320","targetHints":{"allow":["GET"]}}],"collection":[{"href":"https:\/\/www.optistar.es\/en\/wp-json\/wp\/v2\/product"}],"about":[{"href":"https:\/\/www.optistar.es\/en\/wp-json\/wp\/v2\/types\/product"}],"wp:featuredmedia":[{"embeddable":true,"href":"https:\/\/www.optistar.es\/en\/wp-json\/wp\/v2\/media\/321"}],"wp:attachment":[{"href":"https:\/\/www.optistar.es\/en\/wp-json\/wp\/v2\/media?parent=320"}],"wp:term":[{"taxonomy":"product_brand","embeddable":true,"href":"https:\/\/www.optistar.es\/en\/wp-json\/wp\/v2\/product_brand?post=320"},{"taxonomy":"product_cat","embeddable":true,"href":"https:\/\/www.optistar.es\/en\/wp-json\/wp\/v2\/product_cat?post=320"},{"taxonomy":"product_tag","embeddable":true,"href":"https:\/\/www.optistar.es\/en\/wp-json\/wp\/v2\/product_tag?post=320"}],"curies":[{"name":"wp","href":"https:\/\/api.w.org\/{rel}","templated":true}]}}