{"id":331,"date":"2020-06-04T16:42:50","date_gmt":"2020-06-04T14:42:50","guid":{"rendered":"https:\/\/www.optistar.es\/?post_type=product&#038;p=331"},"modified":"2023-04-13T18:11:29","modified_gmt":"2023-04-13T16:11:29","slug":"servilens-solucion-unica-lens-55-care-hyaluronate-3-unidades-de-360ml","status":"publish","type":"product","link":"https:\/\/www.optistar.es\/en\/product\/servilens-solucion-unica-lens-55-care-hyaluronate-3-unidades-de-360ml\/","title":{"rendered":"Servilens Unique Solution Lens 55 Care Hyaluronate 3 units of 360ML"},"content":{"rendered":"<button class=\"timify-button\" data-account-id=\"5f58bcb99d3fd111af93bfcd\">MAKE AN APPOINTMENT<\/button>","protected":false},"excerpt":{"rendered":"<p>Soluci\u00f3n \u00danica Multiuso, totalmente compatible con la l\u00e1grima.<\/p>\n<p>La Soluci\u00f3n \u00danica Lens 55 Care Hyaluronate sirve para el mantenimiento completo de sus lentes de contacto blandas; posee acci\u00f3n limpiadora y desinfectante y es totalmente compatible con el ojo por lo que no es necesaria la utilizaci\u00f3n de otros productos para aclarar la lente de contacto.<\/p>","protected":false},"featured_media":332,"template":"","meta":{"neve_meta_sidebar":"","neve_meta_container":"","neve_meta_enable_content_width":"off","neve_meta_content_width":70,"neve_meta_title_alignment":"","neve_meta_author_avatar":"","neve_post_elements_order":"","neve_meta_disable_header":"","neve_meta_disable_footer":"","neve_meta_disable_title":"","_themeisle_gutenberg_block_has_review":false,"_joinchat":[]},"product_brand":[],"product_cat":[31,187],"product_tag":[],"class_list":{"0":"post-331","1":"product","2":"type-product","3":"status-publish","4":"has-post-thumbnail","6":"product_cat-liquidos","7":"product_cat-promociones","9":"first","10":"instock","11":"sale","12":"taxable","13":"shipping-taxable","14":"purchasable","15":"product-type-simple"},"_links":{"self":[{"href":"https:\/\/www.optistar.es\/en\/wp-json\/wp\/v2\/product\/331","targetHints":{"allow":["GET"]}}],"collection":[{"href":"https:\/\/www.optistar.es\/en\/wp-json\/wp\/v2\/product"}],"about":[{"href":"https:\/\/www.optistar.es\/en\/wp-json\/wp\/v2\/types\/product"}],"wp:featuredmedia":[{"embeddable":true,"href":"https:\/\/www.optistar.es\/en\/wp-json\/wp\/v2\/media\/332"}],"wp:attachment":[{"href":"https:\/\/www.optistar.es\/en\/wp-json\/wp\/v2\/media?parent=331"}],"wp:term":[{"taxonomy":"product_brand","embeddable":true,"href":"https:\/\/www.optistar.es\/en\/wp-json\/wp\/v2\/product_brand?post=331"},{"taxonomy":"product_cat","embeddable":true,"href":"https:\/\/www.optistar.es\/en\/wp-json\/wp\/v2\/product_cat?post=331"},{"taxonomy":"product_tag","embeddable":true,"href":"https:\/\/www.optistar.es\/en\/wp-json\/wp\/v2\/product_tag?post=331"}],"curies":[{"name":"wp","href":"https:\/\/api.w.org\/{rel}","templated":true}]}}