{"id":337,"date":"2020-06-04T16:57:03","date_gmt":"2020-06-04T14:57:03","guid":{"rendered":"https:\/\/www.optistar.es\/?post_type=product&#038;p=337"},"modified":"2025-02-10T18:46:56","modified_gmt":"2025-02-10T17:46:56","slug":"ortopad-happy-20-unidades","status":"publish","type":"product","link":"https:\/\/www.optistar.es\/en\/product\/ortopad-happy-20-unidades\/","title":{"rendered":"ORTOPAD Happy 20 unidades"},"content":{"rendered":"<p>ORTOPAD\u00ae Tama\u00f1o Medium, parche: 76 mm x 54 mm (entre 2-4 a\u00f1os)<\/p>\n<p>ORTOPAD\u00ae Tama\u00f1o Regular, parche: 85 mm x 59 mm (m\u00e1s de 4 a\u00f1os)<\/p>\n<button class=\"timify-button\" data-account-id=\"5f58bcb99d3fd111af93bfcd\">MAKE AN APPOINTMENT<\/button>","protected":false},"excerpt":{"rendered":"<p><b>El parche ocular ORTOPAD\u00a0<\/b>consiste en un vell\u00f3n especialmente blando y suave que es permeable al aire. Est\u00e1 hecho de bamb\u00fa, un material natural y respetuoso hacia el medio ambiente. Tiene adem\u00e1s una capa protectora contra la luz y un pegamento Hot-Melt termofusible hipoalerg\u00e9nico. El adhesivo usado no contiene disolventes y es por lo tanto prefecto para pieles sensibles, tampoco contiene gomas o resinas.<\/p>","protected":false},"featured_media":336,"template":"","meta":{"neve_meta_sidebar":"","neve_meta_container":"","neve_meta_enable_content_width":"off","neve_meta_content_width":100,"neve_meta_title_alignment":"","neve_meta_author_avatar":"","neve_post_elements_order":"","neve_meta_disable_header":"","neve_meta_disable_footer":"","neve_meta_disable_title":"","_themeisle_gutenberg_block_has_review":false,"_joinchat":[]},"product_brand":[],"product_cat":[32],"product_tag":[],"class_list":{"0":"post-337","1":"product","2":"type-product","3":"status-publish","4":"has-post-thumbnail","6":"product_cat-parches","8":"first","9":"instock","10":"taxable","11":"shipping-taxable","12":"purchasable","13":"product-type-variable"},"_links":{"self":[{"href":"https:\/\/www.optistar.es\/en\/wp-json\/wp\/v2\/product\/337","targetHints":{"allow":["GET"]}}],"collection":[{"href":"https:\/\/www.optistar.es\/en\/wp-json\/wp\/v2\/product"}],"about":[{"href":"https:\/\/www.optistar.es\/en\/wp-json\/wp\/v2\/types\/product"}],"wp:featuredmedia":[{"embeddable":true,"href":"https:\/\/www.optistar.es\/en\/wp-json\/wp\/v2\/media\/336"}],"wp:attachment":[{"href":"https:\/\/www.optistar.es\/en\/wp-json\/wp\/v2\/media?parent=337"}],"wp:term":[{"taxonomy":"product_brand","embeddable":true,"href":"https:\/\/www.optistar.es\/en\/wp-json\/wp\/v2\/product_brand?post=337"},{"taxonomy":"product_cat","embeddable":true,"href":"https:\/\/www.optistar.es\/en\/wp-json\/wp\/v2\/product_cat?post=337"},{"taxonomy":"product_tag","embeddable":true,"href":"https:\/\/www.optistar.es\/en\/wp-json\/wp\/v2\/product_tag?post=337"}],"curies":[{"name":"wp","href":"https:\/\/api.w.org\/{rel}","templated":true}]}}