{"id":3574,"date":"2023-02-21T17:29:26","date_gmt":"2023-02-21T16:29:26","guid":{"rendered":"https:\/\/www.optistar.es\/?post_type=product&#038;p=3574"},"modified":"2023-04-27T17:57:02","modified_gmt":"2023-04-27T15:57:02","slug":"addictive-javea","status":"publish","type":"product","link":"https:\/\/www.optistar.es\/en\/product\/addictive-javea\/","title":{"rendered":"ADDICTIVE JAVEA"},"content":{"rendered":"<button class=\"timify-button\" data-account-id=\"5f58bcb99d3fd111af93bfcd\">MAKE AN APPOINTMENT<\/button>","protected":false},"excerpt":{"rendered":"<p>Es un\u00a0<strong>modelo multideporte<\/strong>\u00a0que ofrece m\u00e1xima protecci\u00f3n gracias a sus caracter\u00edsticas t\u00e9cnicas:<\/p>\n<ul>\n<li>MONTURA: TR90<\/li>\n<li>LENTES: POLICARBONATO 1,8 mm ESPEJADO SEGUNDO PAR TRANSPARENTE ANTIRREFLEJANTE<\/li>\n<li>PESO: 22 Gr<\/li>\n<\/ul>\n<p>Ideal para rostros\u00a0<strong>medianos<\/strong>.<\/p>","protected":false},"featured_media":3575,"template":"","meta":{"neve_meta_sidebar":"","neve_meta_container":"","neve_meta_enable_content_width":"off","neve_meta_content_width":70,"neve_meta_title_alignment":"","neve_meta_author_avatar":"","neve_post_elements_order":"","neve_meta_disable_header":"","neve_meta_disable_footer":"","neve_meta_disable_title":"","_themeisle_gutenberg_block_has_review":false,"_joinchat":[]},"product_brand":[],"product_cat":[285],"product_tag":[],"class_list":{"0":"post-3574","1":"product","2":"type-product","3":"status-publish","4":"has-post-thumbnail","6":"product_cat-gafas-addictive","8":"first","9":"instock","10":"taxable","11":"shipping-taxable","12":"purchasable","13":"product-type-variable"},"_links":{"self":[{"href":"https:\/\/www.optistar.es\/en\/wp-json\/wp\/v2\/product\/3574","targetHints":{"allow":["GET"]}}],"collection":[{"href":"https:\/\/www.optistar.es\/en\/wp-json\/wp\/v2\/product"}],"about":[{"href":"https:\/\/www.optistar.es\/en\/wp-json\/wp\/v2\/types\/product"}],"wp:featuredmedia":[{"embeddable":true,"href":"https:\/\/www.optistar.es\/en\/wp-json\/wp\/v2\/media\/3575"}],"wp:attachment":[{"href":"https:\/\/www.optistar.es\/en\/wp-json\/wp\/v2\/media?parent=3574"}],"wp:term":[{"taxonomy":"product_brand","embeddable":true,"href":"https:\/\/www.optistar.es\/en\/wp-json\/wp\/v2\/product_brand?post=3574"},{"taxonomy":"product_cat","embeddable":true,"href":"https:\/\/www.optistar.es\/en\/wp-json\/wp\/v2\/product_cat?post=3574"},{"taxonomy":"product_tag","embeddable":true,"href":"https:\/\/www.optistar.es\/en\/wp-json\/wp\/v2\/product_tag?post=3574"}],"curies":[{"name":"wp","href":"https:\/\/api.w.org\/{rel}","templated":true}]}}