{"id":3914,"date":"2023-05-11T18:05:03","date_gmt":"2023-05-11T16:05:03","guid":{"rendered":"https:\/\/www.optistar.es\/?post_type=product&#038;p=3914"},"modified":"2023-05-11T18:05:03","modified_gmt":"2023-05-11T16:05:03","slug":"addictive-skeeter","status":"publish","type":"product","link":"https:\/\/www.optistar.es\/en\/product\/addictive-skeeter\/","title":{"rendered":"Addictive Skeeter"},"content":{"rendered":"<button class=\"timify-button\" data-account-id=\"5f58bcb99d3fd111af93bfcd\">MAKE AN APPOINTMENT<\/button>","protected":false},"excerpt":{"rendered":"<p>Buscas unas gafas de tiro con buena relaci\u00f3n calidad-precio?<\/p>\n<p>No busques m\u00e1s, las Addictive Skeeter est\u00e1n aqu\u00ed para solucionar ese problema.<\/p>\n<p>Disponibles en los tres colores que todo tirador necesitar\u00e1 en alg\u00fan momento<\/p>\n<ul>\n<li>Amarillo<\/li>\n<li>Bermell\u00f3n<\/li>\n<li>Morado<\/li>\n<\/ul>","protected":false},"featured_media":3919,"template":"","meta":{"neve_meta_sidebar":"","neve_meta_container":"","neve_meta_enable_content_width":"off","neve_meta_content_width":100,"neve_meta_title_alignment":"","neve_meta_author_avatar":"","neve_post_elements_order":"","neve_meta_disable_header":"","neve_meta_disable_footer":"","neve_meta_disable_title":"","_themeisle_gutenberg_block_has_review":false,"_joinchat":[]},"product_brand":[],"product_cat":[285],"product_tag":[],"class_list":{"0":"post-3914","1":"product","2":"type-product","3":"status-publish","4":"has-post-thumbnail","6":"product_cat-gafas-addictive","8":"first","9":"onbackorder","10":"taxable","11":"shipping-taxable","12":"purchasable","13":"product-type-variable"},"_links":{"self":[{"href":"https:\/\/www.optistar.es\/en\/wp-json\/wp\/v2\/product\/3914","targetHints":{"allow":["GET"]}}],"collection":[{"href":"https:\/\/www.optistar.es\/en\/wp-json\/wp\/v2\/product"}],"about":[{"href":"https:\/\/www.optistar.es\/en\/wp-json\/wp\/v2\/types\/product"}],"wp:featuredmedia":[{"embeddable":true,"href":"https:\/\/www.optistar.es\/en\/wp-json\/wp\/v2\/media\/3919"}],"wp:attachment":[{"href":"https:\/\/www.optistar.es\/en\/wp-json\/wp\/v2\/media?parent=3914"}],"wp:term":[{"taxonomy":"product_brand","embeddable":true,"href":"https:\/\/www.optistar.es\/en\/wp-json\/wp\/v2\/product_brand?post=3914"},{"taxonomy":"product_cat","embeddable":true,"href":"https:\/\/www.optistar.es\/en\/wp-json\/wp\/v2\/product_cat?post=3914"},{"taxonomy":"product_tag","embeddable":true,"href":"https:\/\/www.optistar.es\/en\/wp-json\/wp\/v2\/product_tag?post=3914"}],"curies":[{"name":"wp","href":"https:\/\/api.w.org\/{rel}","templated":true}]}}