{"id":3952,"date":"2023-05-26T12:45:11","date_gmt":"2023-05-26T10:45:11","guid":{"rendered":"https:\/\/www.optistar.es\/?post_type=product&#038;p=3952"},"modified":"2024-04-19T11:58:35","modified_gmt":"2024-04-19T09:58:35","slug":"tiedra-espuma-palpebral-blefacalm-50-ml","status":"publish","type":"product","link":"https:\/\/www.optistar.es\/en\/product\/tiedra-espuma-palpebral-blefacalm-50-ml\/","title":{"rendered":"Tiedra Espuma palpebral Blefacalm 50 ml"},"content":{"rendered":"<p>Blefacan es un espuma para limpieza e higiene diaria de los parpados, pesta\u00f1as y borde palpebral.<\/p>\n<p>Elimina las secreciones relacionadas con estados inflamatorios como blefaritis, blefaro-conjuntivitis o post cirug\u00eda.<\/p>\n<p>Aceite de \u00e1rbol del Te, extracto de manzanilla, despantenol, betaina, alanto\u00edna, aceite de ricino hidrogenado, peg-40, shamorix CP-10, edta dis\u00f3dico, oramix GB-10, glicerox y agua purificada.<\/p>\n<section class=\"elementor-section elementor-top-section elementor-element elementor-element-c4c79af elementor-section-height-min-height elementor-section-stretched elementor-section-boxed elementor-section-height-default elementor-section-items-middle\" data-id=\"c4c79af\" data-element_type=\"section\" data-settings=\"{&quot;stretch_section&quot;:&quot;section-stretched&quot;,&quot;background_background&quot;:&quot;classic&quot;}\">\n<div class=\"elementor-container elementor-column-gap-default\">\n<div class=\"elementor-column elementor-col-100 elementor-top-column elementor-element elementor-element-455e225\" data-id=\"455e225\" data-element_type=\"column\">\n<div class=\"elementor-widget-wrap elementor-element-populated\">\n<div class=\"elementor-element elementor-element-9c9aea3 elementor-widget elementor-widget-heading\" data-id=\"9c9aea3\" data-element_type=\"widget\" data-widget_type=\"heading.default\">\n<div class=\"elementor-widget-container\">\n<h4 class=\"elementor-heading-title elementor-size-default\">MODO DE EMPLEO<\/h4>\n<\/div>\n<\/div>\n<\/div>\n<\/div>\n<\/div>\n<\/section>\n<section class=\"elementor-section elementor-top-section elementor-element elementor-element-177d2d9 elementor-section-boxed elementor-section-height-default elementor-section-height-default\" data-id=\"177d2d9\" data-element_type=\"section\">\n<div class=\"elementor-container elementor-column-gap-default\">\n<div class=\"elementor-column elementor-col-100 elementor-top-column elementor-element elementor-element-e93c68c\" data-id=\"e93c68c\" data-element_type=\"column\">\n<div class=\"elementor-widget-wrap elementor-element-populated\">\n<div class=\"elementor-element elementor-element-2ea8ef0 elementor-icon-list--layout-traditional elementor-list-item-link-full_width elementor-widget elementor-widget-icon-list\" data-id=\"2ea8ef0\" data-element_type=\"widget\" data-widget_type=\"icon-list.default\">\n<div class=\"elementor-widget-container\">\n<ul class=\"elementor-icon-list-items\">\n<li class=\"elementor-icon-list-item\"><span class=\"elementor-icon-list-text\">1. L\u00e1vese bien las manos antes de utilizar el producto.<\/span><\/li>\n<li class=\"elementor-icon-list-item\"><span class=\"elementor-icon-list-text\">2. Aplique la espuma BlefaCalm en una gasa o sobre la yema de sus dedos perfectamente limpias con la ayuda de la v\u00e1lvula dispensadora.<\/span><\/li>\n<li class=\"elementor-icon-list-item\"><span class=\"elementor-icon-list-text\">3. Con el ojo cerrado, masajee p\u00e1rpados y pesta\u00f1as con BlefaCalm. Dejar actuar la espuma durante 40-60 segundos sin abrir los ojos.<\/span><\/li>\n<li class=\"elementor-icon-list-item\"><span class=\"elementor-icon-list-text\">4. Despu\u00e9s de cada aplicaci\u00f3n, enjuagar los p\u00e1rpados y pesta\u00f1as con abundante agua tibia hasta el completo aclarado de BlefaCalm. No tocar ni abrir los ojos durante la aplicaci\u00f3n.<\/span><\/li>\n<li class=\"elementor-icon-list-item\"><span class=\"elementor-icon-list-text\">5. Repetir los pasos para el otro ojo.<\/span><\/li>\n<li class=\"elementor-icon-list-item\"><span class=\"elementor-icon-list-text\">6. Utilice BlefaCalm 2-3 veces al d\u00eda durante al menos 7 d\u00edas.<\/span><\/li>\n<\/ul>\n<\/div>\n<\/div>\n<\/div>\n<\/div>\n<\/div>\n<\/section>\n<section class=\"elementor-section elementor-top-section elementor-element elementor-element-efb4440 elementor-section-stretched elementor-section-boxed elementor-section-height-default elementor-section-height-default\" data-id=\"efb4440\" data-element_type=\"section\" data-settings=\"{&quot;stretch_section&quot;:&quot;section-stretched&quot;,&quot;background_background&quot;:&quot;classic&quot;}\">\n<div class=\"elementor-background-overlay\"><\/div>\n<div class=\"elementor-container elementor-column-gap-default\">\n<div class=\"elementor-column elementor-col-50 elementor-top-column elementor-element elementor-element-343c290c\" data-id=\"343c290c\" data-element_type=\"column\">\n<div class=\"elementor-widget-wrap elementor-element-populated\">\n<div class=\"elementor-element elementor-element-37a80c03 elementor-widget elementor-widget-heading\" data-id=\"37a80c03\" data-element_type=\"widget\" data-widget_type=\"heading.default\">\n<div class=\"elementor-widget-container\">\n<div class=\"elementor-column elementor-col-25 elementor-top-column elementor-element elementor-element-807624d\" data-id=\"807624d\" data-element_type=\"column\" data-settings=\"{&quot;background_background&quot;:&quot;classic&quot;}\">\n<div class=\"elementor-widget-wrap elementor-element-populated\">\n<div class=\"elementor-element elementor-element-69ece03 elementor-widget elementor-widget-heading\" data-id=\"69ece03\" data-element_type=\"widget\" data-widget_type=\"heading.default\">\n<div class=\"elementor-widget-container\">\n<h6 class=\"elementor-heading-title elementor-size-default\"><\/h6>\n<\/div>\n<\/div>\n<div class=\"elementor-element elementor-element-bc0bbc4 elementor-widget-divider--view-line elementor-widget elementor-widget-divider\" data-id=\"bc0bbc4\" data-element_type=\"widget\" data-widget_type=\"divider.default\">\n<div class=\"elementor-widget-container\"><\/div>\n<\/div>\n<\/div>\n<\/div>\n<div class=\"elementor-column elementor-col-25 elementor-top-column elementor-element elementor-element-ac84b2f\" data-id=\"ac84b2f\" data-element_type=\"column\" data-settings=\"{&quot;background_background&quot;:&quot;classic&quot;}\">\n<div class=\"elementor-widget-wrap elementor-element-populated\">\n<div class=\"elementor-element elementor-element-8903cdd elementor-widget elementor-widget-heading\" data-id=\"8903cdd\" data-element_type=\"widget\" data-widget_type=\"heading.default\">\n<div class=\"elementor-widget-container\">\n<p class=\"elementor-heading-title elementor-size-default\">\n<\/div>\n<\/div>\n<\/div>\n<\/div>\n<\/div>\n<\/div>\n<\/div>\n<\/div>\n<\/div>\n<\/section>\n<button class=\"timify-button\" data-account-id=\"5f58bcb99d3fd111af93bfcd\">MAKE AN APPOINTMENT<\/button>","protected":false},"excerpt":{"rendered":"<p>Espuma para la higiene diaria de p\u00e1rpados, pesta\u00f1as y borde palpebral, en blefaritis, blefaro-conjuntivitis, orzuelos o post-cirug\u00eda ocular<\/p>","protected":false},"featured_media":4112,"template":"","meta":{"neve_meta_sidebar":"","neve_meta_container":"","neve_meta_enable_content_width":"off","neve_meta_content_width":100,"neve_meta_title_alignment":"","neve_meta_author_avatar":"","neve_post_elements_order":"","neve_meta_disable_header":"","neve_meta_disable_footer":"","neve_meta_disable_title":"","_themeisle_gutenberg_block_has_review":false,"_joinchat":[]},"product_brand":[],"product_cat":[33],"product_tag":[318,317],"class_list":{"0":"post-3952","1":"product","2":"type-product","3":"status-publish","4":"has-post-thumbnail","6":"product_cat-salud-ocular","7":"product_tag-blefarites","8":"product_tag-limpieza-de-parpados","10":"first","11":"instock","12":"taxable","13":"shipping-taxable","14":"purchasable","15":"product-type-simple"},"_links":{"self":[{"href":"https:\/\/www.optistar.es\/en\/wp-json\/wp\/v2\/product\/3952","targetHints":{"allow":["GET"]}}],"collection":[{"href":"https:\/\/www.optistar.es\/en\/wp-json\/wp\/v2\/product"}],"about":[{"href":"https:\/\/www.optistar.es\/en\/wp-json\/wp\/v2\/types\/product"}],"wp:featuredmedia":[{"embeddable":true,"href":"https:\/\/www.optistar.es\/en\/wp-json\/wp\/v2\/media\/4112"}],"wp:attachment":[{"href":"https:\/\/www.optistar.es\/en\/wp-json\/wp\/v2\/media?parent=3952"}],"wp:term":[{"taxonomy":"product_brand","embeddable":true,"href":"https:\/\/www.optistar.es\/en\/wp-json\/wp\/v2\/product_brand?post=3952"},{"taxonomy":"product_cat","embeddable":true,"href":"https:\/\/www.optistar.es\/en\/wp-json\/wp\/v2\/product_cat?post=3952"},{"taxonomy":"product_tag","embeddable":true,"href":"https:\/\/www.optistar.es\/en\/wp-json\/wp\/v2\/product_tag?post=3952"}],"curies":[{"name":"wp","href":"https:\/\/api.w.org\/{rel}","templated":true}]}}