{"id":4101,"date":"2024-04-19T11:32:49","date_gmt":"2024-04-19T09:32:49","guid":{"rendered":"https:\/\/www.optistar.es\/?post_type=product&#038;p=4101"},"modified":"2025-10-31T17:50:26","modified_gmt":"2025-10-31T16:50:26","slug":"vita-pos","status":"publish","type":"product","link":"https:\/\/www.optistar.es\/en\/product\/vita-pos\/","title":{"rendered":"VITA-POS\u00ae"},"content":{"rendered":"<div class=\"fusion-fullwidth fullwidth-box fusion-builder-row-5 nonhundred-percent-fullwidth non-hundred-percent-height-scrolling\">\n<div class=\"fusion-builder-row fusion-row\">\n<div class=\"fusion-layout-column fusion_builder_column fusion-builder-column-5 fusion_builder_column_1_1 1_1 fusion-one-full fusion-column-first fusion-column-last\">\n<div class=\"fusion-column-wrapper fusion-flex-column-wrapper-legacy\">\n<div class=\"fusion-text fusion-text-4\">\n<h2 class=\"fusion-responsive-typography-calculated\" data-fontsize=\"27\" data-lineheight=\"34.83px\">USO DE POMADAS OFT\u00c1LMICAS NOCTURNAS<\/h2>\n<p>La secreci\u00f3n de\u00a0<strong>l\u00e1grimas<\/strong>\u00a0y su distribuci\u00f3n por la superficie ocular\u00a0<strong>disminuye durante la noche<\/strong>\u00a0debido a la ausencia de parpadeo . Esta condici\u00f3n se agrava en aquellos pacientes que presentan ojo seco, y provoca en algunos casos la uni\u00f3n del p\u00e1rpado a la superficie ocular. Esta uni\u00f3n causa que el paciente note mucha sequedad en los ojos al despertar.<\/p>\n<p><strong>El uso de pomadas oft\u00e1lmicas nocturnas est\u00e1 indicado en casos de sequedad ocular severa y post-cirug\u00eda<\/strong>, para mejorar la pel\u00edcula lagrimal y la protecci\u00f3n de la superficie corneal. De esta manera, \u00a0los p\u00e1rpados se deslizan f\u00e1cilmente sobre la superficie ocular, y se alivia la sensaci\u00f3n de quemaz\u00f3n y de ojos secos.<\/p>\n<\/div>\n<div class=\"fusion-clearfix\"><\/div>\n<\/div>\n<\/div>\n<\/div>\n<\/div>\n<div class=\"fusion-fullwidth fullwidth-box fusion-builder-row-7 nonhundred-percent-fullwidth non-hundred-percent-height-scrolling\">\n<div class=\"fusion-builder-row fusion-row\">\n<div class=\"fusion-layout-column fusion_builder_column fusion-builder-column-7 fusion_builder_column_1_1 1_1 fusion-one-full fusion-column-first fusion-column-last\">\n<div class=\"fusion-column-wrapper fusion-flex-column-wrapper-legacy\">\n<div class=\"fusion-text fusion-text-7\">\n<h2 class=\"fusion-responsive-typography-calculated\" data-fontsize=\"27\" data-lineheight=\"34.83px\">LA IMPORTANCIA DE UNA FORMULAC\u00d3N SIN AGUA<\/h2>\n<p>El agua, o humedad en el ambiente, es necesaria para el crecimiento de microorganismos en los preparados. Por tanto, en los casos en que \u00e9sta no est\u00e9 presente, no hay posibilidad de crecimiento o de contaminaci\u00f3n de la pomada.<\/p>\n<p>Los conservantes son sustancias qu\u00edmicas utilizadas para garantizar la esterilidad del producto durante su tiempo de uso. Los conservantes son productos capaces de destruir o inhibir el crecimiento de microorganismos, y a pesar de su uso a concentraciones muy bajas, presentan toxicidad celular. En ocasiones, llegando a da\u00f1ar las propias c\u00e9lulas de la superficie ocular, provocar inestabilidad en la pel\u00edcula lagrimal, y reducir el tiempo de rotura de la l\u00e1grima.<\/p>\n<\/div>\n<div class=\"fusion-clearfix\"><\/div>\n<\/div>\n<\/div>\n<\/div>\n<\/div>\n<div class=\"fusion-fullwidth fullwidth-box fusion-builder-row-8 nonhundred-percent-fullwidth non-hundred-percent-height-scrolling\">\n<div class=\"fusion-builder-row fusion-row\">\n<div class=\"fusion-layout-column fusion_builder_column fusion-builder-column-8 fusion_builder_column_1_1 1_1 fusion-one-full fusion-column-first fusion-column-last\">\n<div class=\"fusion-column-wrapper fusion-flex-column-wrapper-legacy\">\n<div class=\"fusion-text fusion-text-8\">\n<h2 class=\"fusion-responsive-typography-calculated\" data-fontsize=\"27\" data-lineheight=\"34.83px\">VITAMINA A<\/h2>\n<p><strong>La vitamina A o retinol palmitato es un componente natural de la pel\u00edcula lagrimal<\/strong>, que contribuye a la diferenciaci\u00f3n y regeneraci\u00f3n de la c\u00e9lulas del epitelio corneal.<\/p>\n<p>La\u00a0<strong>vitamina A<\/strong>\u00a0tiene\u00a0<em><strong>actividad secretagoga<\/strong><\/em>,\u00a0<strong>incrementa la producci\u00f3n de l\u00e1grima secretadas por la gl\u00e1ndula lagrimal<\/strong>.<\/p>\n<p>Est\u00e1 especialmente<em><strong>\u00a0indicado en aquellos casos de sequedad ocular severa<\/strong><\/em>\u00a0que cursan con da\u00f1o celular, y en post-cirug\u00eda para ayudar al epitelio a recuperar la estructura fisiol\u00f3gica.<\/p>\n<\/div>\n<\/div>\n<\/div>\n<\/div>\n<\/div>\n<button class=\"timify-button\" data-account-id=\"5f58bcb99d3fd111af93bfcd\">MAKE AN APPOINTMENT<\/button>","protected":false},"excerpt":{"rendered":"<ul>\n<li>Mejora\u00a0la pel\u00edcula lagrimal y la protecci\u00f3n de la superficie ocular<\/li>\n<li>Uso nocturno<\/li>\n<li>Sin conservantes<\/li>\n<li>No contiene agua<\/li>\n<li>Se puede aplicar hasta 6 meses despu\u00e9s de su apertura<\/li>\n<li>Se puede administrar en ni\u00f1os y en mujeres embarazadas o en periodo de lactancia<\/li>\n<\/ul>","protected":false},"featured_media":4103,"template":"","meta":{"neve_meta_sidebar":"","neve_meta_container":"","neve_meta_enable_content_width":"off","neve_meta_content_width":100,"neve_meta_title_alignment":"","neve_meta_author_avatar":"","neve_post_elements_order":"","neve_meta_disable_header":"","neve_meta_disable_footer":"","neve_meta_disable_title":"","_themeisle_gutenberg_block_has_review":false,"_joinchat":{"view":"yes"}},"product_brand":[],"product_cat":[33],"product_tag":[315,313,314],"class_list":{"0":"post-4101","1":"product","2":"type-product","3":"status-publish","4":"has-post-thumbnail","6":"product_cat-salud-ocular","7":"product_tag-lagrima","8":"product_tag-ojo","9":"product_tag-ojo-seco","11":"first","12":"instock","13":"taxable","14":"shipping-taxable","15":"purchasable","16":"product-type-simple"},"_links":{"self":[{"href":"https:\/\/www.optistar.es\/en\/wp-json\/wp\/v2\/product\/4101","targetHints":{"allow":["GET"]}}],"collection":[{"href":"https:\/\/www.optistar.es\/en\/wp-json\/wp\/v2\/product"}],"about":[{"href":"https:\/\/www.optistar.es\/en\/wp-json\/wp\/v2\/types\/product"}],"wp:featuredmedia":[{"embeddable":true,"href":"https:\/\/www.optistar.es\/en\/wp-json\/wp\/v2\/media\/4103"}],"wp:attachment":[{"href":"https:\/\/www.optistar.es\/en\/wp-json\/wp\/v2\/media?parent=4101"}],"wp:term":[{"taxonomy":"product_brand","embeddable":true,"href":"https:\/\/www.optistar.es\/en\/wp-json\/wp\/v2\/product_brand?post=4101"},{"taxonomy":"product_cat","embeddable":true,"href":"https:\/\/www.optistar.es\/en\/wp-json\/wp\/v2\/product_cat?post=4101"},{"taxonomy":"product_tag","embeddable":true,"href":"https:\/\/www.optistar.es\/en\/wp-json\/wp\/v2\/product_tag?post=4101"}],"curies":[{"name":"wp","href":"https:\/\/api.w.org\/{rel}","templated":true}]}}