{"id":4104,"date":"2024-04-19T11:38:52","date_gmt":"2024-04-19T09:38:52","guid":{"rendered":"https:\/\/www.optistar.es\/?post_type=product&#038;p=4104"},"modified":"2025-10-31T17:49:13","modified_gmt":"2025-10-31T16:49:13","slug":"ectodol-gel-limpiador-de-parpados-15ml","status":"publish","type":"product","link":"https:\/\/www.optistar.es\/en\/product\/ectodol-gel-limpiador-de-parpados-15ml\/","title":{"rendered":"Ectodol\u00ae  Gel limpiador de p\u00e1rpados 15ml"},"content":{"rendered":"<p>1. Lavarse las manos antes de su uso.<br \/>\n2. Pulsar la v\u00e1lvula dispensadora y aplicar Ectodol\u00ae Gel limpiador en un bastoncito de algod\u00f3n o equivalente.<br \/>\n3. Aplicar Ectodol\u00ae Gel limpiador en la base de los p\u00e1rpados y pesta\u00f1as y arrastrar las costras. No es necesario enjuagar los p\u00e1rpados tras su uso.<br \/>\n4. Repetir el procedimiento en el otro ojo con un nuevo aplicador.<\/p>\n<p><strong><em>Usar 2-3 veces al d\u00eda.<\/em><\/strong><\/p>\n<button class=\"timify-button\" data-account-id=\"5f58bcb99d3fd111af93bfcd\">MAKE AN APPOINTMENT<\/button>","protected":false},"excerpt":{"rendered":"<p><strong>Elimina secreciones y costras del borde palpebral y pesta\u00f1as<\/strong><\/p>\n<p>Higiene diaria para la eliminaci\u00f3n de secreciones en p\u00e1rpados y pesta\u00f1as asociadas a los principales agentes causantes de la blefaritis (Demodex) gracias al 4-terpineol (aceite de \u00e1rbol de t\u00e9).<\/p>","protected":false},"featured_media":4105,"template":"","meta":{"neve_meta_sidebar":"","neve_meta_container":"","neve_meta_enable_content_width":"off","neve_meta_content_width":100,"neve_meta_title_alignment":"","neve_meta_author_avatar":"","neve_post_elements_order":"","neve_meta_disable_header":"","neve_meta_disable_footer":"","neve_meta_disable_title":"","_themeisle_gutenberg_block_has_review":false,"_joinchat":{"view":"yes"}},"product_brand":[],"product_cat":[33],"product_tag":[315,313,314,316],"class_list":{"0":"post-4104","1":"product","2":"type-product","3":"status-publish","4":"has-post-thumbnail","6":"product_cat-salud-ocular","7":"product_tag-lagrima","8":"product_tag-ojo","9":"product_tag-ojo-seco","10":"product_tag-parpados","12":"first","13":"instock","14":"taxable","15":"shipping-taxable","16":"purchasable","17":"product-type-simple"},"_links":{"self":[{"href":"https:\/\/www.optistar.es\/en\/wp-json\/wp\/v2\/product\/4104","targetHints":{"allow":["GET"]}}],"collection":[{"href":"https:\/\/www.optistar.es\/en\/wp-json\/wp\/v2\/product"}],"about":[{"href":"https:\/\/www.optistar.es\/en\/wp-json\/wp\/v2\/types\/product"}],"wp:featuredmedia":[{"embeddable":true,"href":"https:\/\/www.optistar.es\/en\/wp-json\/wp\/v2\/media\/4105"}],"wp:attachment":[{"href":"https:\/\/www.optistar.es\/en\/wp-json\/wp\/v2\/media?parent=4104"}],"wp:term":[{"taxonomy":"product_brand","embeddable":true,"href":"https:\/\/www.optistar.es\/en\/wp-json\/wp\/v2\/product_brand?post=4104"},{"taxonomy":"product_cat","embeddable":true,"href":"https:\/\/www.optistar.es\/en\/wp-json\/wp\/v2\/product_cat?post=4104"},{"taxonomy":"product_tag","embeddable":true,"href":"https:\/\/www.optistar.es\/en\/wp-json\/wp\/v2\/product_tag?post=4104"}],"curies":[{"name":"wp","href":"https:\/\/api.w.org\/{rel}","templated":true}]}}