{"id":4106,"date":"2024-04-19T11:42:44","date_gmt":"2024-04-19T09:42:44","guid":{"rendered":"https:\/\/www.optistar.es\/?post_type=product&#038;p=4106"},"modified":"2024-04-19T11:47:34","modified_gmt":"2024-04-19T09:47:34","slug":"hylo-gel","status":"publish","type":"product","link":"https:\/\/www.optistar.es\/en\/product\/hylo-gel\/","title":{"rendered":"HYLO-GEL\u00ae"},"content":{"rendered":"<div class=\"fusion-fullwidth fullwidth-box fusion-builder-row-7 nonhundred-percent-fullwidth non-hundred-percent-height-scrolling\">\n<div class=\"fusion-builder-row fusion-row\">\n<div class=\"fusion-layout-column fusion_builder_column fusion-builder-column-8 fusion_builder_column_1_1 1_1 fusion-one-full fusion-column-first fusion-column-last\">\n<div class=\"fusion-column-wrapper fusion-flex-column-wrapper-legacy\">\n<div class=\"fusion-text fusion-text-8\">\n<h2 class=\"fusion-responsive-typography-calculated\" data-fontsize=\"27\" data-lineheight=\"34.83px\">\u00c1cido hialur\u00f3nico de cadena larga \u2013 Garantiza la \u00f3ptima humectaci\u00f3n<\/h2>\n<\/div>\n<div class=\"fusion-text fusion-text-9\">\n<p>El\u00a0<strong>\u00e1cido hialur\u00f3nico<\/strong>\u00a0es un mucopolisac\u00e1rido presente en los ojo. Gracias a sus caracter\u00edsticas especiales puede unirse a varias mol\u00e9culas de agua presentes en la l\u00e1grima.<\/p>\n<p>Las mol\u00e9culas de \u00e1cido hialur\u00f3nico se diferencian en funci\u00f3n de la longitud de la cadena que lleva asociada. Las mol\u00e9culas con cadena larga o de elevado peso molecular, retienen mayor n\u00famero de mol\u00e9culas de agua. A igual concentraci\u00f3n de \u00e1cido hialur\u00f3nico, el de mayor peso molecular es el que aporta m\u00e1s viscosidad. Adem\u00e1s, posee una mayor capacidad de hidrataci\u00f3n y un mayor tiempo de permanencia en la superficie ocular.<\/p>\n<\/div>\n<div class=\"fusion-clearfix\"><\/div>\n<\/div>\n<\/div>\n<\/div>\n<\/div>\n<div class=\"fusion-fullwidth fullwidth-box fusion-builder-row-8 nonhundred-percent-fullwidth non-hundred-percent-height-scrolling\">\n<div class=\"fusion-builder-row fusion-row\">\n<div class=\"fusion-layout-column fusion_builder_column fusion-builder-column-9 fusion_builder_column_1_2 1_2 fusion-one-half fusion-column-first\">\n<div class=\"fusion-column-wrapper fusion-flex-column-wrapper-legacy\">\n<div class=\"fusion-text fusion-text-10\">\n<h2 class=\"fusion-responsive-typography-calculated\" data-fontsize=\"27\" data-lineheight=\"34.83px\">Sin conservantes, en el patentado sistema COMOD<sup>\u00ae<\/sup><\/h2>\n<p>Los conservantes son sustancias qu\u00edmicas utilizadas para garantizar la esterilidad del producto durante su tiempo de uso. Los conservantes son productos capaces de destruir o inhibir el crecimiento de microorganismos, y a pesar de su uso a concentraciones muy bajas, presentan toxicidad celular. En ocasiones, llegan a da\u00f1ar las propias c\u00e9lulas de la superficie ocular, provocar inestabilidad en la pel\u00edcula lagrimal, y reducir el tiempo de rotura de la l\u00e1grima.<\/p>\n<\/div>\n<div class=\"fusion-clearfix\"><\/div>\n<\/div>\n<\/div>\n<div class=\"fusion-layout-column fusion_builder_column fusion-builder-column-10 fusion_builder_column_1_2 1_2 fusion-one-half fusion-column-last\">\n<div class=\"fusion-column-wrapper fusion-flex-column-wrapper-legacy\">\n<ul class=\"fusion-checklist fusion-checklist-1\">\n<li class=\"fusion-li-item\"><i class=\"fusion-li-icon fa fa-check\" aria-hidden=\"true\"><\/i>\n<div class=\"fusion-li-item-content\">\n<h3 class=\"fusion-responsive-typography-calculated\" data-fontsize=\"20\" data-lineheight=\"30px\">Sistema COMOD<sup>\u00ae<\/sup>\u00a0con 0,2% de Hialuronato de Sodio, sin conservantes<\/h3>\n<\/div>\n<\/li>\n<li class=\"fusion-li-item\"><i class=\"fusion-li-icon fa fa-check\" aria-hidden=\"true\"><\/i>\n<div class=\"fusion-li-item-content\">\n<h3 class=\"fusion-responsive-typography-calculated\" data-fontsize=\"20\" data-lineheight=\"30px\">Compatible con todo tipo de lentes de contacto, por lo tanto, no se requiere esperar tras la aplicaci\u00f3n de las gotas<\/h3>\n<\/div>\n<\/li>\n<li class=\"fusion-li-item\"><i class=\"fusion-li-icon fa fa-check\" aria-hidden=\"true\"><\/i>\n<div class=\"fusion-li-item-content\">\n<h3 class=\"fusion-responsive-typography-calculated\" data-fontsize=\"20\" data-lineheight=\"30px\">Sin fosfatos, no provoca acumulaci\u00f3n de dep\u00f3sitos insolubles.\u00a0Con\u00a0tamp\u00f3n citrato que regula el pH de la l\u00e1grima sin da\u00f1ar la superficie corneal<\/h3>\n<\/div>\n<\/li>\n<li class=\"fusion-li-item\"><i class=\"fusion-li-icon fa fa-check\" aria-hidden=\"true\"><\/i>\n<div class=\"fusion-li-item-content\">\n<h3 class=\"fusion-responsive-typography-calculated\" data-fontsize=\"20\" data-lineheight=\"30px\">Gran rendimiento con un bajo coste terap\u00e9utico<\/h3>\n<\/div>\n<\/li>\n<\/ul>\n<\/div>\n<\/div>\n<\/div>\n<\/div>\n<button class=\"timify-button\" data-account-id=\"5f58bcb99d3fd111af93bfcd\">MAKE AN APPOINTMENT<\/button>","protected":false},"excerpt":{"rendered":"<p>L\u00e1grima artificial de \u00e1cido hialur\u00f3nico al 0,20% (2 mg\/ml) para mejorar la lubricaci\u00f3n de la superficie ocular en ojos que, debido a condiciones medioambientales o a tratamientos postoperatorios oft\u00e1lmicos, padecen sequedad, escozor o sensaci\u00f3n de cuerpo extra\u00f1o.<\/p>\n<p>Colirio est\u00e9ril sin conservantes y libre de fosfatos.<\/p>\n<ul>\n<li>Compatible con\u00a0<strong>lentes de contacto<\/strong>.<\/li>\n<li><strong>Sin conservantes<\/strong>\u00a0ni fosfatos.<\/li>\n<li>Se puede\u00a0<strong>aplicar hasta 6 meses<\/strong>\u00a0despu\u00e9s de su apertura.<\/li>\n<li><strong>300 gotas garantizadas<\/strong>.<\/li>\n<li>Se puede administrar en ni\u00f1os y en mujeres embarazadas o en periodo de lactancia.<\/li>\n<\/ul>","protected":false},"featured_media":4107,"template":"","meta":{"neve_meta_sidebar":"","neve_meta_container":"","neve_meta_enable_content_width":"off","neve_meta_content_width":100,"neve_meta_title_alignment":"","neve_meta_author_avatar":"","neve_post_elements_order":"","neve_meta_disable_header":"","neve_meta_disable_footer":"","neve_meta_disable_title":"","_themeisle_gutenberg_block_has_review":false,"_joinchat":[]},"product_brand":[],"product_cat":[33],"product_tag":[315,313,314,316],"class_list":{"0":"post-4106","1":"product","2":"type-product","3":"status-publish","4":"has-post-thumbnail","6":"product_cat-salud-ocular","7":"product_tag-lagrima","8":"product_tag-ojo","9":"product_tag-ojo-seco","10":"product_tag-parpados","12":"first","13":"instock","14":"taxable","15":"shipping-taxable","16":"purchasable","17":"product-type-simple"},"_links":{"self":[{"href":"https:\/\/www.optistar.es\/en\/wp-json\/wp\/v2\/product\/4106","targetHints":{"allow":["GET"]}}],"collection":[{"href":"https:\/\/www.optistar.es\/en\/wp-json\/wp\/v2\/product"}],"about":[{"href":"https:\/\/www.optistar.es\/en\/wp-json\/wp\/v2\/types\/product"}],"wp:featuredmedia":[{"embeddable":true,"href":"https:\/\/www.optistar.es\/en\/wp-json\/wp\/v2\/media\/4107"}],"wp:attachment":[{"href":"https:\/\/www.optistar.es\/en\/wp-json\/wp\/v2\/media?parent=4106"}],"wp:term":[{"taxonomy":"product_brand","embeddable":true,"href":"https:\/\/www.optistar.es\/en\/wp-json\/wp\/v2\/product_brand?post=4106"},{"taxonomy":"product_cat","embeddable":true,"href":"https:\/\/www.optistar.es\/en\/wp-json\/wp\/v2\/product_cat?post=4106"},{"taxonomy":"product_tag","embeddable":true,"href":"https:\/\/www.optistar.es\/en\/wp-json\/wp\/v2\/product_tag?post=4106"}],"curies":[{"name":"wp","href":"https:\/\/api.w.org\/{rel}","templated":true}]}}