{"id":4108,"date":"2024-04-19T11:45:21","date_gmt":"2024-04-19T09:45:21","guid":{"rendered":"https:\/\/www.optistar.es\/?post_type=product&#038;p=4108"},"modified":"2025-10-31T17:48:18","modified_gmt":"2025-10-31T16:48:18","slug":"hylo-intense-gotas-oftalmicas","status":"publish","type":"product","link":"https:\/\/www.optistar.es\/en\/product\/hylo-intense-gotas-oftalmicas\/","title":{"rendered":"HYLO\u00ae INTENSE Gotas Oft\u00e1lmicas"},"content":{"rendered":"<button class=\"timify-button\" data-account-id=\"5f58bcb99d3fd111af93bfcd\">MAKE AN APPOINTMENT<\/button>","protected":false},"excerpt":{"rendered":"<ul>\n<li>Alivia los s\u00edntomas de picor, ardor, sensaci\u00f3n de cuerpo extra\u00f1o causados por la enfermedad del Ojo Seco.<\/li>\n<li>La combinaci\u00f3n del hialuronato de sodio y la ecto\u00edna proporciona una lubricaci\u00f3n intensa y duradera de la superficie ocular y protege frente a la evaporaci\u00f3n de la l\u00e1grima<\/li>\n<\/ul>\n<ul>\n<li>El envase COMOD\u00ae contiene 10 ml de soluci\u00f3n, lo que equivale aproximadamente a 300 gotas.<\/li>\n<li><strong>Sin conservantes<\/strong>\u00a0ni fosfatos.<\/li>\n<li>Se puede\u00a0<strong>aplicar hasta 6 meses<\/strong>\u00a0despu\u00e9s de su apertura.<\/li>\n<\/ul>","protected":false},"featured_media":4109,"template":"","meta":{"neve_meta_sidebar":"","neve_meta_container":"","neve_meta_enable_content_width":"off","neve_meta_content_width":100,"neve_meta_title_alignment":"","neve_meta_author_avatar":"","neve_post_elements_order":"","neve_meta_disable_header":"","neve_meta_disable_footer":"","neve_meta_disable_title":"","_themeisle_gutenberg_block_has_review":false,"_joinchat":[]},"product_brand":[],"product_cat":[33],"product_tag":[315,313,314,316],"class_list":{"0":"post-4108","1":"product","2":"type-product","3":"status-publish","4":"has-post-thumbnail","6":"product_cat-salud-ocular","7":"product_tag-lagrima","8":"product_tag-ojo","9":"product_tag-ojo-seco","10":"product_tag-parpados","12":"first","13":"instock","14":"taxable","15":"shipping-taxable","16":"purchasable","17":"product-type-simple"},"_links":{"self":[{"href":"https:\/\/www.optistar.es\/en\/wp-json\/wp\/v2\/product\/4108","targetHints":{"allow":["GET"]}}],"collection":[{"href":"https:\/\/www.optistar.es\/en\/wp-json\/wp\/v2\/product"}],"about":[{"href":"https:\/\/www.optistar.es\/en\/wp-json\/wp\/v2\/types\/product"}],"wp:featuredmedia":[{"embeddable":true,"href":"https:\/\/www.optistar.es\/en\/wp-json\/wp\/v2\/media\/4109"}],"wp:attachment":[{"href":"https:\/\/www.optistar.es\/en\/wp-json\/wp\/v2\/media?parent=4108"}],"wp:term":[{"taxonomy":"product_brand","embeddable":true,"href":"https:\/\/www.optistar.es\/en\/wp-json\/wp\/v2\/product_brand?post=4108"},{"taxonomy":"product_cat","embeddable":true,"href":"https:\/\/www.optistar.es\/en\/wp-json\/wp\/v2\/product_cat?post=4108"},{"taxonomy":"product_tag","embeddable":true,"href":"https:\/\/www.optistar.es\/en\/wp-json\/wp\/v2\/product_tag?post=4108"}],"curies":[{"name":"wp","href":"https:\/\/api.w.org\/{rel}","templated":true}]}}