{"id":4113,"date":"2024-04-19T12:03:35","date_gmt":"2024-04-19T10:03:35","guid":{"rendered":"https:\/\/www.optistar.es\/?post_type=product&#038;p=4113"},"modified":"2025-03-19T12:58:50","modified_gmt":"2025-03-19T11:58:50","slug":"aquaclar-50-tiedra","status":"publish","type":"product","link":"https:\/\/www.optistar.es\/en\/product\/aquaclar-50-tiedra\/","title":{"rendered":"AQUACLAR 50+ TIEDRA"},"content":{"rendered":"<div class=\"elementor-element elementor-element-5af509a elementor-widget elementor-widget-text-editor\" data-id=\"5af509a\" data-element_type=\"widget\" data-widget_type=\"text-editor.default\">\n<div class=\"elementor-widget-container\">\n<p>SOS Moderado<\/p>\n<p>\u2022 Hialuronato de sodio, 0,1%.<br \/>\n\u2022 Con Yoduro de Potasio, cuya acci\u00f3n antioxidante<br \/>\ndisminuye el proceso de envejecimiento ocular1.<br \/>\n\u2022 Recomendable en pacientes con cataratas<br \/>\n(antes, durante y despu\u00e9s).<br \/>\n\u2022 Mejora la nitidez de la visi\u00f3n.<br \/>\n\u2022 Sin conservantes.<\/p>\n<\/div>\n<\/div>\n<div class=\"elementor-element elementor-element-136b5b0 elementor-widget elementor-widget-text-editor\" data-id=\"136b5b0\" data-element_type=\"widget\" data-widget_type=\"text-editor.default\">\n<div class=\"elementor-widget-container\">\n<p>Multidosis 10 ml, Sin conservantes<br \/>\nC.N. 207018.9<\/p>\n<\/div>\n<\/div>\n<button class=\"timify-button\" data-account-id=\"5f58bcb99d3fd111af93bfcd\">MAKE AN APPOINTMENT<\/button>","protected":false},"excerpt":{"rendered":"<div class=\"elementor-column elementor-col-50 elementor-top-column elementor-element elementor-element-10580c animated fadeInLeft\" data-id=\"10580c\" data-element_type=\"column\" data-settings=\"{&quot;animation&quot;:&quot;fadeInLeft&quot;}\">\n<div class=\"elementor-widget-wrap elementor-element-populated\">\n<div class=\"elementor-element elementor-element-327c661 elementor-widget elementor-widget-heading\" data-id=\"327c661\" data-element_type=\"widget\" data-widget_type=\"heading.default\">\n<div class=\"elementor-widget-container\">\n<p class=\"elementor-heading-title elementor-size-default\">La \u00fanica l\u00e1grima con acci\u00f3n antienvejecimiento.<\/p>\n<\/div>\n<\/div>\n<div class=\"elementor-element elementor-element-a3886c7 elementor-widget elementor-widget-heading\" data-id=\"a3886c7\" data-element_type=\"widget\" data-widget_type=\"heading.default\">\n<div class=\"elementor-widget-container\">\n<p class=\"elementor-heading-title elementor-size-default\">\u2022 Acci\u00f3n preventiva de la formaci\u00f3n de opacidades.<br \/>\n\u2022 Formulaci\u00f3n concebida para personas de m\u00e1s de 50 a\u00f1os.<\/p>\n<\/div>\n<\/div>\n<\/div>\n<\/div>\n<div class=\"elementor-column elementor-col-50 elementor-top-column elementor-element elementor-element-77e435ff\" data-id=\"77e435ff\" data-element_type=\"column\">\n<div class=\"elementor-widget-wrap elementor-element-populated\">\n<div class=\"elementor-element elementor-element-750e4d93 elementor-widget elementor-widget-image\" data-id=\"750e4d93\" data-element_type=\"widget\" data-widget_type=\"image.default\">\n<div class=\"elementor-widget-container\"><\/div>\n<\/div>\n<div class=\"elementor-element elementor-element-2a2cc16 elementor-widget elementor-widget-image\" data-id=\"2a2cc16\" data-element_type=\"widget\" data-widget_type=\"image.default\"><\/div>\n<\/div>\n<\/div>","protected":false},"featured_media":4116,"template":"","meta":{"neve_meta_sidebar":"","neve_meta_container":"","neve_meta_enable_content_width":"off","neve_meta_content_width":100,"neve_meta_title_alignment":"","neve_meta_author_avatar":"","neve_post_elements_order":"","neve_meta_disable_header":"","neve_meta_disable_footer":"","neve_meta_disable_title":"","_themeisle_gutenberg_block_has_review":false,"_joinchat":[]},"product_brand":[],"product_cat":[33],"product_tag":[320,315,319,313,314],"class_list":{"0":"post-4113","1":"product","2":"type-product","3":"status-publish","4":"has-post-thumbnail","6":"product_cat-salud-ocular","7":"product_tag-catarata","8":"product_tag-lagrima","9":"product_tag-lentillas","10":"product_tag-ojo","11":"product_tag-ojo-seco","13":"first","14":"onbackorder","15":"taxable","16":"shipping-taxable","17":"purchasable","18":"product-type-simple"},"_links":{"self":[{"href":"https:\/\/www.optistar.es\/en\/wp-json\/wp\/v2\/product\/4113","targetHints":{"allow":["GET"]}}],"collection":[{"href":"https:\/\/www.optistar.es\/en\/wp-json\/wp\/v2\/product"}],"about":[{"href":"https:\/\/www.optistar.es\/en\/wp-json\/wp\/v2\/types\/product"}],"wp:featuredmedia":[{"embeddable":true,"href":"https:\/\/www.optistar.es\/en\/wp-json\/wp\/v2\/media\/4116"}],"wp:attachment":[{"href":"https:\/\/www.optistar.es\/en\/wp-json\/wp\/v2\/media?parent=4113"}],"wp:term":[{"taxonomy":"product_brand","embeddable":true,"href":"https:\/\/www.optistar.es\/en\/wp-json\/wp\/v2\/product_brand?post=4113"},{"taxonomy":"product_cat","embeddable":true,"href":"https:\/\/www.optistar.es\/en\/wp-json\/wp\/v2\/product_cat?post=4113"},{"taxonomy":"product_tag","embeddable":true,"href":"https:\/\/www.optistar.es\/en\/wp-json\/wp\/v2\/product_tag?post=4113"}],"curies":[{"name":"wp","href":"https:\/\/api.w.org\/{rel}","templated":true}]}}