{"id":4293,"date":"2024-11-07T12:19:56","date_gmt":"2024-11-07T11:19:56","guid":{"rendered":"https:\/\/www.optistar.es\/?post_type=product&#038;p=4293"},"modified":"2024-11-07T12:19:56","modified_gmt":"2024-11-07T11:19:56","slug":"oneill-9022","status":"publish","type":"product","link":"https:\/\/www.optistar.es\/en\/product\/oneill-9022\/","title":{"rendered":"O\u00b4Neill 9022"},"content":{"rendered":"<p>Las gafas de sol protegen los ojos de los rayos UV, a la vez que son un elegante accesorio de verano. Las gafas polarizadas eliminan los reflejos del sol de las superficies mojadas como la carretera, despu\u00e9s lluvia, o hielo. Apreciar\u00e1s estas gafas polarizadas al manejar, remar, pescar, o patinar sobre hielo. Estas gafas para conducir cuentan con una tecnolog\u00eda de polarizaci\u00f3n especial, que elimina eficazmente los reflejos de la carretera en el parabrisas delantero en condiciones de lluvia. El uso de estas gafas puede hacer que tu viaje sea m\u00e1s seguro y c\u00f3modo. Las monturas son fabricadas principalmente con pl\u00e1stico endurecido extra duradero. Gafas con cristales del 100% de protecci\u00f3n ocular contra los rayos UVA y UVB inferiores a 400 nan\u00f3metros. Cristal con un filtro oscuro, para proteger tus ojos en la luz solar intensa tanto en la playa como en la ciudad (las gafas dejan pasar entre el 8 y el 18% de la luz solar). Recibir\u00e1s tus gafas protegidas, y en su estuche original Estas gafas fueron perfectamente dise\u00f1adas para mejorar todas tus actividades al aire libre. Tanto si eres un corredor, como si juegas al tenis, voleibol de playa, remo o escalada, apreciar\u00e1s estas gafas debido a que te proteger\u00e1n del sol deslumbrante o el viento persistente. Estas gafas deportivas de uso cotidiano proteger\u00e1n tus ojos de los da\u00f1inos rayos UV, as\u00ed como de las part\u00edculas de polvo o arena, o de las peque\u00f1as ramas de los \u00e1rboles que, de alguna manera, siempre se las arreglan para golpear tu cara cuando corres por el bosque. Las gafas polarizadas tambi\u00e9n disminuyen eficazmente cualquier resplandor deslumbrante del sol que se refleja en el agua. Aseg\u00farate de poder disfrutar al m\u00e1ximo de tu actividad al aire libre, con un par de nuestras gafas deportivas. Las gafas tienen un acabado opaco.<\/p>\n<button class=\"timify-button\" data-account-id=\"5f58bcb99d3fd111af93bfcd\">MAKE AN APPOINTMENT<\/button>","protected":false},"excerpt":{"rendered":"<h3>O&#8217;Neill<\/h3>\n<p>Esta marca fue fundada originalmente como una marca que fabrica tablas de surf y equipamiento para este deporte. Uno de esos accesorios son las gafas, que se caracterizan por dise\u00f1os casuales y relajados. En resumen, O&#8217;Neill sigue siendo una marca para personas geniales y de esp\u00edritu libre.<\/p>","protected":false},"featured_media":4294,"template":"","meta":{"neve_meta_sidebar":"","neve_meta_container":"","neve_meta_enable_content_width":"off","neve_meta_content_width":100,"neve_meta_title_alignment":"","neve_meta_author_avatar":"","neve_post_elements_order":"","neve_meta_disable_header":"","neve_meta_disable_footer":"","neve_meta_disable_title":"","_themeisle_gutenberg_block_has_review":false,"_joinchat":[]},"product_brand":[],"product_cat":[28,25,258],"product_tag":[],"class_list":{"0":"post-4293","1":"product","2":"type-product","3":"status-publish","4":"has-post-thumbnail","6":"product_cat-hombre","7":"product_cat-gafas","8":"product_cat-sol-hombre","10":"first","11":"instock","12":"taxable","13":"shipping-taxable","14":"purchasable","15":"product-type-simple"},"_links":{"self":[{"href":"https:\/\/www.optistar.es\/en\/wp-json\/wp\/v2\/product\/4293","targetHints":{"allow":["GET"]}}],"collection":[{"href":"https:\/\/www.optistar.es\/en\/wp-json\/wp\/v2\/product"}],"about":[{"href":"https:\/\/www.optistar.es\/en\/wp-json\/wp\/v2\/types\/product"}],"wp:featuredmedia":[{"embeddable":true,"href":"https:\/\/www.optistar.es\/en\/wp-json\/wp\/v2\/media\/4294"}],"wp:attachment":[{"href":"https:\/\/www.optistar.es\/en\/wp-json\/wp\/v2\/media?parent=4293"}],"wp:term":[{"taxonomy":"product_brand","embeddable":true,"href":"https:\/\/www.optistar.es\/en\/wp-json\/wp\/v2\/product_brand?post=4293"},{"taxonomy":"product_cat","embeddable":true,"href":"https:\/\/www.optistar.es\/en\/wp-json\/wp\/v2\/product_cat?post=4293"},{"taxonomy":"product_tag","embeddable":true,"href":"https:\/\/www.optistar.es\/en\/wp-json\/wp\/v2\/product_tag?post=4293"}],"curies":[{"name":"wp","href":"https:\/\/api.w.org\/{rel}","templated":true}]}}