{"id":4299,"date":"2024-11-07T12:43:25","date_gmt":"2024-11-07T11:43:25","guid":{"rendered":"https:\/\/www.optistar.es\/?post_type=product&#038;p=4299"},"modified":"2024-11-07T12:43:26","modified_gmt":"2024-11-07T11:43:26","slug":"oneill-9025-70","status":"publish","type":"product","link":"https:\/\/www.optistar.es\/en\/product\/oneill-9025-70\/","title":{"rendered":"O\u00b4Neill 9025 70"},"content":{"rendered":"<p>La forma de esta montura es cuadrada, funciona perfectamente para aquellos con rostros de diamante, ovaladas y redondeadas. La montura es transparente, lo que es una tendencia de moda y se adapta con cualquier tipo de piel y vestimenta. El color de montura es gris, que se adapta a la mayor\u00eda de los estilos, peinados y tonos de piel. El color del cristal es verde, lo que reduce el brillo y es ideal para todas las actividades al aire libre. A estas gafas de sol se les ha a\u00f1adido la polarizaci\u00f3n. Los cristales polarizados contienen un filtro especial que bloquea la luz reflejada intensa, lo que, en efecto, reduce el resplandor y a\u00f1ade m\u00e1s protecci\u00f3n a sus ojos. Estas gafas son adecuadas para conducir. Est\u00e1n equipadas con un filtro polarizado, que reduce la reflexi\u00f3n de la luz. El material est\u00e1 elaborado principalmente de pl\u00e1stico ligero y duradero. Son las gafas de sol, ideales para practicar deportes o actividades al aire libre. Estas monturas tienen un elegante acabado mate.<\/p>\n<button class=\"timify-button\" data-account-id=\"5f58bcb99d3fd111af93bfcd\">MAKE AN APPOINTMENT<\/button>","protected":false},"excerpt":{"rendered":"<p><b>O&#8217;Neill<\/b>\u00a0es una marca americana que originalmente se especializ\u00f3 en tablas de surf, y su colecci\u00f3n de gafas refleja esas vibraciones de la playa. Los acentos de colores atrevidos impregnan sus dise\u00f1os para evocar las puestas de sol en la playa y presentan detalles sutiles y un ajuste elegante.<\/p>","protected":false},"featured_media":4300,"template":"","meta":{"neve_meta_sidebar":"","neve_meta_container":"","neve_meta_enable_content_width":"off","neve_meta_content_width":100,"neve_meta_title_alignment":"","neve_meta_author_avatar":"","neve_post_elements_order":"","neve_meta_disable_header":"","neve_meta_disable_footer":"","neve_meta_disable_title":"","_themeisle_gutenberg_block_has_review":false,"_joinchat":[]},"product_brand":[],"product_cat":[28,25,258],"product_tag":[],"class_list":{"0":"post-4299","1":"product","2":"type-product","3":"status-publish","4":"has-post-thumbnail","6":"product_cat-hombre","7":"product_cat-gafas","8":"product_cat-sol-hombre","10":"first","11":"instock","12":"taxable","13":"shipping-taxable","14":"purchasable","15":"product-type-simple"},"_links":{"self":[{"href":"https:\/\/www.optistar.es\/en\/wp-json\/wp\/v2\/product\/4299","targetHints":{"allow":["GET"]}}],"collection":[{"href":"https:\/\/www.optistar.es\/en\/wp-json\/wp\/v2\/product"}],"about":[{"href":"https:\/\/www.optistar.es\/en\/wp-json\/wp\/v2\/types\/product"}],"wp:featuredmedia":[{"embeddable":true,"href":"https:\/\/www.optistar.es\/en\/wp-json\/wp\/v2\/media\/4300"}],"wp:attachment":[{"href":"https:\/\/www.optistar.es\/en\/wp-json\/wp\/v2\/media?parent=4299"}],"wp:term":[{"taxonomy":"product_brand","embeddable":true,"href":"https:\/\/www.optistar.es\/en\/wp-json\/wp\/v2\/product_brand?post=4299"},{"taxonomy":"product_cat","embeddable":true,"href":"https:\/\/www.optistar.es\/en\/wp-json\/wp\/v2\/product_cat?post=4299"},{"taxonomy":"product_tag","embeddable":true,"href":"https:\/\/www.optistar.es\/en\/wp-json\/wp\/v2\/product_tag?post=4299"}],"curies":[{"name":"wp","href":"https:\/\/api.w.org\/{rel}","templated":true}]}}