{"id":4449,"date":"2025-01-27T19:05:40","date_gmt":"2025-01-27T18:05:40","guid":{"rendered":"https:\/\/www.optistar.es\/?post_type=product&#038;p=4449"},"modified":"2025-03-24T12:48:27","modified_gmt":"2025-03-24T11:48:27","slug":"zoco-anise-gror","status":"publish","type":"product","link":"https:\/\/www.optistar.es\/en\/product\/zoco-anise-gror\/","title":{"rendered":"ZOCO ANISE GROR"},"content":{"rendered":"<button class=\"timify-button\" data-account-id=\"5f58bcb99d3fd111af93bfcd\">MAKE AN APPOINTMENT<\/button>","protected":false},"excerpt":{"rendered":"<p>Llevar las gafas de sol estilo &#8216;cat eye&#8217;\u00a0<strong>ANISE GROR<\/strong>\u00a0es toda una declaraci\u00f3n de intenciones: desprenden personalidad y estilo. Su contraste de colores no pasa inadvertido y combina a la perfecci\u00f3n con el toque cl\u00e1sico de sus varillas carey.<\/p>\n<p>Dise\u00f1adas en Andaluc\u00eda por \u00f3pticos. Fabricadas en acetato, son ligeras y rotundas a la vez. Incluyen funda y gamuza.<\/p>\n<p><strong>Lentes:<\/strong><\/p>\n<ul>\n<li>Color: Marr\u00f3n Degradado<\/li>\n<li>Categor\u00eda de filtro solar 3<\/li>\n<li>Graduables<\/li>\n<\/ul>","protected":false},"featured_media":4450,"template":"","meta":{"neve_meta_sidebar":"","neve_meta_container":"","neve_meta_enable_content_width":"off","neve_meta_content_width":100,"neve_meta_title_alignment":"","neve_meta_author_avatar":"","neve_post_elements_order":"","neve_meta_disable_header":"","neve_meta_disable_footer":"","neve_meta_disable_title":"","_themeisle_gutenberg_block_has_review":false,"_joinchat":[]},"product_brand":[],"product_cat":[25,257],"product_tag":[],"class_list":{"0":"post-4449","1":"product","2":"type-product","3":"status-publish","4":"has-post-thumbnail","6":"product_cat-gafas","7":"product_cat-sol","9":"first","10":"onbackorder","11":"taxable","12":"shipping-taxable","13":"purchasable","14":"product-type-simple"},"_links":{"self":[{"href":"https:\/\/www.optistar.es\/en\/wp-json\/wp\/v2\/product\/4449","targetHints":{"allow":["GET"]}}],"collection":[{"href":"https:\/\/www.optistar.es\/en\/wp-json\/wp\/v2\/product"}],"about":[{"href":"https:\/\/www.optistar.es\/en\/wp-json\/wp\/v2\/types\/product"}],"wp:featuredmedia":[{"embeddable":true,"href":"https:\/\/www.optistar.es\/en\/wp-json\/wp\/v2\/media\/4450"}],"wp:attachment":[{"href":"https:\/\/www.optistar.es\/en\/wp-json\/wp\/v2\/media?parent=4449"}],"wp:term":[{"taxonomy":"product_brand","embeddable":true,"href":"https:\/\/www.optistar.es\/en\/wp-json\/wp\/v2\/product_brand?post=4449"},{"taxonomy":"product_cat","embeddable":true,"href":"https:\/\/www.optistar.es\/en\/wp-json\/wp\/v2\/product_cat?post=4449"},{"taxonomy":"product_tag","embeddable":true,"href":"https:\/\/www.optistar.es\/en\/wp-json\/wp\/v2\/product_tag?post=4449"}],"curies":[{"name":"wp","href":"https:\/\/api.w.org\/{rel}","templated":true}]}}