{"id":4455,"date":"2025-01-27T19:11:25","date_gmt":"2025-01-27T18:11:25","guid":{"rendered":"https:\/\/www.optistar.es\/?post_type=product&#038;p=4455"},"modified":"2025-03-24T12:48:27","modified_gmt":"2025-03-24T11:48:27","slug":"zoco-lavender-bkyl","status":"publish","type":"product","link":"https:\/\/www.optistar.es\/en\/product\/zoco-lavender-bkyl\/","title":{"rendered":"ZOCO LAVENDER BKYL"},"content":{"rendered":"<button class=\"timify-button\" data-account-id=\"5f58bcb99d3fd111af93bfcd\">MAKE AN APPOINTMENT<\/button>","protected":false},"excerpt":{"rendered":"<p>El modelo\u00a0<strong>LAVENDER<\/strong>\u00a0le da ese toque geom\u00e9trico a tu mirada gracias a sus tonos chispeantes.<\/p>\n<p>Son ideales para quienes buscan transmitir car\u00e1cter y personalidad, sin renunciar a la delicadeza y a la dulzura.<\/p>\n<p>Dise\u00f1adas en Andaluc\u00eda por \u00f3pticos. Fabricadas en acetato, son ligeras y firmes. Incluyen funda y gamuza.<\/p>\n<p>Lentes:<\/p>\n<ul>\n<li>Color: Gris Degradado<\/li>\n<li>Categor\u00eda de filtro solar 3<\/li>\n<li>Graduables<\/li>\n<\/ul>","protected":false},"featured_media":4458,"template":"","meta":{"neve_meta_sidebar":"","neve_meta_container":"","neve_meta_enable_content_width":"off","neve_meta_content_width":100,"neve_meta_title_alignment":"","neve_meta_author_avatar":"","neve_post_elements_order":"","neve_meta_disable_header":"","neve_meta_disable_footer":"","neve_meta_disable_title":"","_themeisle_gutenberg_block_has_review":false,"_joinchat":[]},"product_brand":[],"product_cat":[25,29,257],"product_tag":[],"class_list":{"0":"post-4455","1":"product","2":"type-product","3":"status-publish","4":"has-post-thumbnail","6":"product_cat-gafas","7":"product_cat-mujer","8":"product_cat-sol","10":"first","11":"instock","12":"taxable","13":"shipping-taxable","14":"purchasable","15":"product-type-simple"},"_links":{"self":[{"href":"https:\/\/www.optistar.es\/en\/wp-json\/wp\/v2\/product\/4455","targetHints":{"allow":["GET"]}}],"collection":[{"href":"https:\/\/www.optistar.es\/en\/wp-json\/wp\/v2\/product"}],"about":[{"href":"https:\/\/www.optistar.es\/en\/wp-json\/wp\/v2\/types\/product"}],"wp:featuredmedia":[{"embeddable":true,"href":"https:\/\/www.optistar.es\/en\/wp-json\/wp\/v2\/media\/4458"}],"wp:attachment":[{"href":"https:\/\/www.optistar.es\/en\/wp-json\/wp\/v2\/media?parent=4455"}],"wp:term":[{"taxonomy":"product_brand","embeddable":true,"href":"https:\/\/www.optistar.es\/en\/wp-json\/wp\/v2\/product_brand?post=4455"},{"taxonomy":"product_cat","embeddable":true,"href":"https:\/\/www.optistar.es\/en\/wp-json\/wp\/v2\/product_cat?post=4455"},{"taxonomy":"product_tag","embeddable":true,"href":"https:\/\/www.optistar.es\/en\/wp-json\/wp\/v2\/product_tag?post=4455"}],"curies":[{"name":"wp","href":"https:\/\/api.w.org\/{rel}","templated":true}]}}