{"id":4486,"date":"2025-01-27T19:36:43","date_gmt":"2025-01-27T18:36:43","guid":{"rendered":"https:\/\/www.optistar.es\/?post_type=product&#038;p=4486"},"modified":"2025-03-24T12:48:26","modified_gmt":"2025-03-24T11:48:26","slug":"zoco-allspice-prhv","status":"publish","type":"product","link":"https:\/\/www.optistar.es\/en\/product\/zoco-allspice-prhv\/","title":{"rendered":"ZOCO ALLSPICE PRHV"},"content":{"rendered":"<button class=\"timify-button\" data-account-id=\"5f58bcb99d3fd111af93bfcd\">MAKE AN APPOINTMENT<\/button>","protected":false},"excerpt":{"rendered":"<p>Con un dise\u00f1o cuidado al detalle, las<b>\u00a0ALLSPICE<\/b>\u00a0son gafas de sol donde la combinaci\u00f3n de diferentes laminaciones en su esquina frontal har\u00e1 de este complemento un im\u00e1n de miradas.<\/p>\n<p>Dise\u00f1adas en Andaluc\u00eda por \u00f3pticos. Fabricadas en acetato, son ligeras y sorprendentes. Incluyen funda y gamuza.<\/p>\n<p><strong>Lentes:<\/strong><\/p>\n<ul>\n<li>Color: Marr\u00f3n Degradado<\/li>\n<li>Categor\u00eda de filtro solar 3<\/li>\n<li>Graduables<\/li>\n<\/ul>","protected":false},"featured_media":4487,"template":"","meta":{"neve_meta_sidebar":"","neve_meta_container":"","neve_meta_enable_content_width":"off","neve_meta_content_width":100,"neve_meta_title_alignment":"","neve_meta_author_avatar":"","neve_post_elements_order":"","neve_meta_disable_header":"","neve_meta_disable_footer":"","neve_meta_disable_title":"","_themeisle_gutenberg_block_has_review":false,"_joinchat":[]},"product_brand":[],"product_cat":[25,29,257],"product_tag":[],"class_list":{"0":"post-4486","1":"product","2":"type-product","3":"status-publish","4":"has-post-thumbnail","6":"product_cat-gafas","7":"product_cat-mujer","8":"product_cat-sol","10":"first","11":"instock","12":"taxable","13":"shipping-taxable","14":"purchasable","15":"product-type-simple"},"_links":{"self":[{"href":"https:\/\/www.optistar.es\/en\/wp-json\/wp\/v2\/product\/4486","targetHints":{"allow":["GET"]}}],"collection":[{"href":"https:\/\/www.optistar.es\/en\/wp-json\/wp\/v2\/product"}],"about":[{"href":"https:\/\/www.optistar.es\/en\/wp-json\/wp\/v2\/types\/product"}],"wp:featuredmedia":[{"embeddable":true,"href":"https:\/\/www.optistar.es\/en\/wp-json\/wp\/v2\/media\/4487"}],"wp:attachment":[{"href":"https:\/\/www.optistar.es\/en\/wp-json\/wp\/v2\/media?parent=4486"}],"wp:term":[{"taxonomy":"product_brand","embeddable":true,"href":"https:\/\/www.optistar.es\/en\/wp-json\/wp\/v2\/product_brand?post=4486"},{"taxonomy":"product_cat","embeddable":true,"href":"https:\/\/www.optistar.es\/en\/wp-json\/wp\/v2\/product_cat?post=4486"},{"taxonomy":"product_tag","embeddable":true,"href":"https:\/\/www.optistar.es\/en\/wp-json\/wp\/v2\/product_tag?post=4486"}],"curies":[{"name":"wp","href":"https:\/\/api.w.org\/{rel}","templated":true}]}}