{"id":4498,"date":"2025-01-28T13:04:23","date_gmt":"2025-01-28T12:04:23","guid":{"rendered":"https:\/\/www.optistar.es\/?post_type=product&#038;p=4498"},"modified":"2025-03-24T12:48:26","modified_gmt":"2025-03-24T11:48:26","slug":"zoco-dill-whbk","status":"publish","type":"product","link":"https:\/\/www.optistar.es\/en\/product\/zoco-dill-whbk\/","title":{"rendered":"ZOCO DILL WHBK"},"content":{"rendered":"<button class=\"timify-button\" data-account-id=\"5f58bcb99d3fd111af93bfcd\">MAKE AN APPOINTMENT<\/button>","protected":false},"excerpt":{"rendered":"<p>Si buscas dejar huella con un look elegante a la par que atrevido, las gafas de sol\u00a0<strong>DILL<\/strong>, con su original forma \u201cbutterfly\u201d y sus calcetines de vivas tonalidades, son para ti.<\/p>\n<p>Dise\u00f1adas en Andaluc\u00eda por \u00f3pticos. Fabricadas en acetato, son ligeras y sorprendentes. Incluyen funda y gamuza.<\/p>","protected":false},"featured_media":4503,"template":"","meta":{"neve_meta_sidebar":"","neve_meta_container":"","neve_meta_enable_content_width":"off","neve_meta_content_width":100,"neve_meta_title_alignment":"","neve_meta_author_avatar":"","neve_post_elements_order":"","neve_meta_disable_header":"","neve_meta_disable_footer":"","neve_meta_disable_title":"","_themeisle_gutenberg_block_has_review":false,"_joinchat":[]},"product_brand":[],"product_cat":[25,29,257],"product_tag":[],"class_list":{"0":"post-4498","1":"product","2":"type-product","3":"status-publish","4":"has-post-thumbnail","6":"product_cat-gafas","7":"product_cat-mujer","8":"product_cat-sol","10":"first","11":"instock","12":"taxable","13":"shipping-taxable","14":"purchasable","15":"product-type-simple"},"_links":{"self":[{"href":"https:\/\/www.optistar.es\/en\/wp-json\/wp\/v2\/product\/4498","targetHints":{"allow":["GET"]}}],"collection":[{"href":"https:\/\/www.optistar.es\/en\/wp-json\/wp\/v2\/product"}],"about":[{"href":"https:\/\/www.optistar.es\/en\/wp-json\/wp\/v2\/types\/product"}],"wp:featuredmedia":[{"embeddable":true,"href":"https:\/\/www.optistar.es\/en\/wp-json\/wp\/v2\/media\/4503"}],"wp:attachment":[{"href":"https:\/\/www.optistar.es\/en\/wp-json\/wp\/v2\/media?parent=4498"}],"wp:term":[{"taxonomy":"product_brand","embeddable":true,"href":"https:\/\/www.optistar.es\/en\/wp-json\/wp\/v2\/product_brand?post=4498"},{"taxonomy":"product_cat","embeddable":true,"href":"https:\/\/www.optistar.es\/en\/wp-json\/wp\/v2\/product_cat?post=4498"},{"taxonomy":"product_tag","embeddable":true,"href":"https:\/\/www.optistar.es\/en\/wp-json\/wp\/v2\/product_tag?post=4498"}],"curies":[{"name":"wp","href":"https:\/\/api.w.org\/{rel}","templated":true}]}}