{"id":4519,"date":"2025-03-11T12:48:40","date_gmt":"2025-03-11T11:48:40","guid":{"rendered":"https:\/\/www.optistar.es\/?post_type=product&#038;p=4519"},"modified":"2026-04-16T18:03:00","modified_gmt":"2026-04-16T16:03:00","slug":"gafa-eclipse-solar","status":"publish","type":"product","link":"https:\/\/www.optistar.es\/en\/product\/gafa-eclipse-solar\/","title":{"rendered":"GAFA ECLIPSE SOLAR"},"content":{"rendered":"<button class=\"timify-button\" data-account-id=\"5f58bcb99d3fd111af93bfcd\">MAKE AN APPOINTMENT<\/button>","protected":false},"excerpt":{"rendered":"<p><strong>Gafas para Ver Eclipses<\/strong>: Observa el pr\u00f3ximo eclipse de forma segura y sin preocupaciones. Fabricadas en cart\u00f3n ligero, con lentes homologadas para protecci\u00f3n solar total. Ideales para una experiencia inolvidable.<\/p>","protected":false},"featured_media":4624,"template":"","meta":{"neve_meta_sidebar":"","neve_meta_container":"","neve_meta_enable_content_width":"off","neve_meta_content_width":100,"neve_meta_title_alignment":"","neve_meta_author_avatar":"","neve_post_elements_order":"","neve_meta_disable_header":"","neve_meta_disable_footer":"","neve_meta_disable_title":"","_themeisle_gutenberg_block_has_review":false,"_joinchat":[]},"product_brand":[],"product_cat":[15,284,269,283,222,116,277,276,28,30,35,34,36,31,207,223,25,29,26,278,32,187,33,257,258],"product_tag":[],"class_list":{"0":"post-4519","1":"product","2":"type-product","3":"status-publish","4":"has-post-thumbnail","6":"product_cat-sincategoria","7":"product_cat-clik-sol","8":"product_cat-control-de-miopia","9":"product_cat-deportiva","10":"product_cat-diarias-lentillas-cosm-fantasia","11":"product_cat-diarias","12":"product_cat-graduado-mujer","13":"product_cat-graduado","14":"product_cat-hombre","15":"product_cat-lentillas","16":"product_cat-lentillas-cosm-color","17":"product_cat-lentillas-cosmeticas","18":"product_cat-lentillas-cosm-fantasia","19":"product_cat-liquidos","20":"product_cat-mensual","21":"product_cat-mensuales","22":"product_cat-gafas","23":"product_cat-mujer","24":"product_cat-nino","25":"product_cat-outlet","26":"product_cat-parches","27":"product_cat-promociones","28":"product_cat-salud-ocular","29":"product_cat-sol","30":"product_cat-sol-hombre","32":"first","33":"instock","34":"taxable","35":"shipping-taxable","36":"purchasable","37":"product-type-simple"},"_links":{"self":[{"href":"https:\/\/www.optistar.es\/en\/wp-json\/wp\/v2\/product\/4519","targetHints":{"allow":["GET"]}}],"collection":[{"href":"https:\/\/www.optistar.es\/en\/wp-json\/wp\/v2\/product"}],"about":[{"href":"https:\/\/www.optistar.es\/en\/wp-json\/wp\/v2\/types\/product"}],"wp:featuredmedia":[{"embeddable":true,"href":"https:\/\/www.optistar.es\/en\/wp-json\/wp\/v2\/media\/4624"}],"wp:attachment":[{"href":"https:\/\/www.optistar.es\/en\/wp-json\/wp\/v2\/media?parent=4519"}],"wp:term":[{"taxonomy":"product_brand","embeddable":true,"href":"https:\/\/www.optistar.es\/en\/wp-json\/wp\/v2\/product_brand?post=4519"},{"taxonomy":"product_cat","embeddable":true,"href":"https:\/\/www.optistar.es\/en\/wp-json\/wp\/v2\/product_cat?post=4519"},{"taxonomy":"product_tag","embeddable":true,"href":"https:\/\/www.optistar.es\/en\/wp-json\/wp\/v2\/product_tag?post=4519"}],"curies":[{"name":"wp","href":"https:\/\/api.w.org\/{rel}","templated":true}]}}