{"id":4524,"date":"2025-03-14T18:28:28","date_gmt":"2025-03-14T17:28:28","guid":{"rendered":"https:\/\/www.optistar.es\/?post_type=product&#038;p=4524"},"modified":"2025-10-29T01:01:25","modified_gmt":"2025-10-29T00:01:25","slug":"ojoscalm-bano-ocular-confort-360-ml","status":"publish","type":"product","link":"https:\/\/www.optistar.es\/en\/product\/ojoscalm-bano-ocular-confort-360-ml\/","title":{"rendered":"OJOSCALM BA\u00d1O OCULAR CONFORT 360 ML"},"content":{"rendered":"<div><span style=\"color: #000000;\"><b>PROPIEDADES<\/b><\/span><\/div>\n<div>Es una soluci\u00f3n est\u00e9ril de Cloruro S\u00f3dico al 0,9% con Hialuronato S\u00f3dico que proporciona alivio y frescor inmediato en el caso de cansancio ocular y enrojecimiento producido\u00a0por sequedad ambiental, utilizaci\u00f3n de lentes de contacto, alergias, enrojecimiento producido por el cloro de las piscinas etc&#8230;<\/div>\n<div><span style=\"color: #000000;\"><b>COMPOSICION<\/b><\/span><\/div>\n<div>Agua purificada, cloruro s\u00f3dico, fosfato dis\u00f3dico, fosfato monos\u00f3dico, \u00e1cido hialur\u00f3nico y polihexametil\u00e9n biguanida 0,0002%<\/div>\n<div><span style=\"color: #000000;\"><b>MODO DE EMPLEO<\/b><\/span><\/div>\n<div>Para el lavado ocular:<\/div>\n<div>1.- L\u00e1vese las manos antes de usar el producto.<\/div>\n<div>2.-LLene la ba\u00f1era ocular con la soluci\u00f3n.<\/div>\n<div>3.-Inclinando ligeramente la cabeza hacia delante, coloque la ba\u00f1era llna sobre el ojo presionando muy suavemente.<\/div>\n<div>4.-Icline ligeramente la cabeza hacia atr\u00e1s hasta que note que el l\u00edquido cubre todo el ojo.<\/div>\n<div>5.- Parpadee cada 5 segundos para favorcer el lavado.<\/div>\n<div>6.-Transcurridos unos 30 segundos incline la cabeza hacia delante y retire la ba\u00f1era ocular.<\/div>\n<div>7.- Seque el p\u00e1rpado y las pesta\u00f1as con una compresa est\u00e9ril.<\/div>\n<div>8.- Realizar el lavado y secado de la ba\u00f1era y realizar el lavado ocular del otro.<\/div>\n<div>Para el lavado de los p\u00e1rpados:<\/div>\n<div>1.- Empape una gasa est\u00e9ril con el l\u00edquido y mantenlo en contacto durante 30 segundos , desplazando suavemente la gasa sobre el p\u00e1rpado y las pesta\u00f1as.<\/div>\n<div><span style=\"color: #000000;\"><b>PRECAUCIONES<\/b><\/span><\/div>\n<div>No utilizar en caso de ser al\u00e9rgico a alguno de sus componentes.<\/div>\n<div>Si es usuario de lentes de contacto, qu\u00edteselas antes de realizar el lavado ocular.<\/div>\n<div>Proteja el producto de la exposici\u00f3n solar y conserve a temperatura ambiente.<\/div>\n<div>Una vez abierto el envase cons\u00famase antes de 30 dias.<\/div>\n<div>Si est\u00e1 utilizando un medicamento para los ojos, respete un intervalo de 20 minutos entre ambas aplicaciones<\/div>\n<div><span style=\"color: #000000;\"><b>PRESENTACI\u00d3N<\/b><\/span><\/div>\n<div>Envase de 360 ML.<\/div>\n<button class=\"timify-button\" data-account-id=\"5f58bcb99d3fd111af93bfcd\">MAKE AN APPOINTMENT<\/button>","protected":false},"excerpt":{"rendered":"<div><span style=\"color: #000000;\"><b>OJOSCALM BA\u00d1O OCULAR CONFORT 360 ML\u00a0<\/b><\/span><span style=\"color: #000000;\">de los laboratorios Tiedra, soluci\u00f3n que\u00a0<\/span><span style=\"color: #000000;\"><b>limpia, alivia y refresca<\/b><\/span><span style=\"color: #000000;\">\u00a0los ojos cansados o irritados, proporcionando una agradable\u00a0<\/span><span style=\"color: #000000;\"><b>sensaci\u00f3n de confort y bienestar ocular.<\/b><\/span><\/div>\n<div><span style=\"color: #000000;\">Incluye ba\u00f1era oft\u00e1lmica.<\/span><\/div>","protected":false},"featured_media":4526,"template":"","meta":{"neve_meta_sidebar":"","neve_meta_container":"","neve_meta_enable_content_width":"off","neve_meta_content_width":100,"neve_meta_title_alignment":"","neve_meta_author_avatar":"","neve_post_elements_order":"","neve_meta_disable_header":"","neve_meta_disable_footer":"","neve_meta_disable_title":"","_themeisle_gutenberg_block_has_review":false,"_joinchat":[]},"product_brand":[],"product_cat":[31],"product_tag":[],"class_list":{"0":"post-4524","1":"product","2":"type-product","3":"status-publish","4":"has-post-thumbnail","6":"product_cat-liquidos","8":"first","9":"instock","10":"taxable","11":"shipping-taxable","12":"purchasable","13":"product-type-simple"},"_links":{"self":[{"href":"https:\/\/www.optistar.es\/en\/wp-json\/wp\/v2\/product\/4524","targetHints":{"allow":["GET"]}}],"collection":[{"href":"https:\/\/www.optistar.es\/en\/wp-json\/wp\/v2\/product"}],"about":[{"href":"https:\/\/www.optistar.es\/en\/wp-json\/wp\/v2\/types\/product"}],"wp:featuredmedia":[{"embeddable":true,"href":"https:\/\/www.optistar.es\/en\/wp-json\/wp\/v2\/media\/4526"}],"wp:attachment":[{"href":"https:\/\/www.optistar.es\/en\/wp-json\/wp\/v2\/media?parent=4524"}],"wp:term":[{"taxonomy":"product_brand","embeddable":true,"href":"https:\/\/www.optistar.es\/en\/wp-json\/wp\/v2\/product_brand?post=4524"},{"taxonomy":"product_cat","embeddable":true,"href":"https:\/\/www.optistar.es\/en\/wp-json\/wp\/v2\/product_cat?post=4524"},{"taxonomy":"product_tag","embeddable":true,"href":"https:\/\/www.optistar.es\/en\/wp-json\/wp\/v2\/product_tag?post=4524"}],"curies":[{"name":"wp","href":"https:\/\/api.w.org\/{rel}","templated":true}]}}