{"id":4528,"date":"2025-03-14T18:50:06","date_gmt":"2025-03-14T17:50:06","guid":{"rendered":"https:\/\/www.optistar.es\/?post_type=product&#038;p=4528"},"modified":"2025-10-31T11:09:43","modified_gmt":"2025-10-31T10:09:43","slug":"biotrueduo","status":"publish","type":"product","link":"https:\/\/www.optistar.es\/en\/product\/biotrueduo\/","title":{"rendered":"Biotrue\u00aeDuo"},"content":{"rendered":"<p><strong>Biotrue\u00ae Duo<\/strong>\u00a0estabiliza la pel\u00edcula lagrimal gracias a la acci\u00f3n conjunta del \u00e1cido hialur\u00f3nico y Ectoin\u00ae. Esta doble acci\u00f3n protege el ojo contra los efectos da\u00f1inos de los al\u00e9rgenos y otros factores externos, adem\u00e1s de contribuir al proceso de regeneraci\u00f3n de la conjuntiva irritada y sensible<\/p>\n<ul>\n<li>Sin conservantes.<\/li>\n<li>Sin limitaci\u00f3n en el tiempo de uso.<\/li>\n<li>Apto para mujeres embarazadas o en lactancia.<\/li>\n<li>Apto para utilizar con lentes de contacto.<\/li>\n<li>Apto para ni\u00f1os.<\/li>\n<\/ul>\n<p>Aplique 1 o 2 gotas en el ojo cuando sea necesario<\/p>\n<button class=\"timify-button\" data-account-id=\"5f58bcb99d3fd111af93bfcd\">MAKE AN APPOINTMENT<\/button>","protected":false},"excerpt":{"rendered":"<p><strong>Nuevo Biotrue<sup>\u00ae<\/sup>\u00a0Duo<\/strong>: soluci\u00f3n oft\u00e1lmica con<strong>\u00a0\u00c1cido Hialur\u00f3nico y Ecto\u00edna<sup>\u00ae<\/sup><\/strong>, una mol\u00e9cula 100% natural que protege las c\u00e9lulas.<\/p>\n<p>Reduce eficazmente los s\u00edntomas como el picor, la irritaci\u00f3n, el enrojecimiento o el lagrimeo, adem\u00e1s la lubricaci\u00f3n aportar\u00e1 alivio a los ojos.<\/p>","protected":false},"featured_media":4529,"template":"","meta":{"neve_meta_sidebar":"","neve_meta_container":"","neve_meta_enable_content_width":"off","neve_meta_content_width":100,"neve_meta_title_alignment":"","neve_meta_author_avatar":"","neve_post_elements_order":"","neve_meta_disable_header":"","neve_meta_disable_footer":"","neve_meta_disable_title":"","_themeisle_gutenberg_block_has_review":false,"_joinchat":[]},"product_brand":[],"product_cat":[31,33],"product_tag":[],"class_list":{"0":"post-4528","1":"product","2":"type-product","3":"status-publish","4":"has-post-thumbnail","6":"product_cat-liquidos","7":"product_cat-salud-ocular","9":"first","10":"instock","11":"taxable","12":"shipping-taxable","13":"purchasable","14":"product-type-simple"},"_links":{"self":[{"href":"https:\/\/www.optistar.es\/en\/wp-json\/wp\/v2\/product\/4528","targetHints":{"allow":["GET"]}}],"collection":[{"href":"https:\/\/www.optistar.es\/en\/wp-json\/wp\/v2\/product"}],"about":[{"href":"https:\/\/www.optistar.es\/en\/wp-json\/wp\/v2\/types\/product"}],"wp:featuredmedia":[{"embeddable":true,"href":"https:\/\/www.optistar.es\/en\/wp-json\/wp\/v2\/media\/4529"}],"wp:attachment":[{"href":"https:\/\/www.optistar.es\/en\/wp-json\/wp\/v2\/media?parent=4528"}],"wp:term":[{"taxonomy":"product_brand","embeddable":true,"href":"https:\/\/www.optistar.es\/en\/wp-json\/wp\/v2\/product_brand?post=4528"},{"taxonomy":"product_cat","embeddable":true,"href":"https:\/\/www.optistar.es\/en\/wp-json\/wp\/v2\/product_cat?post=4528"},{"taxonomy":"product_tag","embeddable":true,"href":"https:\/\/www.optistar.es\/en\/wp-json\/wp\/v2\/product_tag?post=4528"}],"curies":[{"name":"wp","href":"https:\/\/api.w.org\/{rel}","templated":true}]}}