{"id":4531,"date":"2025-03-14T18:58:31","date_gmt":"2025-03-14T17:58:31","guid":{"rendered":"https:\/\/www.optistar.es\/?post_type=product&#038;p=4531"},"modified":"2025-10-27T05:21:08","modified_gmt":"2025-10-27T04:21:08","slug":"concare-hy-lub","status":"publish","type":"product","link":"https:\/\/www.optistar.es\/en\/product\/concare-hy-lub\/","title":{"rendered":"CONCARE HY-LUB"},"content":{"rendered":"<p>Concare HY-LUB es un nuevo lubricante ocular que presenta una mayor permanencia y distribuci\u00f3n sobre la superficie ocular. Su contenido de \u00e1cido hialur\u00f3nico de muy alto peso molecular al 0.15%, le confiere una viscoelasticidad \u00f3ptima. As\u00ed, conseguimos una mayor permanencia de lubricante en el ojo y una distribuci\u00f3n homog\u00e9nea sobre toda la superficie ocular. En consecuencia, es adecuado para todo tipo de lentes de contacto y ayuda a mejorar la sintomatolog\u00eda de la sequedad y cansancio ocular.<\/p>\n<p>Se trata de una soluci\u00f3n multidosis sin conservantes. Esto es posible gracias al sistema OSD, que a\u00edsla el contenido de la contaminaci\u00f3n microbiol\u00f3gica exterior.<br \/>\nConcare HY-LUB tambi\u00e9n ofrece alivio a aquellos usuarios que no utilizan lentes de contacto. En trabajos con larga exposici\u00f3n a pantallas, parpadeo incompleto, aire acondicionado o ambientes que provoquen sequedad ocular, Concare HY-LUB proporciona una hidrataci\u00f3n prolongada sin conservantes.<\/p>\n<button class=\"timify-button\" data-account-id=\"5f58bcb99d3fd111af93bfcd\">MAKE AN APPOINTMENT<\/button>","protected":false},"excerpt":{"rendered":"<p>Frasco de 10ml de gotas oculares humectantes con 0,15% de hialuronato de sodio\u00a0<b>sin conservantes<\/b>\u00a0para aliviar los s\u00edntomas de sequedad, estr\u00e9s y cansacio ocular.<\/p>","protected":false},"featured_media":4532,"template":"","meta":{"neve_meta_sidebar":"","neve_meta_container":"","neve_meta_enable_content_width":"off","neve_meta_content_width":100,"neve_meta_title_alignment":"","neve_meta_author_avatar":"","neve_post_elements_order":"","neve_meta_disable_header":"","neve_meta_disable_footer":"","neve_meta_disable_title":"","_themeisle_gutenberg_block_has_review":false,"_joinchat":[]},"product_brand":[],"product_cat":[31,33],"product_tag":[],"class_list":{"0":"post-4531","1":"product","2":"type-product","3":"status-publish","4":"has-post-thumbnail","6":"product_cat-liquidos","7":"product_cat-salud-ocular","9":"first","10":"instock","11":"taxable","12":"shipping-taxable","13":"purchasable","14":"product-type-simple"},"_links":{"self":[{"href":"https:\/\/www.optistar.es\/en\/wp-json\/wp\/v2\/product\/4531","targetHints":{"allow":["GET"]}}],"collection":[{"href":"https:\/\/www.optistar.es\/en\/wp-json\/wp\/v2\/product"}],"about":[{"href":"https:\/\/www.optistar.es\/en\/wp-json\/wp\/v2\/types\/product"}],"wp:featuredmedia":[{"embeddable":true,"href":"https:\/\/www.optistar.es\/en\/wp-json\/wp\/v2\/media\/4532"}],"wp:attachment":[{"href":"https:\/\/www.optistar.es\/en\/wp-json\/wp\/v2\/media?parent=4531"}],"wp:term":[{"taxonomy":"product_brand","embeddable":true,"href":"https:\/\/www.optistar.es\/en\/wp-json\/wp\/v2\/product_brand?post=4531"},{"taxonomy":"product_cat","embeddable":true,"href":"https:\/\/www.optistar.es\/en\/wp-json\/wp\/v2\/product_cat?post=4531"},{"taxonomy":"product_tag","embeddable":true,"href":"https:\/\/www.optistar.es\/en\/wp-json\/wp\/v2\/product_tag?post=4531"}],"curies":[{"name":"wp","href":"https:\/\/api.w.org\/{rel}","templated":true}]}}